{"id":3998,"date":"2025-01-08T12:53:06","date_gmt":"2025-01-08T11:53:06","guid":{"rendered":"https:\/\/www.anecom.de\/unsere-services\/specialists-tooling-and-handling-equipment\/"},"modified":"2025-05-20T13:15:42","modified_gmt":"2025-05-20T11:15:42","slug":"spezielles-tooling-und-handling-equipment","status":"publish","type":"page","link":"https:\/\/www.anecom.de\/de\/unsere-services\/spezielles-tooling-und-handling-equipment\/","title":{"rendered":"Spezielles Tooling- und Handling-Equipment"},"content":{"rendered":"\t\t<div data-elementor-type=\"wp-page\" data-elementor-id=\"3998\" class=\"elementor elementor-3998 elementor-136\" data-elementor-post-type=\"page\">\n\t\t\t\t<div class=\"elementor-element elementor-element-225abe58 hero-header e-flex e-con-boxed e-con e-parent\" data-id=\"225abe58\" data-element_type=\"container\" data-e-type=\"container\" data-settings=\"{&quot;background_background&quot;:&quot;classic&quot;}\">\n\t\t\t\t\t<div class=\"e-con-inner\">\n\t\t\t\t\t<\/div>\n\t\t\t\t<\/div>\n\t\t<div class=\"elementor-element elementor-element-53084fe7 e-flex e-con-boxed e-con e-parent\" data-id=\"53084fe7\" data-element_type=\"container\" data-e-type=\"container\">\n\t\t\t\t\t<div class=\"e-con-inner\">\n\t\t<div class=\"elementor-element elementor-element-606c3cd7 e-con-full e-flex e-con e-child\" data-id=\"606c3cd7\" data-element_type=\"container\" data-e-type=\"container\" data-settings=\"{&quot;background_background&quot;:&quot;classic&quot;}\">\n\t\t\t\t<div class=\"elementor-element elementor-element-53f1d006 elementor-align-left elementor-widget elementor-widget-breadcrumbs\" data-id=\"53f1d006\" data-element_type=\"widget\" data-e-type=\"widget\" data-widget_type=\"breadcrumbs.default\">\n\t\t\t\t<div class=\"elementor-widget-container\">\n\t\t\t\t\t<p id=\"breadcrumbs\"><span><span><a href=\"https:\/\/www.anecom.de\/de\/\">Home<\/a><\/span><\/span><\/p>\t\t\t\t<\/div>\n\t\t\t\t<\/div>\n\t\t\t\t<div class=\"elementor-element elementor-element-1fe54605 elementor-widget elementor-widget-heading\" data-id=\"1fe54605\" data-element_type=\"widget\" data-e-type=\"widget\" data-widget_type=\"heading.default\">\n\t\t\t\t<div class=\"elementor-widget-container\">\n\t\t\t\t\t<h1 class=\"elementor-heading-title elementor-size-default\">Spezielles Tooling- und Handling-Equipment<\/h1>\t\t\t\t<\/div>\n\t\t\t\t<\/div>\n\t\t\t\t<div class=\"elementor-element elementor-element-3b434eba elementor-widget elementor-widget-text-editor\" data-id=\"3b434eba\" data-element_type=\"widget\" data-e-type=\"widget\" data-widget_type=\"text-editor.default\">\n\t\t\t\t<div class=\"elementor-widget-container\">\n\t\t\t\t\t\t\t\t\t<p>Wir bieten die Konstruktion von speziellen Tooling- und Handling -Equipment als integralen Bestandteil des \u201eRig Design &amp; Make\u201c-Leistungsumfangs oder als individuelles Support-Paket f\u00fcr Versuchstr\u00e4ger in der Testeinrichtung unserer Kunden an. Dabei setzen wir auf bew\u00e4hrte firmeneigenen Designstandards und Richtlinien und passen uns bei Bedarf flexibel an die kundenspezifischen Anforderungen an.<\/p>\t\t\t\t\t\t\t\t<\/div>\n\t\t\t\t<\/div>\n\t\t<div class=\"elementor-element elementor-element-31fe6924 e-con-full e-flex e-con e-child\" data-id=\"31fe6924\" data-element_type=\"container\" data-e-type=\"container\">\n\t\t<div class=\"elementor-element elementor-element-5d5caf6d e-con-full e-flex e-con e-child\" data-id=\"5d5caf6d\" data-element_type=\"container\" data-e-type=\"container\">\n\t\t\t\t<div class=\"elementor-element elementor-element-288e1159 elementor-widget elementor-widget-text-editor\" data-id=\"288e1159\" data-element_type=\"widget\" data-e-type=\"widget\" data-widget_type=\"text-editor.default\">\n\t\t\t\t<div class=\"elementor-widget-container\">\n\t\t\t\t\t\t\t\t\t<ul><li>SPTE (Special to Test Equipment) Design-Beratung<\/li><li>SPTE Design-Konzepte und -Optionen<\/li><li>SPTE Design im Detail<\/li><li>Komponentendefinitionen, Tooling-Schemata, Montageanweisungen, Design-Reports<\/li><li>Fertigung und Montage von SPTE-Hardware<ul><li>z. B. Pr\u00fcf-, Bau- und Transportst\u00e4nde, Servicelinien, Montagewerkzeuge, Hebevorrichtungen.<\/li><\/ul><\/li><\/ul>\t\t\t\t\t\t\t\t<\/div>\n\t\t\t\t<\/div>\n\t\t\t\t<\/div>\n\t\t\t\t<\/div>\n\t\t\t\t<\/div>\n\t\t\t\t\t<\/div>\n\t\t\t\t<\/div>\n\t\t<div class=\"elementor-element elementor-element-5ff937e4 e-flex e-con-boxed e-con e-parent\" data-id=\"5ff937e4\" data-element_type=\"container\" data-e-type=\"container\">\n\t\t\t\t\t<div class=\"e-con-inner\">\n\t\t\t\t<div class=\"elementor-element elementor-element-40e67474 elementor-widget elementor-widget-heading\" data-id=\"40e67474\" data-element_type=\"widget\" data-e-type=\"widget\" data-widget_type=\"heading.default\">\n\t\t\t\t<div class=\"elementor-widget-container\">\n\t\t\t\t\t<h2 class=\"elementor-heading-title elementor-size-default\">Unsere F\u00e4higkeiten<\/h2>\t\t\t\t<\/div>\n\t\t\t\t<\/div>\n\t\t<div class=\"elementor-element elementor-element-66a5eb31 e-grid e-con-full e-con e-child\" data-id=\"66a5eb31\" data-element_type=\"container\" data-e-type=\"container\">\n\t\t\t\t<div class=\"elementor-element elementor-element-6d552a41 elementor-widget elementor-widget-image\" data-id=\"6d552a41\" data-element_type=\"widget\" data-e-type=\"widget\" data-widget_type=\"image.default\">\n\t\t\t\t<div class=\"elementor-widget-container\">\n\t\t\t\t\t\t\t\t\t\t\t\t<figure class=\"wp-caption\">\n\t\t\t\t\t\t\t\t\t\t<img fetchpriority=\"high\" decoding=\"async\" width=\"800\" height=\"534\" src=\"https:\/\/www.anecom.de\/wp-content\/uploads\/2025\/02\/engineer-working-with-Software-1024x683.webp\" class=\"attachment-large size-large wp-image-1351\" alt=\"\" srcset=\"https:\/\/www.anecom.de\/wp-content\/uploads\/2025\/02\/engineer-working-with-Software-1024x683.webp 1024w, https:\/\/www.anecom.de\/wp-content\/uploads\/2025\/02\/engineer-working-with-Software-300x200.webp 300w, https:\/\/www.anecom.de\/wp-content\/uploads\/2025\/02\/engineer-working-with-Software-768x512.webp 768w, https:\/\/www.anecom.de\/wp-content\/uploads\/2025\/02\/engineer-working-with-Software.webp 1200w\" sizes=\"(max-width: 800px) 100vw, 800px\" \/>\t\t\t\t\t\t\t\t\t\t\t<figcaption class=\"widget-image-caption wp-caption-text\">\u00a9 Gorodenkoff I stock.adobe.com<\/figcaption>\n\t\t\t\t\t\t\t\t\t\t<\/figure>\n\t\t\t\t\t\t\t\t\t<\/div>\n\t\t\t\t<\/div>\n\t\t<div class=\"elementor-element elementor-element-40ca8cf9 e-con-full e-flex e-con e-child\" data-id=\"40ca8cf9\" data-element_type=\"container\" data-e-type=\"container\">\n\t\t\t\t<div class=\"elementor-element elementor-element-50cfb6bd elementor-widget elementor-widget-text-editor\" data-id=\"50cfb6bd\" data-element_type=\"widget\" data-e-type=\"widget\" data-widget_type=\"text-editor.default\">\n\t\t\t\t<div class=\"elementor-widget-container\">\n\t\t\t\t\t\t\t\t\t<ul><li>Anforderungs- und Compliance-Management, Risikobewertung<\/li><li>Validierungsstrategie<\/li><li>Rapid Design f\u00fcr:<ul><li>Tr\u00e4gerstrukturen f\u00fcr Betrieb, Montage und Transport<\/li><li>Adaption von Versuchstr\u00e4gern &amp; Antriebswellen an bestehende Pr\u00fcfstandstrukturen<\/li><li>Adaption und Routing von Versorgungsleitungen<\/li><li>Montage- und Installationshilfen, Hub- und Hebewerkzeuge<\/li><\/ul><\/li><li>FFMEA &amp; DFMEA, Robust Design Principles, Systems Engineering<\/li><li>3D-Detaildesign, 3D-Routing<\/li><li>Limited Dimension Drawing (LDD)<\/li><li>Design to Manufacture (DFM), Design to Cost (DTC), Entwicklung von Fertigungstechnologien<\/li><li>Design for Assembly (DFA)<\/li><\/ul>\t\t\t\t\t\t\t\t<\/div>\n\t\t\t\t<\/div>\n\t\t\t\t<\/div>\n\t\t\t\t<\/div>\n\t\t\t\t\t<\/div>\n\t\t\t\t<\/div>\n\t\t<div class=\"elementor-element elementor-element-dacd92b e-flex e-con-boxed e-con e-parent\" data-id=\"dacd92b\" data-element_type=\"container\" data-e-type=\"container\">\n\t\t\t\t\t<div class=\"e-con-inner\">\n\t\t\t\t<div class=\"elementor-element elementor-element-2d81707 elementor-widget elementor-widget-heading\" data-id=\"2d81707\" data-element_type=\"widget\" data-e-type=\"widget\" data-widget_type=\"heading.default\">\n\t\t\t\t<div class=\"elementor-widget-container\">\n\t\t\t\t\t<h2 class=\"elementor-heading-title elementor-size-default\">Software Tools<\/h2>\t\t\t\t<\/div>\n\t\t\t\t<\/div>\n\t\t<div class=\"elementor-element elementor-element-1b07facd e-grid e-con-full e-con e-child\" data-id=\"1b07facd\" data-element_type=\"container\" data-e-type=\"container\">\n\t\t<div class=\"elementor-element elementor-element-4786652b e-con-full e-flex e-con e-child\" data-id=\"4786652b\" data-element_type=\"container\" data-e-type=\"container\">\n\t\t\t\t<div class=\"elementor-element elementor-element-4d0e28b7 elementor-widget elementor-widget-text-editor\" data-id=\"4d0e28b7\" data-element_type=\"widget\" data-e-type=\"widget\" data-widget_type=\"text-editor.default\">\n\t\t\t\t<div class=\"elementor-widget-container\">\n\t\t\t\t\t\t\t\t\t<ul><li>Siemens NX (default standard)<\/li><li>Catia V5<\/li><li>Solid Works<\/li><\/ul>\t\t\t\t\t\t\t\t<\/div>\n\t\t\t\t<\/div>\n\t\t\t\t<\/div>\n\t\t\t\t<div class=\"elementor-element elementor-element-7b22c6ca elementor-widget elementor-widget-image\" data-id=\"7b22c6ca\" data-element_type=\"widget\" data-e-type=\"widget\" data-widget_type=\"image.default\">\n\t\t\t\t<div class=\"elementor-widget-container\">\n\t\t\t\t\t\t\t\t\t\t\t\t<figure class=\"wp-caption\">\n\t\t\t\t\t\t\t\t\t\t<img decoding=\"async\" width=\"800\" height=\"534\" src=\"https:\/\/www.anecom.de\/wp-content\/uploads\/2025\/01\/Tools-1024x683.webp\" class=\"attachment-large size-large wp-image-888\" alt=\"\" srcset=\"https:\/\/www.anecom.de\/wp-content\/uploads\/2025\/01\/Tools-1024x683.webp 1024w, https:\/\/www.anecom.de\/wp-content\/uploads\/2025\/01\/Tools-300x200.webp 300w, https:\/\/www.anecom.de\/wp-content\/uploads\/2025\/01\/Tools-768x512.webp 768w, https:\/\/www.anecom.de\/wp-content\/uploads\/2025\/01\/Tools.webp 1200w\" sizes=\"(max-width: 800px) 100vw, 800px\" \/>\t\t\t\t\t\t\t\t\t\t\t<figcaption class=\"widget-image-caption wp-caption-text\">\u00a9 Michael Traitov I stock.adobe.com<\/figcaption>\n\t\t\t\t\t\t\t\t\t\t<\/figure>\n\t\t\t\t\t\t\t\t\t<\/div>\n\t\t\t\t<\/div>\n\t\t\t\t<\/div>\n\t\t\t\t\t<\/div>\n\t\t\t\t<\/div>\n\t\t\t\t<\/div>\n\t\t","protected":false},"excerpt":{"rendered":"<p>, Design-KonzepteSpezielles Tooling- und Handling-Equipment Wir bieten die Konstruktion von speziellen Tooling- und Handling -Equipment als integralen Bestandteil des \u201eRig Design &amp; Make\u201c-Leistungsumfangs oder als individuelles Support-Paket f\u00fcr Versuchstr\u00e4ger in der Testeinrichtung unserer Kunden an. Dabei setzen wir auf bew\u00e4hrte firmeneigenen Designstandards und Richtlinien und passen uns bei Bedarf flexibel an die kundenspezifischen Anforderungen an. [&hellip;]<\/p>\n","protected":false},"author":1,"featured_media":0,"parent":3813,"menu_order":0,"comment_status":"closed","ping_status":"closed","template":"","meta":{"_acf_changed":false,"footnotes":""},"class_list":["post-3998","page","type-page","status-publish","hentry"],"acf":[],"yoast_head":"<!-- This site is optimized with the Yoast SEO plugin v27.3 - https:\/\/yoast.com\/product\/yoast-seo-wordpress\/ -->\n<title>SPTE, Konstruktion von spez. Tooling- und Handling-Equipment<\/title>\n<meta name=\"description\" content=\"SPTE (Special to Test Equipment) Design-Beratung, -Konzepte und -Optionen, Design im Detail, Komponentendefinitionen, Tooling-Schemata ...\" \/>\n<meta name=\"robots\" content=\"index, follow, max-snippet:-1, max-image-preview:large, max-video-preview:-1\" \/>\n<link rel=\"canonical\" href=\"https:\/\/www.anecom.de\/de\/unsere-services\/spezielles-tooling-und-handling-equipment\/\" \/>\n<meta property=\"og:locale\" content=\"de_DE\" \/>\n<meta property=\"og:type\" content=\"article\" \/>\n<meta property=\"og:title\" content=\"SPTE, Konstruktion von spez. Tooling- und Handling-Equipment\" \/>\n<meta property=\"og:description\" content=\"SPTE (Special to Test Equipment) Design-Beratung, -Konzepte und -Optionen, Design im Detail, Komponentendefinitionen, Tooling-Schemata ...\" \/>\n<meta property=\"og:url\" content=\"https:\/\/www.anecom.de\/de\/unsere-services\/spezielles-tooling-und-handling-equipment\/\" \/>\n<meta property=\"og:site_name\" content=\"AneCom\" \/>\n<meta property=\"article:modified_time\" content=\"2025-05-20T11:15:42+00:00\" \/>\n<meta property=\"og:image\" content=\"https:\/\/www.anecom.de\/wp-content\/uploads\/2025\/02\/engineer-working-with-Software-1024x683.webp\" \/>\n<meta name=\"twitter:card\" content=\"summary_large_image\" \/>\n<meta name=\"twitter:label1\" content=\"Gesch\u00e4tzte Lesezeit\" \/>\n\t<meta name=\"twitter:data1\" content=\"2\u00a0Minuten\" \/>\n<script type=\"application\/ld+json\" class=\"yoast-schema-graph\">{\"@context\":\"https:\\\/\\\/schema.org\",\"@graph\":[{\"@type\":\"WebPage\",\"@id\":\"https:\\\/\\\/www.anecom.de\\\/de\\\/unsere-services\\\/spezielles-tooling-und-handling-equipment\\\/\",\"url\":\"https:\\\/\\\/www.anecom.de\\\/de\\\/unsere-services\\\/spezielles-tooling-und-handling-equipment\\\/\",\"name\":\"SPTE, Konstruktion von spez. Tooling- und Handling-Equipment\",\"isPartOf\":{\"@id\":\"https:\\\/\\\/www.anecom.de\\\/de\\\/#website\"},\"primaryImageOfPage\":{\"@id\":\"https:\\\/\\\/www.anecom.de\\\/de\\\/unsere-services\\\/spezielles-tooling-und-handling-equipment\\\/#primaryimage\"},\"image\":{\"@id\":\"https:\\\/\\\/www.anecom.de\\\/de\\\/unsere-services\\\/spezielles-tooling-und-handling-equipment\\\/#primaryimage\"},\"thumbnailUrl\":\"https:\\\/\\\/www.anecom.de\\\/wp-content\\\/uploads\\\/2025\\\/02\\\/engineer-working-with-Software-1024x683.webp\",\"datePublished\":\"2025-01-08T11:53:06+00:00\",\"dateModified\":\"2025-05-20T11:15:42+00:00\",\"description\":\"SPTE (Special to Test Equipment) Design-Beratung, -Konzepte und -Optionen, Design im Detail, Komponentendefinitionen, Tooling-Schemata ...\",\"breadcrumb\":{\"@id\":\"https:\\\/\\\/www.anecom.de\\\/de\\\/unsere-services\\\/spezielles-tooling-und-handling-equipment\\\/#breadcrumb\"},\"inLanguage\":\"de\",\"potentialAction\":[{\"@type\":\"ReadAction\",\"target\":[\"https:\\\/\\\/www.anecom.de\\\/de\\\/unsere-services\\\/spezielles-tooling-und-handling-equipment\\\/\"]}]},{\"@type\":\"ImageObject\",\"inLanguage\":\"de\",\"@id\":\"https:\\\/\\\/www.anecom.de\\\/de\\\/unsere-services\\\/spezielles-tooling-und-handling-equipment\\\/#primaryimage\",\"url\":\"https:\\\/\\\/www.anecom.de\\\/wp-content\\\/uploads\\\/2025\\\/02\\\/engineer-working-with-Software-1024x683.webp\",\"contentUrl\":\"https:\\\/\\\/www.anecom.de\\\/wp-content\\\/uploads\\\/2025\\\/02\\\/engineer-working-with-Software-1024x683.webp\"},{\"@type\":\"BreadcrumbList\",\"@id\":\"https:\\\/\\\/www.anecom.de\\\/de\\\/unsere-services\\\/spezielles-tooling-und-handling-equipment\\\/#breadcrumb\",\"itemListElement\":[{\"@type\":\"ListItem\",\"position\":1,\"name\":\"Home\",\"item\":\"https:\\\/\\\/www.anecom.de\\\/de\\\/\"},{\"@type\":\"ListItem\",\"position\":2,\"name\":\"Unsere Services\",\"item\":\"https:\\\/\\\/www.anecom.de\\\/de\\\/unsere-services\\\/\"},{\"@type\":\"ListItem\",\"position\":3,\"name\":\"Spezielles Tooling- und Handling-Equipment\"}]},{\"@type\":\"WebSite\",\"@id\":\"https:\\\/\\\/www.anecom.de\\\/de\\\/#website\",\"url\":\"https:\\\/\\\/www.anecom.de\\\/de\\\/\",\"name\":\"AneCom\",\"description\":\"\",\"publisher\":{\"@id\":\"https:\\\/\\\/www.anecom.de\\\/de\\\/#organization\"},\"potentialAction\":[{\"@type\":\"SearchAction\",\"target\":{\"@type\":\"EntryPoint\",\"urlTemplate\":\"https:\\\/\\\/www.anecom.de\\\/de\\\/?s={search_term_string}\"},\"query-input\":{\"@type\":\"PropertyValueSpecification\",\"valueRequired\":true,\"valueName\":\"search_term_string\"}}],\"inLanguage\":\"de\"},{\"@type\":\"Organization\",\"@id\":\"https:\\\/\\\/www.anecom.de\\\/de\\\/#organization\",\"name\":\"AneCom\",\"url\":\"https:\\\/\\\/www.anecom.de\\\/de\\\/\",\"logo\":{\"@type\":\"ImageObject\",\"inLanguage\":\"de\",\"@id\":\"https:\\\/\\\/www.anecom.de\\\/de\\\/#\\\/schema\\\/logo\\\/image\\\/\",\"url\":\"https:\\\/\\\/www.anecom.de\\\/wp-content\\\/uploads\\\/2025\\\/01\\\/AneCom-Logo.svg\",\"contentUrl\":\"https:\\\/\\\/www.anecom.de\\\/wp-content\\\/uploads\\\/2025\\\/01\\\/AneCom-Logo.svg\",\"width\":297,\"height\":55,\"caption\":\"AneCom\"},\"image\":{\"@id\":\"https:\\\/\\\/www.anecom.de\\\/de\\\/#\\\/schema\\\/logo\\\/image\\\/\"}}]}<\/script>\n<!-- \/ Yoast SEO plugin. -->","yoast_head_json":{"title":"SPTE, Konstruktion von spez. Tooling- und Handling-Equipment","description":"SPTE (Special to Test Equipment) Design-Beratung, -Konzepte und -Optionen, Design im Detail, Komponentendefinitionen, Tooling-Schemata ...","robots":{"index":"index","follow":"follow","max-snippet":"max-snippet:-1","max-image-preview":"max-image-preview:large","max-video-preview":"max-video-preview:-1"},"canonical":"https:\/\/www.anecom.de\/de\/unsere-services\/spezielles-tooling-und-handling-equipment\/","og_locale":"de_DE","og_type":"article","og_title":"SPTE, Konstruktion von spez. Tooling- und Handling-Equipment","og_description":"SPTE (Special to Test Equipment) Design-Beratung, -Konzepte und -Optionen, Design im Detail, Komponentendefinitionen, Tooling-Schemata ...","og_url":"https:\/\/www.anecom.de\/de\/unsere-services\/spezielles-tooling-und-handling-equipment\/","og_site_name":"AneCom","article_modified_time":"2025-05-20T11:15:42+00:00","og_image":[{"url":"https:\/\/www.anecom.de\/wp-content\/uploads\/2025\/02\/engineer-working-with-Software-1024x683.webp","type":"","width":"","height":""}],"twitter_card":"summary_large_image","twitter_misc":{"Gesch\u00e4tzte Lesezeit":"2\u00a0Minuten"},"schema":{"@context":"https:\/\/schema.org","@graph":[{"@type":"WebPage","@id":"https:\/\/www.anecom.de\/de\/unsere-services\/spezielles-tooling-und-handling-equipment\/","url":"https:\/\/www.anecom.de\/de\/unsere-services\/spezielles-tooling-und-handling-equipment\/","name":"SPTE, Konstruktion von spez. Tooling- und Handling-Equipment","isPartOf":{"@id":"https:\/\/www.anecom.de\/de\/#website"},"primaryImageOfPage":{"@id":"https:\/\/www.anecom.de\/de\/unsere-services\/spezielles-tooling-und-handling-equipment\/#primaryimage"},"image":{"@id":"https:\/\/www.anecom.de\/de\/unsere-services\/spezielles-tooling-und-handling-equipment\/#primaryimage"},"thumbnailUrl":"https:\/\/www.anecom.de\/wp-content\/uploads\/2025\/02\/engineer-working-with-Software-1024x683.webp","datePublished":"2025-01-08T11:53:06+00:00","dateModified":"2025-05-20T11:15:42+00:00","description":"SPTE (Special to Test Equipment) Design-Beratung, -Konzepte und -Optionen, Design im Detail, Komponentendefinitionen, Tooling-Schemata ...","breadcrumb":{"@id":"https:\/\/www.anecom.de\/de\/unsere-services\/spezielles-tooling-und-handling-equipment\/#breadcrumb"},"inLanguage":"de","potentialAction":[{"@type":"ReadAction","target":["https:\/\/www.anecom.de\/de\/unsere-services\/spezielles-tooling-und-handling-equipment\/"]}]},{"@type":"ImageObject","inLanguage":"de","@id":"https:\/\/www.anecom.de\/de\/unsere-services\/spezielles-tooling-und-handling-equipment\/#primaryimage","url":"https:\/\/www.anecom.de\/wp-content\/uploads\/2025\/02\/engineer-working-with-Software-1024x683.webp","contentUrl":"https:\/\/www.anecom.de\/wp-content\/uploads\/2025\/02\/engineer-working-with-Software-1024x683.webp"},{"@type":"BreadcrumbList","@id":"https:\/\/www.anecom.de\/de\/unsere-services\/spezielles-tooling-und-handling-equipment\/#breadcrumb","itemListElement":[{"@type":"ListItem","position":1,"name":"Home","item":"https:\/\/www.anecom.de\/de\/"},{"@type":"ListItem","position":2,"name":"Unsere Services","item":"https:\/\/www.anecom.de\/de\/unsere-services\/"},{"@type":"ListItem","position":3,"name":"Spezielles Tooling- und Handling-Equipment"}]},{"@type":"WebSite","@id":"https:\/\/www.anecom.de\/de\/#website","url":"https:\/\/www.anecom.de\/de\/","name":"AneCom","description":"","publisher":{"@id":"https:\/\/www.anecom.de\/de\/#organization"},"potentialAction":[{"@type":"SearchAction","target":{"@type":"EntryPoint","urlTemplate":"https:\/\/www.anecom.de\/de\/?s={search_term_string}"},"query-input":{"@type":"PropertyValueSpecification","valueRequired":true,"valueName":"search_term_string"}}],"inLanguage":"de"},{"@type":"Organization","@id":"https:\/\/www.anecom.de\/de\/#organization","name":"AneCom","url":"https:\/\/www.anecom.de\/de\/","logo":{"@type":"ImageObject","inLanguage":"de","@id":"https:\/\/www.anecom.de\/de\/#\/schema\/logo\/image\/","url":"https:\/\/www.anecom.de\/wp-content\/uploads\/2025\/01\/AneCom-Logo.svg","contentUrl":"https:\/\/www.anecom.de\/wp-content\/uploads\/2025\/01\/AneCom-Logo.svg","width":297,"height":55,"caption":"AneCom"},"image":{"@id":"https:\/\/www.anecom.de\/de\/#\/schema\/logo\/image\/"}}]}},"_links":{"self":[{"href":"https:\/\/www.anecom.de\/de\/wp-json\/wp\/v2\/pages\/3998","targetHints":{"allow":["GET"]}}],"collection":[{"href":"https:\/\/www.anecom.de\/de\/wp-json\/wp\/v2\/pages"}],"about":[{"href":"https:\/\/www.anecom.de\/de\/wp-json\/wp\/v2\/types\/page"}],"author":[{"embeddable":true,"href":"https:\/\/www.anecom.de\/de\/wp-json\/wp\/v2\/users\/1"}],"replies":[{"embeddable":true,"href":"https:\/\/www.anecom.de\/de\/wp-json\/wp\/v2\/comments?post=3998"}],"version-history":[{"count":23,"href":"https:\/\/www.anecom.de\/de\/wp-json\/wp\/v2\/pages\/3998\/revisions"}],"predecessor-version":[{"id":4855,"href":"https:\/\/www.anecom.de\/de\/wp-json\/wp\/v2\/pages\/3998\/revisions\/4855"}],"up":[{"embeddable":true,"href":"https:\/\/www.anecom.de\/de\/wp-json\/wp\/v2\/pages\/3813"}],"wp:attachment":[{"href":"https:\/\/www.anecom.de\/de\/wp-json\/wp\/v2\/media?parent=3998"}],"curies":[{"name":"wp","href":"https:\/\/api.w.org\/{rel}","templated":true}]}}