{"id":3990,"date":"2025-01-08T12:51:05","date_gmt":"2025-01-08T11:51:05","guid":{"rendered":"https:\/\/www.anecom.de\/unsere-services\/engineering-analysis\/"},"modified":"2025-05-20T13:03:17","modified_gmt":"2025-05-20T11:03:17","slug":"analyse-simulation","status":"publish","type":"page","link":"https:\/\/www.anecom.de\/de\/unsere-services\/analyse-simulation\/","title":{"rendered":"Analyse &#038; Simulation"},"content":{"rendered":"\t\t<div data-elementor-type=\"wp-page\" data-elementor-id=\"3990\" class=\"elementor elementor-3990 elementor-132\" data-elementor-post-type=\"page\">\n\t\t\t\t<div class=\"elementor-element elementor-element-7a0b3e3f hero-header engineering-analysis-header e-flex e-con-boxed e-con e-parent\" data-id=\"7a0b3e3f\" data-element_type=\"container\" data-e-type=\"container\" data-settings=\"{&quot;background_background&quot;:&quot;classic&quot;}\">\n\t\t\t\t\t<div class=\"e-con-inner\">\n\t\t\t\t\t<\/div>\n\t\t\t\t<\/div>\n\t\t<div class=\"elementor-element elementor-element-11ec34ff e-flex e-con-boxed e-con e-parent\" data-id=\"11ec34ff\" data-element_type=\"container\" data-e-type=\"container\">\n\t\t\t\t\t<div class=\"e-con-inner\">\n\t\t<div class=\"elementor-element elementor-element-7733e23c e-con-full e-flex e-con e-child\" data-id=\"7733e23c\" data-element_type=\"container\" data-e-type=\"container\" data-settings=\"{&quot;background_background&quot;:&quot;classic&quot;}\">\n\t\t\t\t<div class=\"elementor-element elementor-element-31434f5f elementor-align-left elementor-widget elementor-widget-breadcrumbs\" data-id=\"31434f5f\" data-element_type=\"widget\" data-e-type=\"widget\" data-widget_type=\"breadcrumbs.default\">\n\t\t\t\t<div class=\"elementor-widget-container\">\n\t\t\t\t\t<p id=\"breadcrumbs\"><span><span><a href=\"https:\/\/www.anecom.de\/de\/\">Home<\/a><\/span><\/span><\/p>\t\t\t\t<\/div>\n\t\t\t\t<\/div>\n\t\t\t\t<div class=\"elementor-element elementor-element-4ba875ad elementor-widget elementor-widget-heading\" data-id=\"4ba875ad\" data-element_type=\"widget\" data-e-type=\"widget\" data-widget_type=\"heading.default\">\n\t\t\t\t<div class=\"elementor-widget-container\">\n\t\t\t\t\t<h1 class=\"elementor-heading-title elementor-size-default\">Analyse &amp; Simulation<\/h1>\t\t\t\t<\/div>\n\t\t\t\t<\/div>\n\t\t\t\t<div class=\"elementor-element elementor-element-520e9194 elementor-widget elementor-widget-text-editor\" data-id=\"520e9194\" data-element_type=\"widget\" data-e-type=\"widget\" data-widget_type=\"text-editor.default\">\n\t\t\t\t<div class=\"elementor-widget-container\">\n\t\t\t\t\t\t\t\t\t<p>Wir bieten umfassende Analysem\u00f6glichkeiten f\u00fcr alle Ihre Konstruktionsanforderungen, vom Konzeptentwurf bis zur Inbetriebnahme und dar\u00fcber hinaus. Der Einsatz der neuesten Finite-Elemente-Methoden in Verbindung mit speziellen Software-Codes erm\u00f6glicht ein klares Verst\u00e4ndnis der Temperaturen, Dr\u00fccke und der Stressverteilung, die an einem Bauteil auftreten, sowie dessen Schwingungsverhalten w\u00e4hrend eines bestimmten Belastungszyklus.<\/p>\t\t\t\t\t\t\t\t<\/div>\n\t\t\t\t<\/div>\n\t\t\t\t<\/div>\n\t\t\t\t\t<\/div>\n\t\t\t\t<\/div>\n\t\t<div class=\"elementor-element elementor-element-2799c069 e-flex e-con-boxed e-con e-parent\" data-id=\"2799c069\" data-element_type=\"container\" data-e-type=\"container\">\n\t\t\t\t\t<div class=\"e-con-inner\">\n\t\t\t\t<div class=\"elementor-element elementor-element-5bdfa090 elementor-widget elementor-widget-heading\" data-id=\"5bdfa090\" data-element_type=\"widget\" data-e-type=\"widget\" data-widget_type=\"heading.default\">\n\t\t\t\t<div class=\"elementor-widget-container\">\n\t\t\t\t\t<h2 class=\"elementor-heading-title elementor-size-default\">Unsere F\u00e4higkeiten<\/h2>\t\t\t\t<\/div>\n\t\t\t\t<\/div>\n\t\t<div class=\"elementor-element elementor-element-142071d3 e-grid e-con-full e-con e-child\" data-id=\"142071d3\" data-element_type=\"container\" data-e-type=\"container\">\n\t\t\t\t<div class=\"elementor-element elementor-element-1e31f3e6 elementor-widget elementor-widget-image\" data-id=\"1e31f3e6\" data-element_type=\"widget\" data-e-type=\"widget\" data-widget_type=\"image.default\">\n\t\t\t\t<div class=\"elementor-widget-container\">\n\t\t\t\t\t\t\t\t\t\t\t\t<figure class=\"wp-caption\">\n\t\t\t\t\t\t\t\t\t\t<img fetchpriority=\"high\" decoding=\"async\" width=\"800\" height=\"534\" src=\"https:\/\/www.anecom.de\/wp-content\/uploads\/2025\/01\/engineering-with-finite-element-analysis-1024x683.webp\" class=\"attachment-large size-large wp-image-1098\" alt=\"\" srcset=\"https:\/\/www.anecom.de\/wp-content\/uploads\/2025\/01\/engineering-with-finite-element-analysis-1024x683.webp 1024w, https:\/\/www.anecom.de\/wp-content\/uploads\/2025\/01\/engineering-with-finite-element-analysis-300x200.webp 300w, https:\/\/www.anecom.de\/wp-content\/uploads\/2025\/01\/engineering-with-finite-element-analysis-768x512.webp 768w, https:\/\/www.anecom.de\/wp-content\/uploads\/2025\/01\/engineering-with-finite-element-analysis.webp 1200w\" sizes=\"(max-width: 800px) 100vw, 800px\" \/>\t\t\t\t\t\t\t\t\t\t\t<figcaption class=\"widget-image-caption wp-caption-text\">\u00a9 Leandro I stock.adobe.com<\/figcaption>\n\t\t\t\t\t\t\t\t\t\t<\/figure>\n\t\t\t\t\t\t\t\t\t<\/div>\n\t\t\t\t<\/div>\n\t\t<div class=\"elementor-element elementor-element-41e06b00 e-con-full e-flex e-con e-child\" data-id=\"41e06b00\" data-element_type=\"container\" data-e-type=\"container\">\n\t\t\t\t<div class=\"elementor-element elementor-element-c3c0946 elementor-widget elementor-widget-n-accordion\" data-id=\"c3c0946\" data-element_type=\"widget\" data-e-type=\"widget\" data-settings=\"{&quot;default_state&quot;:&quot;expanded&quot;,&quot;max_items_expended&quot;:&quot;one&quot;,&quot;n_accordion_animation_duration&quot;:{&quot;unit&quot;:&quot;ms&quot;,&quot;size&quot;:400,&quot;sizes&quot;:[]}}\" data-widget_type=\"nested-accordion.default\">\n\t\t\t\t<div class=\"elementor-widget-container\">\n\t\t\t\t\t\t\t<div class=\"e-n-accordion\" aria-label=\"Accordion. Open links with Enter or Space, close with Escape, and navigate with Arrow Keys\">\n\t\t\t\t\t\t<details id=\"e-n-accordion-item-2050\" class=\"e-n-accordion-item\" open>\n\t\t\t\t<summary class=\"e-n-accordion-item-title\" data-accordion-index=\"1\" tabindex=\"0\" aria-expanded=\"true\" aria-controls=\"e-n-accordion-item-2050\" >\n\t\t\t\t\t<span class='e-n-accordion-item-title-header'><div class=\"e-n-accordion-item-title-text\"> Strukturen <\/div><\/span>\n\t\t\t\t\t\t\t<span class='e-n-accordion-item-title-icon'>\n\t\t\t<span class='e-opened' ><svg aria-hidden=\"true\" class=\"e-font-icon-svg e-fas-minus\" viewBox=\"0 0 448 512\" xmlns=\"http:\/\/www.w3.org\/2000\/svg\"><path d=\"M416 208H32c-17.67 0-32 14.33-32 32v32c0 17.67 14.33 32 32 32h384c17.67 0 32-14.33 32-32v-32c0-17.67-14.33-32-32-32z\"><\/path><\/svg><\/span>\n\t\t\t<span class='e-closed'><svg aria-hidden=\"true\" class=\"e-font-icon-svg e-fas-plus\" viewBox=\"0 0 448 512\" xmlns=\"http:\/\/www.w3.org\/2000\/svg\"><path d=\"M416 208H272V64c0-17.67-14.33-32-32-32h-32c-17.67 0-32 14.33-32 32v144H32c-17.67 0-32 14.33-32 32v32c0 17.67 14.33 32 32 32h144v144c0 17.67 14.33 32 32 32h32c17.67 0 32-14.33 32-32V304h144c17.67 0 32-14.33 32-32v-32c0-17.67-14.33-32-32-32z\"><\/path><\/svg><\/span>\n\t\t<\/span>\n\n\t\t\t\t\t\t<\/summary>\n\t\t\t\t<div role=\"region\" aria-labelledby=\"e-n-accordion-item-2050\" class=\"elementor-element elementor-element-3351f24 e-con-full e-flex e-con e-child\" data-id=\"3351f24\" data-element_type=\"container\" data-e-type=\"container\">\n\t\t\t\t<div class=\"elementor-element elementor-element-372ee0b elementor-widget elementor-widget-text-editor\" data-id=\"372ee0b\" data-element_type=\"widget\" data-e-type=\"widget\" data-widget_type=\"text-editor.default\">\n\t\t\t\t<div class=\"elementor-widget-container\">\n\t\t\t\t\t\t\t\t\t<ul><li>Fortschrittliche detaillierte 2D- &amp; 3D-Bewertung (Elasto-Plastik, Kriechverhalten, Bruchmechanik)<\/li><li>Freie und erzwungene Schwingungen<\/li><li>Rotordynamik (Identifikation kritischer Drehzahlen, Lagercharakterisierung)<\/li><li>Flansch- und Schraubendimensionierung<\/li><li>Qualifikationsberichte f\u00fcr die Luftt\u00fcchtigkeit<\/li><\/ul>\t\t\t\t\t\t\t\t<\/div>\n\t\t\t\t<\/div>\n\t\t\t\t<\/div>\n\t\t\t\t\t<\/details>\n\t\t\t\t\t\t<details id=\"e-n-accordion-item-2051\" class=\"e-n-accordion-item\" >\n\t\t\t\t<summary class=\"e-n-accordion-item-title\" data-accordion-index=\"2\" tabindex=\"-1\" aria-expanded=\"false\" aria-controls=\"e-n-accordion-item-2051\" >\n\t\t\t\t\t<span class='e-n-accordion-item-title-header'><div class=\"e-n-accordion-item-title-text\">  Luftsysteme  <\/div><\/span>\n\t\t\t\t\t\t\t<span class='e-n-accordion-item-title-icon'>\n\t\t\t<span class='e-opened' ><svg aria-hidden=\"true\" class=\"e-font-icon-svg e-fas-minus\" viewBox=\"0 0 448 512\" xmlns=\"http:\/\/www.w3.org\/2000\/svg\"><path d=\"M416 208H32c-17.67 0-32 14.33-32 32v32c0 17.67 14.33 32 32 32h384c17.67 0 32-14.33 32-32v-32c0-17.67-14.33-32-32-32z\"><\/path><\/svg><\/span>\n\t\t\t<span class='e-closed'><svg aria-hidden=\"true\" class=\"e-font-icon-svg e-fas-plus\" viewBox=\"0 0 448 512\" xmlns=\"http:\/\/www.w3.org\/2000\/svg\"><path d=\"M416 208H272V64c0-17.67-14.33-32-32-32h-32c-17.67 0-32 14.33-32 32v144H32c-17.67 0-32 14.33-32 32v32c0 17.67 14.33 32 32 32h144v144c0 17.67 14.33 32 32 32h32c17.67 0 32-14.33 32-32V304h144c17.67 0 32-14.33 32-32v-32c0-17.67-14.33-32-32-32z\"><\/path><\/svg><\/span>\n\t\t<\/span>\n\n\t\t\t\t\t\t<\/summary>\n\t\t\t\t<div role=\"region\" aria-labelledby=\"e-n-accordion-item-2051\" class=\"elementor-element elementor-element-fa6b561 e-con-full e-flex e-con e-child\" data-id=\"fa6b561\" data-element_type=\"container\" data-e-type=\"container\">\n\t\t\t\t<div class=\"elementor-element elementor-element-499e8d6 elementor-widget elementor-widget-text-editor\" data-id=\"499e8d6\" data-element_type=\"widget\" data-e-type=\"widget\" data-widget_type=\"text-editor.default\">\n\t\t\t\t<div class=\"elementor-widget-container\">\n\t\t\t\t\t\t\t\t\t<ul><li>Dichtungsauslegung<\/li><li>Multisystem-Modellierung<\/li><li>Off-Design Perfomance<\/li><\/ul>\t\t\t\t\t\t\t\t<\/div>\n\t\t\t\t<\/div>\n\t\t\t\t<\/div>\n\t\t\t\t\t<\/details>\n\t\t\t\t\t\t<details id=\"e-n-accordion-item-2052\" class=\"e-n-accordion-item\" >\n\t\t\t\t<summary class=\"e-n-accordion-item-title\" data-accordion-index=\"3\" tabindex=\"-1\" aria-expanded=\"false\" aria-controls=\"e-n-accordion-item-2052\" >\n\t\t\t\t\t<span class='e-n-accordion-item-title-header'><div class=\"e-n-accordion-item-title-text\"> Temperaturen <\/div><\/span>\n\t\t\t\t\t\t\t<span class='e-n-accordion-item-title-icon'>\n\t\t\t<span class='e-opened' ><svg aria-hidden=\"true\" class=\"e-font-icon-svg e-fas-minus\" viewBox=\"0 0 448 512\" xmlns=\"http:\/\/www.w3.org\/2000\/svg\"><path d=\"M416 208H32c-17.67 0-32 14.33-32 32v32c0 17.67 14.33 32 32 32h384c17.67 0 32-14.33 32-32v-32c0-17.67-14.33-32-32-32z\"><\/path><\/svg><\/span>\n\t\t\t<span class='e-closed'><svg aria-hidden=\"true\" class=\"e-font-icon-svg e-fas-plus\" viewBox=\"0 0 448 512\" xmlns=\"http:\/\/www.w3.org\/2000\/svg\"><path d=\"M416 208H272V64c0-17.67-14.33-32-32-32h-32c-17.67 0-32 14.33-32 32v144H32c-17.67 0-32 14.33-32 32v32c0 17.67 14.33 32 32 32h144v144c0 17.67 14.33 32 32 32h32c17.67 0 32-14.33 32-32V304h144c17.67 0 32-14.33 32-32v-32c0-17.67-14.33-32-32-32z\"><\/path><\/svg><\/span>\n\t\t<\/span>\n\n\t\t\t\t\t\t<\/summary>\n\t\t\t\t<div role=\"region\" aria-labelledby=\"e-n-accordion-item-2052\" class=\"elementor-element elementor-element-ea2f404 e-con-full e-flex e-con e-child\" data-id=\"ea2f404\" data-element_type=\"container\" data-e-type=\"container\">\n\t\t\t\t<div class=\"elementor-element elementor-element-43ed9da elementor-widget elementor-widget-text-editor\" data-id=\"43ed9da\" data-element_type=\"widget\" data-e-type=\"widget\" data-widget_type=\"text-editor.default\">\n\t\t\t\t<div class=\"elementor-widget-container\">\n\t\t\t\t\t\t\t\t\t<ul><li>kalte und hei\u00dfe Inbetriebnahme<\/li><li>station\u00e4re thermische Analyse<\/li><li>transiente thermische Analyse<\/li><li>W\u00e4rme\u00fcbertragungsanalyse<\/li><\/ul>\t\t\t\t\t\t\t\t<\/div>\n\t\t\t\t<\/div>\n\t\t\t\t<\/div>\n\t\t\t\t\t<\/details>\n\t\t\t\t\t<\/div>\n\t\t\t\t\t\t<\/div>\n\t\t\t\t<\/div>\n\t\t\t\t<\/div>\n\t\t\t\t<\/div>\n\t\t\t\t\t<\/div>\n\t\t\t\t<\/div>\n\t\t<div class=\"elementor-element elementor-element-26306ecb e-flex e-con-boxed e-con e-parent\" data-id=\"26306ecb\" data-element_type=\"container\" data-e-type=\"container\">\n\t\t\t\t\t<div class=\"e-con-inner\">\n\t\t\t\t<div class=\"elementor-element elementor-element-79813e9e elementor-widget elementor-widget-heading\" data-id=\"79813e9e\" data-element_type=\"widget\" data-e-type=\"widget\" data-widget_type=\"heading.default\">\n\t\t\t\t<div class=\"elementor-widget-container\">\n\t\t\t\t\t<h2 class=\"elementor-heading-title elementor-size-default\">Tools<\/h2>\t\t\t\t<\/div>\n\t\t\t\t<\/div>\n\t\t<div class=\"elementor-element elementor-element-7b6fdb9b e-grid e-con-full e-con e-child\" data-id=\"7b6fdb9b\" data-element_type=\"container\" data-e-type=\"container\">\n\t\t<div class=\"elementor-element elementor-element-29a0b738 e-con-full e-flex e-con e-child\" data-id=\"29a0b738\" data-element_type=\"container\" data-e-type=\"container\">\n\t\t\t\t<div class=\"elementor-element elementor-element-397b4cdf elementor-widget elementor-widget-text-editor\" data-id=\"397b4cdf\" data-element_type=\"widget\" data-e-type=\"widget\" data-widget_type=\"text-editor.default\">\n\t\t\t\t<div class=\"elementor-widget-container\">\n\t\t\t\t\t\t\t\t\t<ul><li>Ansys workbench<\/li><li>SC03<\/li><li>In-house Tools f\u00fcr die Positionierung von Dehnungsmessstreifen<\/li><li>NX Nastran<\/li><li>FlowNex<\/li><li>Ansys CFX<\/li><li>Ansys Fluent<\/li><\/ul>\t\t\t\t\t\t\t\t<\/div>\n\t\t\t\t<\/div>\n\t\t\t\t<\/div>\n\t\t\t\t<div class=\"elementor-element elementor-element-545b7f51 elementor-widget elementor-widget-image\" data-id=\"545b7f51\" data-element_type=\"widget\" data-e-type=\"widget\" data-widget_type=\"image.default\">\n\t\t\t\t<div class=\"elementor-widget-container\">\n\t\t\t\t\t\t\t\t\t\t\t\t<figure class=\"wp-caption\">\n\t\t\t\t\t\t\t\t\t\t<img decoding=\"async\" width=\"800\" height=\"534\" src=\"https:\/\/www.anecom.de\/wp-content\/uploads\/2025\/01\/AdobeStock_314928196_Tools-1024x683.png\" class=\"attachment-large size-large wp-image-1100\" alt=\"\" srcset=\"https:\/\/www.anecom.de\/wp-content\/uploads\/2025\/01\/AdobeStock_314928196_Tools-1024x683.png 1024w, https:\/\/www.anecom.de\/wp-content\/uploads\/2025\/01\/AdobeStock_314928196_Tools-300x200.png 300w, https:\/\/www.anecom.de\/wp-content\/uploads\/2025\/01\/AdobeStock_314928196_Tools-768x512.png 768w, https:\/\/www.anecom.de\/wp-content\/uploads\/2025\/01\/AdobeStock_314928196_Tools.png 1200w\" sizes=\"(max-width: 800px) 100vw, 800px\" \/>\t\t\t\t\t\t\t\t\t\t\t<figcaption class=\"widget-image-caption wp-caption-text\">\u00a9 Michael Traitov I stock.adobe.com<\/figcaption>\n\t\t\t\t\t\t\t\t\t\t<\/figure>\n\t\t\t\t\t\t\t\t\t<\/div>\n\t\t\t\t<\/div>\n\t\t\t\t<\/div>\n\t\t\t\t\t<\/div>\n\t\t\t\t<\/div>\n\t\t\t\t<\/div>\n\t\t","protected":false},"excerpt":{"rendered":"<p>Analyse &amp; Simulation Wir bieten umfassende Analysem\u00f6glichkeiten f\u00fcr alle Ihre Konstruktionsanforderungen, vom Konzeptentwurf bis zur Inbetriebnahme und dar\u00fcber hinaus. Der Einsatz der neuesten Finite-Elemente-Methoden in Verbindung mit speziellen Software-Codes erm\u00f6glicht ein klares Verst\u00e4ndnis der Temperaturen, Dr\u00fccke und der Stressverteilung, die an einem Bauteil auftreten, sowie dessen Schwingungsverhalten w\u00e4hrend eines bestimmten Belastungszyklus. Unsere F\u00e4higkeiten \u00a9 Leandro [&hellip;]<\/p>\n","protected":false},"author":1,"featured_media":0,"parent":3813,"menu_order":0,"comment_status":"closed","ping_status":"closed","template":"","meta":{"_acf_changed":false,"footnotes":""},"class_list":["post-3990","page","type-page","status-publish","hentry"],"acf":[],"yoast_head":"<!-- This site is optimized with the Yoast SEO plugin v27.3 - https:\/\/yoast.com\/product\/yoast-seo-wordpress\/ -->\n<title>Analyse &amp; Simulation vom Konzeptentwurf bis zur Inbetriebnahme<\/title>\n<meta name=\"description\" content=\"Analyse &amp; Simulation von Stressverteilung, Schwingungsverhalten, Rotordynamik, Flansch- &amp; Schraubendimensionierung, 2D- &amp; 3D-Bewertung ...\" \/>\n<meta name=\"robots\" content=\"index, follow, max-snippet:-1, max-image-preview:large, max-video-preview:-1\" \/>\n<link rel=\"canonical\" href=\"https:\/\/www.anecom.de\/de\/unsere-services\/analyse-simulation\/\" \/>\n<meta property=\"og:locale\" content=\"de_DE\" \/>\n<meta property=\"og:type\" content=\"article\" \/>\n<meta property=\"og:title\" content=\"Analyse &amp; Simulation vom Konzeptentwurf bis zur Inbetriebnahme\" \/>\n<meta property=\"og:description\" content=\"Analyse &amp; Simulation von Stressverteilung, Schwingungsverhalten, Rotordynamik, Flansch- &amp; Schraubendimensionierung, 2D- &amp; 3D-Bewertung ...\" \/>\n<meta property=\"og:url\" content=\"https:\/\/www.anecom.de\/de\/unsere-services\/analyse-simulation\/\" \/>\n<meta property=\"og:site_name\" content=\"AneCom\" \/>\n<meta property=\"article:modified_time\" content=\"2025-05-20T11:03:17+00:00\" \/>\n<meta property=\"og:image\" content=\"https:\/\/www.anecom.de\/wp-content\/uploads\/2025\/01\/engineering-with-finite-element-analysis-1024x683.webp\" \/>\n<meta name=\"twitter:card\" content=\"summary_large_image\" \/>\n<meta name=\"twitter:label1\" content=\"Gesch\u00e4tzte Lesezeit\" \/>\n\t<meta name=\"twitter:data1\" content=\"2\u00a0Minuten\" \/>\n<script type=\"application\/ld+json\" class=\"yoast-schema-graph\">{\"@context\":\"https:\\\/\\\/schema.org\",\"@graph\":[{\"@type\":\"WebPage\",\"@id\":\"https:\\\/\\\/www.anecom.de\\\/de\\\/unsere-services\\\/analyse-simulation\\\/\",\"url\":\"https:\\\/\\\/www.anecom.de\\\/de\\\/unsere-services\\\/analyse-simulation\\\/\",\"name\":\"Analyse & Simulation vom Konzeptentwurf bis zur Inbetriebnahme\",\"isPartOf\":{\"@id\":\"https:\\\/\\\/www.anecom.de\\\/de\\\/#website\"},\"primaryImageOfPage\":{\"@id\":\"https:\\\/\\\/www.anecom.de\\\/de\\\/unsere-services\\\/analyse-simulation\\\/#primaryimage\"},\"image\":{\"@id\":\"https:\\\/\\\/www.anecom.de\\\/de\\\/unsere-services\\\/analyse-simulation\\\/#primaryimage\"},\"thumbnailUrl\":\"https:\\\/\\\/www.anecom.de\\\/wp-content\\\/uploads\\\/2025\\\/01\\\/engineering-with-finite-element-analysis-1024x683.webp\",\"datePublished\":\"2025-01-08T11:51:05+00:00\",\"dateModified\":\"2025-05-20T11:03:17+00:00\",\"description\":\"Analyse & Simulation von Stressverteilung, Schwingungsverhalten, Rotordynamik, Flansch- & Schraubendimensionierung, 2D- & 3D-Bewertung ...\",\"breadcrumb\":{\"@id\":\"https:\\\/\\\/www.anecom.de\\\/de\\\/unsere-services\\\/analyse-simulation\\\/#breadcrumb\"},\"inLanguage\":\"de\",\"potentialAction\":[{\"@type\":\"ReadAction\",\"target\":[\"https:\\\/\\\/www.anecom.de\\\/de\\\/unsere-services\\\/analyse-simulation\\\/\"]}]},{\"@type\":\"ImageObject\",\"inLanguage\":\"de\",\"@id\":\"https:\\\/\\\/www.anecom.de\\\/de\\\/unsere-services\\\/analyse-simulation\\\/#primaryimage\",\"url\":\"https:\\\/\\\/www.anecom.de\\\/wp-content\\\/uploads\\\/2025\\\/01\\\/engineering-with-finite-element-analysis-1024x683.webp\",\"contentUrl\":\"https:\\\/\\\/www.anecom.de\\\/wp-content\\\/uploads\\\/2025\\\/01\\\/engineering-with-finite-element-analysis-1024x683.webp\"},{\"@type\":\"BreadcrumbList\",\"@id\":\"https:\\\/\\\/www.anecom.de\\\/de\\\/unsere-services\\\/analyse-simulation\\\/#breadcrumb\",\"itemListElement\":[{\"@type\":\"ListItem\",\"position\":1,\"name\":\"Home\",\"item\":\"https:\\\/\\\/www.anecom.de\\\/de\\\/\"},{\"@type\":\"ListItem\",\"position\":2,\"name\":\"Unsere Services\",\"item\":\"https:\\\/\\\/www.anecom.de\\\/de\\\/unsere-services\\\/\"},{\"@type\":\"ListItem\",\"position\":3,\"name\":\"Analyse &#038; Simulation\"}]},{\"@type\":\"WebSite\",\"@id\":\"https:\\\/\\\/www.anecom.de\\\/de\\\/#website\",\"url\":\"https:\\\/\\\/www.anecom.de\\\/de\\\/\",\"name\":\"AneCom\",\"description\":\"\",\"publisher\":{\"@id\":\"https:\\\/\\\/www.anecom.de\\\/de\\\/#organization\"},\"potentialAction\":[{\"@type\":\"SearchAction\",\"target\":{\"@type\":\"EntryPoint\",\"urlTemplate\":\"https:\\\/\\\/www.anecom.de\\\/de\\\/?s={search_term_string}\"},\"query-input\":{\"@type\":\"PropertyValueSpecification\",\"valueRequired\":true,\"valueName\":\"search_term_string\"}}],\"inLanguage\":\"de\"},{\"@type\":\"Organization\",\"@id\":\"https:\\\/\\\/www.anecom.de\\\/de\\\/#organization\",\"name\":\"AneCom\",\"url\":\"https:\\\/\\\/www.anecom.de\\\/de\\\/\",\"logo\":{\"@type\":\"ImageObject\",\"inLanguage\":\"de\",\"@id\":\"https:\\\/\\\/www.anecom.de\\\/de\\\/#\\\/schema\\\/logo\\\/image\\\/\",\"url\":\"https:\\\/\\\/www.anecom.de\\\/wp-content\\\/uploads\\\/2025\\\/01\\\/AneCom-Logo.svg\",\"contentUrl\":\"https:\\\/\\\/www.anecom.de\\\/wp-content\\\/uploads\\\/2025\\\/01\\\/AneCom-Logo.svg\",\"width\":297,\"height\":55,\"caption\":\"AneCom\"},\"image\":{\"@id\":\"https:\\\/\\\/www.anecom.de\\\/de\\\/#\\\/schema\\\/logo\\\/image\\\/\"}}]}<\/script>\n<!-- \/ Yoast SEO plugin. -->","yoast_head_json":{"title":"Analyse & Simulation vom Konzeptentwurf bis zur Inbetriebnahme","description":"Analyse & Simulation von Stressverteilung, Schwingungsverhalten, Rotordynamik, Flansch- & Schraubendimensionierung, 2D- & 3D-Bewertung ...","robots":{"index":"index","follow":"follow","max-snippet":"max-snippet:-1","max-image-preview":"max-image-preview:large","max-video-preview":"max-video-preview:-1"},"canonical":"https:\/\/www.anecom.de\/de\/unsere-services\/analyse-simulation\/","og_locale":"de_DE","og_type":"article","og_title":"Analyse & Simulation vom Konzeptentwurf bis zur Inbetriebnahme","og_description":"Analyse & Simulation von Stressverteilung, Schwingungsverhalten, Rotordynamik, Flansch- & Schraubendimensionierung, 2D- & 3D-Bewertung ...","og_url":"https:\/\/www.anecom.de\/de\/unsere-services\/analyse-simulation\/","og_site_name":"AneCom","article_modified_time":"2025-05-20T11:03:17+00:00","og_image":[{"url":"https:\/\/www.anecom.de\/wp-content\/uploads\/2025\/01\/engineering-with-finite-element-analysis-1024x683.webp","type":"","width":"","height":""}],"twitter_card":"summary_large_image","twitter_misc":{"Gesch\u00e4tzte Lesezeit":"2\u00a0Minuten"},"schema":{"@context":"https:\/\/schema.org","@graph":[{"@type":"WebPage","@id":"https:\/\/www.anecom.de\/de\/unsere-services\/analyse-simulation\/","url":"https:\/\/www.anecom.de\/de\/unsere-services\/analyse-simulation\/","name":"Analyse & Simulation vom Konzeptentwurf bis zur Inbetriebnahme","isPartOf":{"@id":"https:\/\/www.anecom.de\/de\/#website"},"primaryImageOfPage":{"@id":"https:\/\/www.anecom.de\/de\/unsere-services\/analyse-simulation\/#primaryimage"},"image":{"@id":"https:\/\/www.anecom.de\/de\/unsere-services\/analyse-simulation\/#primaryimage"},"thumbnailUrl":"https:\/\/www.anecom.de\/wp-content\/uploads\/2025\/01\/engineering-with-finite-element-analysis-1024x683.webp","datePublished":"2025-01-08T11:51:05+00:00","dateModified":"2025-05-20T11:03:17+00:00","description":"Analyse & Simulation von Stressverteilung, Schwingungsverhalten, Rotordynamik, Flansch- & Schraubendimensionierung, 2D- & 3D-Bewertung ...","breadcrumb":{"@id":"https:\/\/www.anecom.de\/de\/unsere-services\/analyse-simulation\/#breadcrumb"},"inLanguage":"de","potentialAction":[{"@type":"ReadAction","target":["https:\/\/www.anecom.de\/de\/unsere-services\/analyse-simulation\/"]}]},{"@type":"ImageObject","inLanguage":"de","@id":"https:\/\/www.anecom.de\/de\/unsere-services\/analyse-simulation\/#primaryimage","url":"https:\/\/www.anecom.de\/wp-content\/uploads\/2025\/01\/engineering-with-finite-element-analysis-1024x683.webp","contentUrl":"https:\/\/www.anecom.de\/wp-content\/uploads\/2025\/01\/engineering-with-finite-element-analysis-1024x683.webp"},{"@type":"BreadcrumbList","@id":"https:\/\/www.anecom.de\/de\/unsere-services\/analyse-simulation\/#breadcrumb","itemListElement":[{"@type":"ListItem","position":1,"name":"Home","item":"https:\/\/www.anecom.de\/de\/"},{"@type":"ListItem","position":2,"name":"Unsere Services","item":"https:\/\/www.anecom.de\/de\/unsere-services\/"},{"@type":"ListItem","position":3,"name":"Analyse &#038; Simulation"}]},{"@type":"WebSite","@id":"https:\/\/www.anecom.de\/de\/#website","url":"https:\/\/www.anecom.de\/de\/","name":"AneCom","description":"","publisher":{"@id":"https:\/\/www.anecom.de\/de\/#organization"},"potentialAction":[{"@type":"SearchAction","target":{"@type":"EntryPoint","urlTemplate":"https:\/\/www.anecom.de\/de\/?s={search_term_string}"},"query-input":{"@type":"PropertyValueSpecification","valueRequired":true,"valueName":"search_term_string"}}],"inLanguage":"de"},{"@type":"Organization","@id":"https:\/\/www.anecom.de\/de\/#organization","name":"AneCom","url":"https:\/\/www.anecom.de\/de\/","logo":{"@type":"ImageObject","inLanguage":"de","@id":"https:\/\/www.anecom.de\/de\/#\/schema\/logo\/image\/","url":"https:\/\/www.anecom.de\/wp-content\/uploads\/2025\/01\/AneCom-Logo.svg","contentUrl":"https:\/\/www.anecom.de\/wp-content\/uploads\/2025\/01\/AneCom-Logo.svg","width":297,"height":55,"caption":"AneCom"},"image":{"@id":"https:\/\/www.anecom.de\/de\/#\/schema\/logo\/image\/"}}]}},"_links":{"self":[{"href":"https:\/\/www.anecom.de\/de\/wp-json\/wp\/v2\/pages\/3990","targetHints":{"allow":["GET"]}}],"collection":[{"href":"https:\/\/www.anecom.de\/de\/wp-json\/wp\/v2\/pages"}],"about":[{"href":"https:\/\/www.anecom.de\/de\/wp-json\/wp\/v2\/types\/page"}],"author":[{"embeddable":true,"href":"https:\/\/www.anecom.de\/de\/wp-json\/wp\/v2\/users\/1"}],"replies":[{"embeddable":true,"href":"https:\/\/www.anecom.de\/de\/wp-json\/wp\/v2\/comments?post=3990"}],"version-history":[{"count":27,"href":"https:\/\/www.anecom.de\/de\/wp-json\/wp\/v2\/pages\/3990\/revisions"}],"predecessor-version":[{"id":4852,"href":"https:\/\/www.anecom.de\/de\/wp-json\/wp\/v2\/pages\/3990\/revisions\/4852"}],"up":[{"embeddable":true,"href":"https:\/\/www.anecom.de\/de\/wp-json\/wp\/v2\/pages\/3813"}],"wp:attachment":[{"href":"https:\/\/www.anecom.de\/de\/wp-json\/wp\/v2\/media?parent=3990"}],"curies":[{"name":"wp","href":"https:\/\/api.w.org\/{rel}","templated":true}]}}