{"id":3856,"date":"2025-01-08T12:54:17","date_gmt":"2025-01-08T11:54:17","guid":{"rendered":"https:\/\/www.anecom.de\/unsere-services\/non-destructive-testing-ndt\/"},"modified":"2025-05-21T16:04:22","modified_gmt":"2025-05-21T14:04:22","slug":"oberflaechenpruefung","status":"publish","type":"page","link":"https:\/\/www.anecom.de\/de\/unsere-services\/oberflaechenpruefung\/","title":{"rendered":"Oberfl\u00e4chenpr\u00fcfung"},"content":{"rendered":"\t\t<div data-elementor-type=\"wp-page\" data-elementor-id=\"3856\" class=\"elementor elementor-3856 elementor-142\" data-elementor-post-type=\"page\">\n\t\t\t\t<div class=\"elementor-element elementor-element-3a46511d hero-header e-flex e-con-boxed e-con e-parent\" data-id=\"3a46511d\" data-element_type=\"container\" data-e-type=\"container\" data-settings=\"{&quot;background_background&quot;:&quot;classic&quot;}\">\n\t\t\t\t\t<div class=\"e-con-inner\">\n\t\t\t\t\t<\/div>\n\t\t\t\t<\/div>\n\t\t<div class=\"elementor-element elementor-element-37f04216 e-flex e-con-boxed e-con e-parent\" data-id=\"37f04216\" data-element_type=\"container\" data-e-type=\"container\">\n\t\t\t\t\t<div class=\"e-con-inner\">\n\t\t<div class=\"elementor-element elementor-element-4299eab2 e-con-full e-flex e-con e-child\" data-id=\"4299eab2\" data-element_type=\"container\" data-e-type=\"container\" data-settings=\"{&quot;background_background&quot;:&quot;classic&quot;}\">\n\t\t\t\t<div class=\"elementor-element elementor-element-1e42a386 elementor-align-left elementor-widget elementor-widget-breadcrumbs\" data-id=\"1e42a386\" data-element_type=\"widget\" data-e-type=\"widget\" data-widget_type=\"breadcrumbs.default\">\n\t\t\t\t<div class=\"elementor-widget-container\">\n\t\t\t\t\t<p id=\"breadcrumbs\"><span><span><a href=\"https:\/\/www.anecom.de\/de\/\">Home<\/a><\/span><\/span><\/p>\t\t\t\t<\/div>\n\t\t\t\t<\/div>\n\t\t\t\t<div class=\"elementor-element elementor-element-44a867a6 elementor-widget elementor-widget-heading\" data-id=\"44a867a6\" data-element_type=\"widget\" data-e-type=\"widget\" data-widget_type=\"heading.default\">\n\t\t\t\t<div class=\"elementor-widget-container\">\n\t\t\t\t\t<h1 class=\"elementor-heading-title elementor-size-default\">Oberfl\u00e4chenpr\u00fcfung <\/h1>\t\t\t\t<\/div>\n\t\t\t\t<\/div>\n\t\t\t\t<div class=\"elementor-element elementor-element-269200d0 elementor-widget elementor-widget-text-editor\" data-id=\"269200d0\" data-element_type=\"widget\" data-e-type=\"widget\" data-widget_type=\"text-editor.default\">\n\t\t\t\t<div class=\"elementor-widget-container\">\n\t\t\t\t\t\t\t\t\t<p><strong>Risspr\u00fcfung \u2013 Qualit\u00e4t und Sicherheit f\u00fcr kritische Bauteile<\/strong><\/p><p>Risse k\u00f6nnen in sicherheitskritischen Branchen wie der Luftfahrt, Automobilindustrie und Energietechnik zu Materialversagen f\u00fchren.<\/p><p>Wir bieten speziell auf Sie zugeschnittene Angebotspakete f\u00fcr ein H\u00f6chstma\u00df an Effizienz und Flexibilit\u00e4t um Ihre Bauteile zu pr\u00fcfen. Unser Unternehmen ist nach DIN EN ISO 9100 zertifiziert und unsere Mitarbeiter erf\u00fcllen alle Anspr\u00fcche der DIN EN ISO 9712 und der Arbeitssicherheitsrichtlinien nach SCC.<\/p>\t\t\t\t\t\t\t\t<\/div>\n\t\t\t\t<\/div>\n\t\t\t\t<\/div>\n\t\t\t\t\t<\/div>\n\t\t\t\t<\/div>\n\t\t<div class=\"elementor-element elementor-element-1eab2118 e-flex e-con-boxed e-con e-parent\" data-id=\"1eab2118\" data-element_type=\"container\" data-e-type=\"container\">\n\t\t\t\t\t<div class=\"e-con-inner\">\n\t\t\t\t<div class=\"elementor-element elementor-element-4870b97a elementor-widget elementor-widget-heading\" data-id=\"4870b97a\" data-element_type=\"widget\" data-e-type=\"widget\" data-widget_type=\"heading.default\">\n\t\t\t\t<div class=\"elementor-widget-container\">\n\t\t\t\t\t<h2 class=\"elementor-heading-title elementor-size-default\">Unsere F\u00e4higkeiten<\/h2>\t\t\t\t<\/div>\n\t\t\t\t<\/div>\n\t\t\t\t<div class=\"elementor-element elementor-element-6d7c80ba elementor-widget elementor-widget-text-editor\" data-id=\"6d7c80ba\" data-element_type=\"widget\" data-e-type=\"widget\" data-widget_type=\"text-editor.default\">\n\t\t\t\t<div class=\"elementor-widget-container\">\n\t\t\t\t\t\t\t\t\t<p><strong>L\u00f6sungen f\u00fcr Risspr\u00fcfung und -beseitigung<\/strong><\/p><ul><li>Eindringpr\u00fcfung (PT<strong>) <\/strong>zur Sichtbarmachung von Oberfl\u00e4chenfehlern durch fluoreszierende oder farbige Pr\u00fcfmittel<\/li><li>Effektive Grinding &#8211; Methoden zur Haarrissentfernung, die die Integrit\u00e4t der Bauteile erhalten.<\/li><li>Integrit\u00e4ts-Nachberechnungen zur Verl\u00e4ngerung der Lebensdauer und Optimierung der Betriebsf\u00e4higkeit<\/li><\/ul><p>Neben den Oberfl\u00e4chenverfahren wie Sichtpr\u00fcfung und Eindringpr\u00fcfung verf\u00fcgen wir \u00fcber erfahrene Mitarbeiter im Bereich der Reparatur und Nacharbeit, um eventuell besch\u00e4digte Bauteile nach vorher \u00a0\u00a0nachzuarbeiten. Unsere Ingenieure beraten dabei den Kunden zu m\u00f6glichen Akzeptanzkriterien und sind in der Lage auch Festigkeitsberechnungen schnell und aus einer Hand durchzuf\u00fchren!<\/p>\t\t\t\t\t\t\t\t<\/div>\n\t\t\t\t<\/div>\n\t\t\t\t\t<\/div>\n\t\t\t\t<\/div>\n\t\t\t\t<\/div>\n\t\t","protected":false},"excerpt":{"rendered":"<p>Oberfl\u00e4chenpr\u00fcfung Risspr\u00fcfung \u2013 Qualit\u00e4t und Sicherheit f\u00fcr kritische Bauteile Risse k\u00f6nnen in sicherheitskritischen Branchen wie der Luftfahrt, Automobilindustrie und Energietechnik zu Materialversagen f\u00fchren. Wir bieten speziell auf Sie zugeschnittene Angebotspakete f\u00fcr ein H\u00f6chstma\u00df an Effizienz und Flexibilit\u00e4t um Ihre Bauteile zu pr\u00fcfen. Unser Unternehmen ist nach DIN EN ISO 9100 zertifiziert und unsere Mitarbeiter erf\u00fcllen [&hellip;]<\/p>\n","protected":false},"author":1,"featured_media":0,"parent":3813,"menu_order":0,"comment_status":"closed","ping_status":"closed","template":"","meta":{"_acf_changed":false,"footnotes":""},"class_list":["post-3856","page","type-page","status-publish","hentry"],"acf":[],"yoast_head":"<!-- This site is optimized with the Yoast SEO plugin v27.3 - https:\/\/yoast.com\/product\/yoast-seo-wordpress\/ -->\n<title>Oberfl\u00e4chen-\/ Risspr\u00fcfung f\u00fcr Luftfahrt, Automobilindustrie, Energie<\/title>\n<meta name=\"description\" content=\"Oberfl\u00e4chenpr\u00fcfung, Sichtpr\u00fcfung, Risspr\u00fcfung und -beseitigung, Eindringpr\u00fcfung (PT), Effektive Grinding, Integrit\u00e4ts-Nachberechnungen ...\" \/>\n<meta name=\"robots\" content=\"index, follow, max-snippet:-1, max-image-preview:large, max-video-preview:-1\" \/>\n<link rel=\"canonical\" href=\"https:\/\/www.anecom.de\/de\/unsere-services\/oberflaechenpruefung\/\" \/>\n<meta property=\"og:locale\" content=\"de_DE\" \/>\n<meta property=\"og:type\" content=\"article\" \/>\n<meta property=\"og:title\" content=\"Oberfl\u00e4chen-\/ Risspr\u00fcfung f\u00fcr Luftfahrt, Automobilindustrie, Energie\" \/>\n<meta property=\"og:description\" content=\"Oberfl\u00e4chenpr\u00fcfung, Sichtpr\u00fcfung, Risspr\u00fcfung und -beseitigung, Eindringpr\u00fcfung (PT), Effektive Grinding, Integrit\u00e4ts-Nachberechnungen ...\" \/>\n<meta property=\"og:url\" content=\"https:\/\/www.anecom.de\/de\/unsere-services\/oberflaechenpruefung\/\" \/>\n<meta property=\"og:site_name\" content=\"AneCom\" \/>\n<meta property=\"article:modified_time\" content=\"2025-05-21T14:04:22+00:00\" \/>\n<meta name=\"twitter:card\" content=\"summary_large_image\" \/>\n<meta name=\"twitter:label1\" content=\"Gesch\u00e4tzte Lesezeit\" \/>\n\t<meta name=\"twitter:data1\" content=\"1\u00a0Minute\" \/>\n<script type=\"application\/ld+json\" class=\"yoast-schema-graph\">{\"@context\":\"https:\\\/\\\/schema.org\",\"@graph\":[{\"@type\":\"WebPage\",\"@id\":\"https:\\\/\\\/www.anecom.de\\\/de\\\/unsere-services\\\/oberflaechenpruefung\\\/\",\"url\":\"https:\\\/\\\/www.anecom.de\\\/de\\\/unsere-services\\\/oberflaechenpruefung\\\/\",\"name\":\"Oberfl\u00e4chen-\\\/ Risspr\u00fcfung f\u00fcr Luftfahrt, Automobilindustrie, Energie\",\"isPartOf\":{\"@id\":\"https:\\\/\\\/www.anecom.de\\\/de\\\/#website\"},\"datePublished\":\"2025-01-08T11:54:17+00:00\",\"dateModified\":\"2025-05-21T14:04:22+00:00\",\"description\":\"Oberfl\u00e4chenpr\u00fcfung, Sichtpr\u00fcfung, Risspr\u00fcfung und -beseitigung, Eindringpr\u00fcfung (PT), Effektive Grinding, Integrit\u00e4ts-Nachberechnungen ...\",\"breadcrumb\":{\"@id\":\"https:\\\/\\\/www.anecom.de\\\/de\\\/unsere-services\\\/oberflaechenpruefung\\\/#breadcrumb\"},\"inLanguage\":\"de\",\"potentialAction\":[{\"@type\":\"ReadAction\",\"target\":[\"https:\\\/\\\/www.anecom.de\\\/de\\\/unsere-services\\\/oberflaechenpruefung\\\/\"]}]},{\"@type\":\"BreadcrumbList\",\"@id\":\"https:\\\/\\\/www.anecom.de\\\/de\\\/unsere-services\\\/oberflaechenpruefung\\\/#breadcrumb\",\"itemListElement\":[{\"@type\":\"ListItem\",\"position\":1,\"name\":\"Home\",\"item\":\"https:\\\/\\\/www.anecom.de\\\/de\\\/\"},{\"@type\":\"ListItem\",\"position\":2,\"name\":\"Unsere Services\",\"item\":\"https:\\\/\\\/www.anecom.de\\\/de\\\/unsere-services\\\/\"},{\"@type\":\"ListItem\",\"position\":3,\"name\":\"Oberfl\u00e4chenpr\u00fcfung\"}]},{\"@type\":\"WebSite\",\"@id\":\"https:\\\/\\\/www.anecom.de\\\/de\\\/#website\",\"url\":\"https:\\\/\\\/www.anecom.de\\\/de\\\/\",\"name\":\"AneCom\",\"description\":\"\",\"publisher\":{\"@id\":\"https:\\\/\\\/www.anecom.de\\\/de\\\/#organization\"},\"potentialAction\":[{\"@type\":\"SearchAction\",\"target\":{\"@type\":\"EntryPoint\",\"urlTemplate\":\"https:\\\/\\\/www.anecom.de\\\/de\\\/?s={search_term_string}\"},\"query-input\":{\"@type\":\"PropertyValueSpecification\",\"valueRequired\":true,\"valueName\":\"search_term_string\"}}],\"inLanguage\":\"de\"},{\"@type\":\"Organization\",\"@id\":\"https:\\\/\\\/www.anecom.de\\\/de\\\/#organization\",\"name\":\"AneCom\",\"url\":\"https:\\\/\\\/www.anecom.de\\\/de\\\/\",\"logo\":{\"@type\":\"ImageObject\",\"inLanguage\":\"de\",\"@id\":\"https:\\\/\\\/www.anecom.de\\\/de\\\/#\\\/schema\\\/logo\\\/image\\\/\",\"url\":\"https:\\\/\\\/www.anecom.de\\\/wp-content\\\/uploads\\\/2025\\\/01\\\/AneCom-Logo.svg\",\"contentUrl\":\"https:\\\/\\\/www.anecom.de\\\/wp-content\\\/uploads\\\/2025\\\/01\\\/AneCom-Logo.svg\",\"width\":297,\"height\":55,\"caption\":\"AneCom\"},\"image\":{\"@id\":\"https:\\\/\\\/www.anecom.de\\\/de\\\/#\\\/schema\\\/logo\\\/image\\\/\"}}]}<\/script>\n<!-- \/ Yoast SEO plugin. -->","yoast_head_json":{"title":"Oberfl\u00e4chen-\/ Risspr\u00fcfung f\u00fcr Luftfahrt, Automobilindustrie, Energie","description":"Oberfl\u00e4chenpr\u00fcfung, Sichtpr\u00fcfung, Risspr\u00fcfung und -beseitigung, Eindringpr\u00fcfung (PT), Effektive Grinding, Integrit\u00e4ts-Nachberechnungen ...","robots":{"index":"index","follow":"follow","max-snippet":"max-snippet:-1","max-image-preview":"max-image-preview:large","max-video-preview":"max-video-preview:-1"},"canonical":"https:\/\/www.anecom.de\/de\/unsere-services\/oberflaechenpruefung\/","og_locale":"de_DE","og_type":"article","og_title":"Oberfl\u00e4chen-\/ Risspr\u00fcfung f\u00fcr Luftfahrt, Automobilindustrie, Energie","og_description":"Oberfl\u00e4chenpr\u00fcfung, Sichtpr\u00fcfung, Risspr\u00fcfung und -beseitigung, Eindringpr\u00fcfung (PT), Effektive Grinding, Integrit\u00e4ts-Nachberechnungen ...","og_url":"https:\/\/www.anecom.de\/de\/unsere-services\/oberflaechenpruefung\/","og_site_name":"AneCom","article_modified_time":"2025-05-21T14:04:22+00:00","twitter_card":"summary_large_image","twitter_misc":{"Gesch\u00e4tzte Lesezeit":"1\u00a0Minute"},"schema":{"@context":"https:\/\/schema.org","@graph":[{"@type":"WebPage","@id":"https:\/\/www.anecom.de\/de\/unsere-services\/oberflaechenpruefung\/","url":"https:\/\/www.anecom.de\/de\/unsere-services\/oberflaechenpruefung\/","name":"Oberfl\u00e4chen-\/ Risspr\u00fcfung f\u00fcr Luftfahrt, Automobilindustrie, Energie","isPartOf":{"@id":"https:\/\/www.anecom.de\/de\/#website"},"datePublished":"2025-01-08T11:54:17+00:00","dateModified":"2025-05-21T14:04:22+00:00","description":"Oberfl\u00e4chenpr\u00fcfung, Sichtpr\u00fcfung, Risspr\u00fcfung und -beseitigung, Eindringpr\u00fcfung (PT), Effektive Grinding, Integrit\u00e4ts-Nachberechnungen ...","breadcrumb":{"@id":"https:\/\/www.anecom.de\/de\/unsere-services\/oberflaechenpruefung\/#breadcrumb"},"inLanguage":"de","potentialAction":[{"@type":"ReadAction","target":["https:\/\/www.anecom.de\/de\/unsere-services\/oberflaechenpruefung\/"]}]},{"@type":"BreadcrumbList","@id":"https:\/\/www.anecom.de\/de\/unsere-services\/oberflaechenpruefung\/#breadcrumb","itemListElement":[{"@type":"ListItem","position":1,"name":"Home","item":"https:\/\/www.anecom.de\/de\/"},{"@type":"ListItem","position":2,"name":"Unsere Services","item":"https:\/\/www.anecom.de\/de\/unsere-services\/"},{"@type":"ListItem","position":3,"name":"Oberfl\u00e4chenpr\u00fcfung"}]},{"@type":"WebSite","@id":"https:\/\/www.anecom.de\/de\/#website","url":"https:\/\/www.anecom.de\/de\/","name":"AneCom","description":"","publisher":{"@id":"https:\/\/www.anecom.de\/de\/#organization"},"potentialAction":[{"@type":"SearchAction","target":{"@type":"EntryPoint","urlTemplate":"https:\/\/www.anecom.de\/de\/?s={search_term_string}"},"query-input":{"@type":"PropertyValueSpecification","valueRequired":true,"valueName":"search_term_string"}}],"inLanguage":"de"},{"@type":"Organization","@id":"https:\/\/www.anecom.de\/de\/#organization","name":"AneCom","url":"https:\/\/www.anecom.de\/de\/","logo":{"@type":"ImageObject","inLanguage":"de","@id":"https:\/\/www.anecom.de\/de\/#\/schema\/logo\/image\/","url":"https:\/\/www.anecom.de\/wp-content\/uploads\/2025\/01\/AneCom-Logo.svg","contentUrl":"https:\/\/www.anecom.de\/wp-content\/uploads\/2025\/01\/AneCom-Logo.svg","width":297,"height":55,"caption":"AneCom"},"image":{"@id":"https:\/\/www.anecom.de\/de\/#\/schema\/logo\/image\/"}}]}},"_links":{"self":[{"href":"https:\/\/www.anecom.de\/de\/wp-json\/wp\/v2\/pages\/3856","targetHints":{"allow":["GET"]}}],"collection":[{"href":"https:\/\/www.anecom.de\/de\/wp-json\/wp\/v2\/pages"}],"about":[{"href":"https:\/\/www.anecom.de\/de\/wp-json\/wp\/v2\/types\/page"}],"author":[{"embeddable":true,"href":"https:\/\/www.anecom.de\/de\/wp-json\/wp\/v2\/users\/1"}],"replies":[{"embeddable":true,"href":"https:\/\/www.anecom.de\/de\/wp-json\/wp\/v2\/comments?post=3856"}],"version-history":[{"count":14,"href":"https:\/\/www.anecom.de\/de\/wp-json\/wp\/v2\/pages\/3856\/revisions"}],"predecessor-version":[{"id":4894,"href":"https:\/\/www.anecom.de\/de\/wp-json\/wp\/v2\/pages\/3856\/revisions\/4894"}],"up":[{"embeddable":true,"href":"https:\/\/www.anecom.de\/de\/wp-json\/wp\/v2\/pages\/3813"}],"wp:attachment":[{"href":"https:\/\/www.anecom.de\/de\/wp-json\/wp\/v2\/media?parent=3856"}],"curies":[{"name":"wp","href":"https:\/\/api.w.org\/{rel}","templated":true}]}}