{"id":3848,"date":"2025-01-08T12:51:30","date_gmt":"2025-01-08T11:51:30","guid":{"rendered":"https:\/\/www.anecom.de\/unsere-services\/prototype-manufacturing\/"},"modified":"2025-05-20T13:07:44","modified_gmt":"2025-05-20T11:07:44","slug":"fertigung","status":"publish","type":"page","link":"https:\/\/www.anecom.de\/de\/unsere-services\/fertigung\/","title":{"rendered":"Fertigung"},"content":{"rendered":"\t\t<div data-elementor-type=\"wp-page\" data-elementor-id=\"3848\" class=\"elementor elementor-3848 elementor-134\" data-elementor-post-type=\"page\">\n\t\t\t\t<div class=\"elementor-element elementor-element-385863f5 hero-header e-flex e-con-boxed e-con e-parent\" data-id=\"385863f5\" data-element_type=\"container\" data-e-type=\"container\" data-settings=\"{&quot;background_background&quot;:&quot;classic&quot;}\">\n\t\t\t\t\t<div class=\"e-con-inner\">\n\t\t\t\t\t<\/div>\n\t\t\t\t<\/div>\n\t\t<div class=\"elementor-element elementor-element-570ffe36 e-flex e-con-boxed e-con e-parent\" data-id=\"570ffe36\" data-element_type=\"container\" data-e-type=\"container\">\n\t\t\t\t\t<div class=\"e-con-inner\">\n\t\t<div class=\"elementor-element elementor-element-307f7557 e-con-full e-flex e-con e-child\" data-id=\"307f7557\" data-element_type=\"container\" data-e-type=\"container\" data-settings=\"{&quot;background_background&quot;:&quot;classic&quot;}\">\n\t\t\t\t<div class=\"elementor-element elementor-element-68be3a48 elementor-align-left elementor-widget elementor-widget-breadcrumbs\" data-id=\"68be3a48\" data-element_type=\"widget\" data-e-type=\"widget\" data-widget_type=\"breadcrumbs.default\">\n\t\t\t\t<div class=\"elementor-widget-container\">\n\t\t\t\t\t<p id=\"breadcrumbs\"><span><span><a href=\"https:\/\/www.anecom.de\/de\/\">Home<\/a><\/span><\/span><\/p>\t\t\t\t<\/div>\n\t\t\t\t<\/div>\n\t\t\t\t<div class=\"elementor-element elementor-element-581b3d91 elementor-widget elementor-widget-heading\" data-id=\"581b3d91\" data-element_type=\"widget\" data-e-type=\"widget\" data-widget_type=\"heading.default\">\n\t\t\t\t<div class=\"elementor-widget-container\">\n\t\t\t\t\t<h1 class=\"elementor-heading-title elementor-size-default\">Fertigung<\/h1>\t\t\t\t<\/div>\n\t\t\t\t<\/div>\n\t\t\t\t<div class=\"elementor-element elementor-element-37e6c4e elementor-widget elementor-widget-text-editor\" data-id=\"37e6c4e\" data-element_type=\"widget\" data-e-type=\"widget\" data-widget_type=\"text-editor.default\">\n\t\t\t\t<div class=\"elementor-widget-container\">\n\t\t\t\t\t\t\t\t\t<p><strong>Fertigungsmanagement und technische Beratung<\/strong><\/p>\t\t\t\t\t\t\t\t<\/div>\n\t\t\t\t<\/div>\n\t\t\t\t<div class=\"elementor-element elementor-element-43dcd1d7 elementor-widget elementor-widget-text-editor\" data-id=\"43dcd1d7\" data-element_type=\"widget\" data-e-type=\"widget\" data-widget_type=\"text-editor.default\">\n\t\t\t\t<div class=\"elementor-widget-container\">\n\t\t\t\t\t\t\t\t\t<p>Wir bieten ma\u00dfgeschneiderte L\u00f6sungen f\u00fcr die Realisierung technischer Komponenten und Versuchstr\u00e4ger. Von der fr\u00fchzeitigen \u201eDesign to Cost\u201c und \u201eDesign to Manufacture\u201c Beratung \u00fcber die strategische Auswahl und das Management der Lieferkette bis hin zur Erstmusterpr\u00fcfung und Abweichungsbewertung \u2013 wir begleiten Sie in jeder Projektphase, um h\u00f6chste Effizienz und Qualit\u00e4t zu gew\u00e4hrleisten. Im Detail bieten wir:<\/p>\t\t\t\t\t\t\t\t<\/div>\n\t\t\t\t<\/div>\n\t\t<div class=\"elementor-element elementor-element-207012a4 e-con-full e-flex e-con e-child\" data-id=\"207012a4\" data-element_type=\"container\" data-e-type=\"container\">\n\t\t<div class=\"elementor-element elementor-element-803b0d6 e-con-full e-flex e-con e-child\" data-id=\"803b0d6\" data-element_type=\"container\" data-e-type=\"container\">\n\t\t\t\t<div class=\"elementor-element elementor-element-44145c3c elementor-widget elementor-widget-text-editor\" data-id=\"44145c3c\" data-element_type=\"widget\" data-e-type=\"widget\" data-widget_type=\"text-editor.default\">\n\t\t\t\t<div class=\"elementor-widget-container\">\n\t\t\t\t\t\t\t\t\t<ul><li>Technische Leitung der Fertigung<\/li><li>Fertigungstechnologien und Konstruktionsberatung<\/li><li>Design for Cost (DfC)<\/li><li>Design for Quality (DfQ)<\/li><li>Materialauswahl (Grundmaterialien &amp; Beschichtungen)<\/li><li>Definition von Toleranzen<\/li><li>Auswahl und Management der Lieferkette<\/li><li>Lieferantenauditierung<\/li><li>Teilepr\u00fcfung, Abweichungsbewertung und Abnahme<\/li><li>Lead time management<\/li><\/ul>\t\t\t\t\t\t\t\t<\/div>\n\t\t\t\t<\/div>\n\t\t\t\t<\/div>\n\t\t\t\t<\/div>\n\t\t\t\t<\/div>\n\t\t\t\t\t<\/div>\n\t\t\t\t<\/div>\n\t\t<div class=\"elementor-element elementor-element-1c8b4477 e-flex e-con-boxed e-con e-parent\" data-id=\"1c8b4477\" data-element_type=\"container\" data-e-type=\"container\">\n\t\t\t\t\t<div class=\"e-con-inner\">\n\t\t\t\t<div class=\"elementor-element elementor-element-339f995 elementor-widget elementor-widget-heading\" data-id=\"339f995\" data-element_type=\"widget\" data-e-type=\"widget\" data-widget_type=\"heading.default\">\n\t\t\t\t<div class=\"elementor-widget-container\">\n\t\t\t\t\t<h2 class=\"elementor-heading-title elementor-size-default\">Unsere F\u00e4higkeiten<\/h2>\t\t\t\t<\/div>\n\t\t\t\t<\/div>\n\t\t<div class=\"elementor-element elementor-element-7585d099 e-grid e-con-full e-con e-child\" data-id=\"7585d099\" data-element_type=\"container\" data-e-type=\"container\">\n\t\t\t\t<div class=\"elementor-element elementor-element-7a7ad322 elementor-widget elementor-widget-image\" data-id=\"7a7ad322\" data-element_type=\"widget\" data-e-type=\"widget\" data-widget_type=\"image.default\">\n\t\t\t\t<div class=\"elementor-widget-container\">\n\t\t\t\t\t\t\t\t\t\t\t\t<figure class=\"wp-caption\">\n\t\t\t\t\t\t\t\t\t\t<img fetchpriority=\"high\" decoding=\"async\" width=\"800\" height=\"738\" src=\"https:\/\/www.anecom.de\/wp-content\/uploads\/2025\/02\/Manufacturing_2-1024x945.webp\" class=\"attachment-large size-large wp-image-1224\" alt=\"\" srcset=\"https:\/\/www.anecom.de\/wp-content\/uploads\/2025\/02\/Manufacturing_2-1024x945.webp 1024w, https:\/\/www.anecom.de\/wp-content\/uploads\/2025\/02\/Manufacturing_2-300x277.webp 300w, https:\/\/www.anecom.de\/wp-content\/uploads\/2025\/02\/Manufacturing_2-768x709.webp 768w, https:\/\/www.anecom.de\/wp-content\/uploads\/2025\/02\/Manufacturing_2.webp 1200w\" sizes=\"(max-width: 800px) 100vw, 800px\" \/>\t\t\t\t\t\t\t\t\t\t\t<figcaption class=\"widget-image-caption wp-caption-text\">\u00a9 AneCom AeroTest<\/figcaption>\n\t\t\t\t\t\t\t\t\t\t<\/figure>\n\t\t\t\t\t\t\t\t\t<\/div>\n\t\t\t\t<\/div>\n\t\t<div class=\"elementor-element elementor-element-5787dc0 e-con-full e-flex e-con e-child\" data-id=\"5787dc0\" data-element_type=\"container\" data-e-type=\"container\">\n\t\t\t\t<div class=\"elementor-element elementor-element-21108911 elementor-widget elementor-widget-text-editor\" data-id=\"21108911\" data-element_type=\"widget\" data-e-type=\"widget\" data-widget_type=\"text-editor.default\">\n\t\t\t\t<div class=\"elementor-widget-container\">\n\t\t\t\t\t\t\t\t\t<ul><li>Schnelle Fertigung und pr\u00e4zise Bearbeitung von Komponenten, einschlie\u00dflich modernster 3D-Drucktechnologien<\/li><li>Langj\u00e4hrige Partnerschaften mit einer etablierten und zuverl\u00e4ssigen Lieferkette<\/li><li>Engagierte Zusammenarbeit mit der Lieferkette, um selbst anspruchsvollste Durchlaufzeiten zu meistern<\/li><li>Realisation von hochkomplexen Bauteilen<\/li><li>Verwendung von Premium-Materialien, die hohen Industrie- und Luftfahrtstandards entsprechen<\/li><li>Effektives Kostenmanagement<\/li><\/ul>\t\t\t\t\t\t\t\t<\/div>\n\t\t\t\t<\/div>\n\t\t\t\t<\/div>\n\t\t\t\t<\/div>\n\t\t\t\t\t<\/div>\n\t\t\t\t<\/div>\n\t\t\t\t<\/div>\n\t\t","protected":false},"excerpt":{"rendered":"<p>Fertigung Fertigungsmanagement und technische Beratung Wir bieten ma\u00dfgeschneiderte L\u00f6sungen f\u00fcr die Realisierung technischer Komponenten und Versuchstr\u00e4ger. Von der fr\u00fchzeitigen \u201eDesign to Cost\u201c und \u201eDesign to Manufacture\u201c Beratung \u00fcber die strategische Auswahl und das Management der Lieferkette bis hin zur Erstmusterpr\u00fcfung und Abweichungsbewertung \u2013 wir begleiten Sie in jeder Projektphase, um h\u00f6chste Effizienz und Qualit\u00e4t zu [&hellip;]<\/p>\n","protected":false},"author":1,"featured_media":0,"parent":3813,"menu_order":0,"comment_status":"closed","ping_status":"closed","template":"","meta":{"_acf_changed":false,"footnotes":""},"class_list":["post-3848","page","type-page","status-publish","hentry"],"acf":[],"yoast_head":"<!-- This site is optimized with the Yoast SEO plugin v27.3 - https:\/\/yoast.com\/product\/yoast-seo-wordpress\/ -->\n<title>Fertigungsmanagement technischer Komponenten, Versuchstr\u00e4ger<\/title>\n<meta name=\"description\" content=\"Fertigungstechnologien, Konstruktionsberatung, Design for Cost (DfC), Design for Quality (DfQ), Teilepr\u00fcfung, Abweichungsbewertung, Abnahme\" \/>\n<meta name=\"robots\" content=\"index, follow, max-snippet:-1, max-image-preview:large, max-video-preview:-1\" \/>\n<link rel=\"canonical\" href=\"https:\/\/www.anecom.de\/de\/unsere-services\/fertigung\/\" \/>\n<meta property=\"og:locale\" content=\"de_DE\" \/>\n<meta property=\"og:type\" content=\"article\" \/>\n<meta property=\"og:title\" content=\"Fertigungsmanagement technischer Komponenten, Versuchstr\u00e4ger\" \/>\n<meta property=\"og:description\" content=\"Fertigungstechnologien, Konstruktionsberatung, Design for Cost (DfC), Design for Quality (DfQ), Teilepr\u00fcfung, Abweichungsbewertung, Abnahme\" \/>\n<meta property=\"og:url\" content=\"https:\/\/www.anecom.de\/de\/unsere-services\/fertigung\/\" \/>\n<meta property=\"og:site_name\" content=\"AneCom\" \/>\n<meta property=\"article:modified_time\" content=\"2025-05-20T11:07:44+00:00\" \/>\n<meta property=\"og:image\" content=\"https:\/\/www.anecom.de\/wp-content\/uploads\/2025\/02\/Manufacturing_2-1024x945.webp\" \/>\n<meta name=\"twitter:card\" content=\"summary_large_image\" \/>\n<meta name=\"twitter:label1\" content=\"Gesch\u00e4tzte Lesezeit\" \/>\n\t<meta name=\"twitter:data1\" content=\"1\u00a0Minute\" \/>\n<script type=\"application\/ld+json\" class=\"yoast-schema-graph\">{\"@context\":\"https:\\\/\\\/schema.org\",\"@graph\":[{\"@type\":\"WebPage\",\"@id\":\"https:\\\/\\\/www.anecom.de\\\/de\\\/unsere-services\\\/fertigung\\\/\",\"url\":\"https:\\\/\\\/www.anecom.de\\\/de\\\/unsere-services\\\/fertigung\\\/\",\"name\":\"Fertigungsmanagement technischer Komponenten, Versuchstr\u00e4ger\",\"isPartOf\":{\"@id\":\"https:\\\/\\\/www.anecom.de\\\/de\\\/#website\"},\"primaryImageOfPage\":{\"@id\":\"https:\\\/\\\/www.anecom.de\\\/de\\\/unsere-services\\\/fertigung\\\/#primaryimage\"},\"image\":{\"@id\":\"https:\\\/\\\/www.anecom.de\\\/de\\\/unsere-services\\\/fertigung\\\/#primaryimage\"},\"thumbnailUrl\":\"https:\\\/\\\/www.anecom.de\\\/wp-content\\\/uploads\\\/2025\\\/02\\\/Manufacturing_2-1024x945.webp\",\"datePublished\":\"2025-01-08T11:51:30+00:00\",\"dateModified\":\"2025-05-20T11:07:44+00:00\",\"description\":\"Fertigungstechnologien, Konstruktionsberatung, Design for Cost (DfC), Design for Quality (DfQ), Teilepr\u00fcfung, Abweichungsbewertung, Abnahme\",\"breadcrumb\":{\"@id\":\"https:\\\/\\\/www.anecom.de\\\/de\\\/unsere-services\\\/fertigung\\\/#breadcrumb\"},\"inLanguage\":\"de\",\"potentialAction\":[{\"@type\":\"ReadAction\",\"target\":[\"https:\\\/\\\/www.anecom.de\\\/de\\\/unsere-services\\\/fertigung\\\/\"]}]},{\"@type\":\"ImageObject\",\"inLanguage\":\"de\",\"@id\":\"https:\\\/\\\/www.anecom.de\\\/de\\\/unsere-services\\\/fertigung\\\/#primaryimage\",\"url\":\"https:\\\/\\\/www.anecom.de\\\/wp-content\\\/uploads\\\/2025\\\/02\\\/Manufacturing_2-1024x945.webp\",\"contentUrl\":\"https:\\\/\\\/www.anecom.de\\\/wp-content\\\/uploads\\\/2025\\\/02\\\/Manufacturing_2-1024x945.webp\"},{\"@type\":\"BreadcrumbList\",\"@id\":\"https:\\\/\\\/www.anecom.de\\\/de\\\/unsere-services\\\/fertigung\\\/#breadcrumb\",\"itemListElement\":[{\"@type\":\"ListItem\",\"position\":1,\"name\":\"Home\",\"item\":\"https:\\\/\\\/www.anecom.de\\\/de\\\/\"},{\"@type\":\"ListItem\",\"position\":2,\"name\":\"Unsere Services\",\"item\":\"https:\\\/\\\/www.anecom.de\\\/de\\\/unsere-services\\\/\"},{\"@type\":\"ListItem\",\"position\":3,\"name\":\"Fertigung\"}]},{\"@type\":\"WebSite\",\"@id\":\"https:\\\/\\\/www.anecom.de\\\/de\\\/#website\",\"url\":\"https:\\\/\\\/www.anecom.de\\\/de\\\/\",\"name\":\"AneCom\",\"description\":\"\",\"publisher\":{\"@id\":\"https:\\\/\\\/www.anecom.de\\\/de\\\/#organization\"},\"potentialAction\":[{\"@type\":\"SearchAction\",\"target\":{\"@type\":\"EntryPoint\",\"urlTemplate\":\"https:\\\/\\\/www.anecom.de\\\/de\\\/?s={search_term_string}\"},\"query-input\":{\"@type\":\"PropertyValueSpecification\",\"valueRequired\":true,\"valueName\":\"search_term_string\"}}],\"inLanguage\":\"de\"},{\"@type\":\"Organization\",\"@id\":\"https:\\\/\\\/www.anecom.de\\\/de\\\/#organization\",\"name\":\"AneCom\",\"url\":\"https:\\\/\\\/www.anecom.de\\\/de\\\/\",\"logo\":{\"@type\":\"ImageObject\",\"inLanguage\":\"de\",\"@id\":\"https:\\\/\\\/www.anecom.de\\\/de\\\/#\\\/schema\\\/logo\\\/image\\\/\",\"url\":\"https:\\\/\\\/www.anecom.de\\\/wp-content\\\/uploads\\\/2025\\\/01\\\/AneCom-Logo.svg\",\"contentUrl\":\"https:\\\/\\\/www.anecom.de\\\/wp-content\\\/uploads\\\/2025\\\/01\\\/AneCom-Logo.svg\",\"width\":297,\"height\":55,\"caption\":\"AneCom\"},\"image\":{\"@id\":\"https:\\\/\\\/www.anecom.de\\\/de\\\/#\\\/schema\\\/logo\\\/image\\\/\"}}]}<\/script>\n<!-- \/ Yoast SEO plugin. -->","yoast_head_json":{"title":"Fertigungsmanagement technischer Komponenten, Versuchstr\u00e4ger","description":"Fertigungstechnologien, Konstruktionsberatung, Design for Cost (DfC), Design for Quality (DfQ), Teilepr\u00fcfung, Abweichungsbewertung, Abnahme","robots":{"index":"index","follow":"follow","max-snippet":"max-snippet:-1","max-image-preview":"max-image-preview:large","max-video-preview":"max-video-preview:-1"},"canonical":"https:\/\/www.anecom.de\/de\/unsere-services\/fertigung\/","og_locale":"de_DE","og_type":"article","og_title":"Fertigungsmanagement technischer Komponenten, Versuchstr\u00e4ger","og_description":"Fertigungstechnologien, Konstruktionsberatung, Design for Cost (DfC), Design for Quality (DfQ), Teilepr\u00fcfung, Abweichungsbewertung, Abnahme","og_url":"https:\/\/www.anecom.de\/de\/unsere-services\/fertigung\/","og_site_name":"AneCom","article_modified_time":"2025-05-20T11:07:44+00:00","og_image":[{"url":"https:\/\/www.anecom.de\/wp-content\/uploads\/2025\/02\/Manufacturing_2-1024x945.webp","type":"","width":"","height":""}],"twitter_card":"summary_large_image","twitter_misc":{"Gesch\u00e4tzte Lesezeit":"1\u00a0Minute"},"schema":{"@context":"https:\/\/schema.org","@graph":[{"@type":"WebPage","@id":"https:\/\/www.anecom.de\/de\/unsere-services\/fertigung\/","url":"https:\/\/www.anecom.de\/de\/unsere-services\/fertigung\/","name":"Fertigungsmanagement technischer Komponenten, Versuchstr\u00e4ger","isPartOf":{"@id":"https:\/\/www.anecom.de\/de\/#website"},"primaryImageOfPage":{"@id":"https:\/\/www.anecom.de\/de\/unsere-services\/fertigung\/#primaryimage"},"image":{"@id":"https:\/\/www.anecom.de\/de\/unsere-services\/fertigung\/#primaryimage"},"thumbnailUrl":"https:\/\/www.anecom.de\/wp-content\/uploads\/2025\/02\/Manufacturing_2-1024x945.webp","datePublished":"2025-01-08T11:51:30+00:00","dateModified":"2025-05-20T11:07:44+00:00","description":"Fertigungstechnologien, Konstruktionsberatung, Design for Cost (DfC), Design for Quality (DfQ), Teilepr\u00fcfung, Abweichungsbewertung, Abnahme","breadcrumb":{"@id":"https:\/\/www.anecom.de\/de\/unsere-services\/fertigung\/#breadcrumb"},"inLanguage":"de","potentialAction":[{"@type":"ReadAction","target":["https:\/\/www.anecom.de\/de\/unsere-services\/fertigung\/"]}]},{"@type":"ImageObject","inLanguage":"de","@id":"https:\/\/www.anecom.de\/de\/unsere-services\/fertigung\/#primaryimage","url":"https:\/\/www.anecom.de\/wp-content\/uploads\/2025\/02\/Manufacturing_2-1024x945.webp","contentUrl":"https:\/\/www.anecom.de\/wp-content\/uploads\/2025\/02\/Manufacturing_2-1024x945.webp"},{"@type":"BreadcrumbList","@id":"https:\/\/www.anecom.de\/de\/unsere-services\/fertigung\/#breadcrumb","itemListElement":[{"@type":"ListItem","position":1,"name":"Home","item":"https:\/\/www.anecom.de\/de\/"},{"@type":"ListItem","position":2,"name":"Unsere Services","item":"https:\/\/www.anecom.de\/de\/unsere-services\/"},{"@type":"ListItem","position":3,"name":"Fertigung"}]},{"@type":"WebSite","@id":"https:\/\/www.anecom.de\/de\/#website","url":"https:\/\/www.anecom.de\/de\/","name":"AneCom","description":"","publisher":{"@id":"https:\/\/www.anecom.de\/de\/#organization"},"potentialAction":[{"@type":"SearchAction","target":{"@type":"EntryPoint","urlTemplate":"https:\/\/www.anecom.de\/de\/?s={search_term_string}"},"query-input":{"@type":"PropertyValueSpecification","valueRequired":true,"valueName":"search_term_string"}}],"inLanguage":"de"},{"@type":"Organization","@id":"https:\/\/www.anecom.de\/de\/#organization","name":"AneCom","url":"https:\/\/www.anecom.de\/de\/","logo":{"@type":"ImageObject","inLanguage":"de","@id":"https:\/\/www.anecom.de\/de\/#\/schema\/logo\/image\/","url":"https:\/\/www.anecom.de\/wp-content\/uploads\/2025\/01\/AneCom-Logo.svg","contentUrl":"https:\/\/www.anecom.de\/wp-content\/uploads\/2025\/01\/AneCom-Logo.svg","width":297,"height":55,"caption":"AneCom"},"image":{"@id":"https:\/\/www.anecom.de\/de\/#\/schema\/logo\/image\/"}}]}},"_links":{"self":[{"href":"https:\/\/www.anecom.de\/de\/wp-json\/wp\/v2\/pages\/3848","targetHints":{"allow":["GET"]}}],"collection":[{"href":"https:\/\/www.anecom.de\/de\/wp-json\/wp\/v2\/pages"}],"about":[{"href":"https:\/\/www.anecom.de\/de\/wp-json\/wp\/v2\/types\/page"}],"author":[{"embeddable":true,"href":"https:\/\/www.anecom.de\/de\/wp-json\/wp\/v2\/users\/1"}],"replies":[{"embeddable":true,"href":"https:\/\/www.anecom.de\/de\/wp-json\/wp\/v2\/comments?post=3848"}],"version-history":[{"count":8,"href":"https:\/\/www.anecom.de\/de\/wp-json\/wp\/v2\/pages\/3848\/revisions"}],"predecessor-version":[{"id":4853,"href":"https:\/\/www.anecom.de\/de\/wp-json\/wp\/v2\/pages\/3848\/revisions\/4853"}],"up":[{"embeddable":true,"href":"https:\/\/www.anecom.de\/de\/wp-json\/wp\/v2\/pages\/3813"}],"wp:attachment":[{"href":"https:\/\/www.anecom.de\/de\/wp-json\/wp\/v2\/media?parent=3848"}],"curies":[{"name":"wp","href":"https:\/\/api.w.org\/{rel}","templated":true}]}}