{"id":3832,"date":"2025-01-08T12:50:40","date_gmt":"2025-01-08T11:50:40","guid":{"rendered":"https:\/\/www.anecom.de\/unsere-services\/mechanical-design\/"},"modified":"2025-05-20T12:55:24","modified_gmt":"2025-05-20T10:55:24","slug":"mechanische-konstruktion","status":"publish","type":"page","link":"https:\/\/www.anecom.de\/de\/unsere-services\/mechanische-konstruktion\/","title":{"rendered":"Mechanische Konstruktion"},"content":{"rendered":"\t\t<div data-elementor-type=\"wp-page\" data-elementor-id=\"3832\" class=\"elementor elementor-3832 elementor-130\" data-elementor-post-type=\"page\">\n\t\t\t\t<div class=\"elementor-element elementor-element-1e7fad2e hero-header e-flex e-con-boxed e-con e-parent\" data-id=\"1e7fad2e\" data-element_type=\"container\" data-e-type=\"container\" data-settings=\"{&quot;background_background&quot;:&quot;classic&quot;}\">\n\t\t\t\t\t<div class=\"e-con-inner\">\n\t\t\t\t\t<\/div>\n\t\t\t\t<\/div>\n\t\t<div class=\"elementor-element elementor-element-529902a8 e-flex e-con-boxed e-con e-parent\" data-id=\"529902a8\" data-element_type=\"container\" data-e-type=\"container\">\n\t\t\t\t\t<div class=\"e-con-inner\">\n\t\t<div class=\"elementor-element elementor-element-c98f678 e-con-full e-flex e-con e-child\" data-id=\"c98f678\" data-element_type=\"container\" data-e-type=\"container\" data-settings=\"{&quot;background_background&quot;:&quot;classic&quot;}\">\n\t\t\t\t<div class=\"elementor-element elementor-element-3082df9 elementor-align-left elementor-widget elementor-widget-breadcrumbs\" data-id=\"3082df9\" data-element_type=\"widget\" data-e-type=\"widget\" data-widget_type=\"breadcrumbs.default\">\n\t\t\t\t<div class=\"elementor-widget-container\">\n\t\t\t\t\t<p id=\"breadcrumbs\"><span><span><a href=\"https:\/\/www.anecom.de\/de\/\">Home<\/a><\/span><\/span><\/p>\t\t\t\t<\/div>\n\t\t\t\t<\/div>\n\t\t\t\t<div class=\"elementor-element elementor-element-65bfe548 elementor-widget elementor-widget-heading\" data-id=\"65bfe548\" data-element_type=\"widget\" data-e-type=\"widget\" data-widget_type=\"heading.default\">\n\t\t\t\t<div class=\"elementor-widget-container\">\n\t\t\t\t\t<h1 class=\"elementor-heading-title elementor-size-default\">Mechanische Konstruktion<\/h1>\t\t\t\t<\/div>\n\t\t\t\t<\/div>\n\t\t\t\t<div class=\"elementor-element elementor-element-149e00dd elementor-widget elementor-widget-text-editor\" data-id=\"149e00dd\" data-element_type=\"widget\" data-e-type=\"widget\" data-widget_type=\"text-editor.default\">\n\t\t\t\t<div class=\"elementor-widget-container\">\n\t\t\t\t\t\t\t\t\t<p><strong>Design und Analyse<\/strong><\/p><p>Wir bieten unseren Kunden umfassende L\u00f6sungen in allen Bereichen des Maschinenbaus \u2013 von der mechanischen Konstruktion komplexer Maschinen und Systeme bis hin zur Montage von Prototypen und Testst\u00e4nden. P\u00fcnktlich. In h\u00f6chster Qualit\u00e4t. Im Rahmen des Budgets.<\/p>\t\t\t\t\t\t\t\t<\/div>\n\t\t\t\t<\/div>\n\t\t<div class=\"elementor-element elementor-element-d95dd36 e-con-full e-flex e-con e-child\" data-id=\"d95dd36\" data-element_type=\"container\" data-e-type=\"container\">\n\t\t<div class=\"elementor-element elementor-element-e798dce e-con-full e-flex e-con e-child\" data-id=\"e798dce\" data-element_type=\"container\" data-e-type=\"container\">\n\t\t\t\t<div class=\"elementor-element elementor-element-bb226b0 elementor-widget elementor-widget-text-editor\" data-id=\"bb226b0\" data-element_type=\"widget\" data-e-type=\"widget\" data-widget_type=\"text-editor.default\">\n\t\t\t\t<div class=\"elementor-widget-container\">\n\t\t\t\t\t\t\t\t\t<ul><li>Concept Design<\/li><li>Detailed Design<\/li><li>Erstellung technischer Zeichnungen<\/li><li>Fertigung<\/li><\/ul>\t\t\t\t\t\t\t\t<\/div>\n\t\t\t\t<\/div>\n\t\t\t\t<\/div>\n\t\t\t\t<\/div>\n\t\t\t\t<\/div>\n\t\t\t\t\t<\/div>\n\t\t\t\t<\/div>\n\t\t<div class=\"elementor-element elementor-element-3f1fd4de e-flex e-con-boxed e-con e-parent\" data-id=\"3f1fd4de\" data-element_type=\"container\" data-e-type=\"container\">\n\t\t\t\t\t<div class=\"e-con-inner\">\n\t\t\t\t<div class=\"elementor-element elementor-element-483da77f elementor-widget elementor-widget-heading\" data-id=\"483da77f\" data-element_type=\"widget\" data-e-type=\"widget\" data-widget_type=\"heading.default\">\n\t\t\t\t<div class=\"elementor-widget-container\">\n\t\t\t\t\t<h2 class=\"elementor-heading-title elementor-size-default\">Unsere F\u00e4higkeiten<\/h2>\t\t\t\t<\/div>\n\t\t\t\t<\/div>\n\t\t<div class=\"elementor-element elementor-element-5ae7d351 e-grid e-con-full e-con e-child\" data-id=\"5ae7d351\" data-element_type=\"container\" data-e-type=\"container\">\n\t\t\t\t<div class=\"elementor-element elementor-element-ec6b1a1 elementor-widget elementor-widget-image\" data-id=\"ec6b1a1\" data-element_type=\"widget\" data-e-type=\"widget\" data-widget_type=\"image.default\">\n\t\t\t\t<div class=\"elementor-widget-container\">\n\t\t\t\t\t\t\t\t\t\t\t\t<figure class=\"wp-caption\">\n\t\t\t\t\t\t\t\t\t\t<img fetchpriority=\"high\" decoding=\"async\" width=\"800\" height=\"534\" src=\"https:\/\/www.anecom.de\/wp-content\/uploads\/2025\/01\/Capabilities-Mechanical-Design-1024x683.webp\" class=\"attachment-large size-large wp-image-880\" alt=\"\" srcset=\"https:\/\/www.anecom.de\/wp-content\/uploads\/2025\/01\/Capabilities-Mechanical-Design-1024x683.webp 1024w, https:\/\/www.anecom.de\/wp-content\/uploads\/2025\/01\/Capabilities-Mechanical-Design-300x200.webp 300w, https:\/\/www.anecom.de\/wp-content\/uploads\/2025\/01\/Capabilities-Mechanical-Design-768x512.webp 768w, https:\/\/www.anecom.de\/wp-content\/uploads\/2025\/01\/Capabilities-Mechanical-Design.webp 1200w\" sizes=\"(max-width: 800px) 100vw, 800px\" \/>\t\t\t\t\t\t\t\t\t\t\t<figcaption class=\"widget-image-caption wp-caption-text\">\u00a9 Chaosamran_Studio I stock.adobe.com<\/figcaption>\n\t\t\t\t\t\t\t\t\t\t<\/figure>\n\t\t\t\t\t\t\t\t\t<\/div>\n\t\t\t\t<\/div>\n\t\t<div class=\"elementor-element elementor-element-43f778b6 e-con-full e-flex e-con e-child\" data-id=\"43f778b6\" data-element_type=\"container\" data-e-type=\"container\">\n\t\t\t\t<div class=\"elementor-element elementor-element-2bb75641 elementor-widget elementor-widget-text-editor\" data-id=\"2bb75641\" data-element_type=\"widget\" data-e-type=\"widget\" data-widget_type=\"text-editor.default\">\n\t\t\t\t<div class=\"elementor-widget-container\">\n\t\t\t\t\t\t\t\t\t<ul><li>Anforderungsmanagement<\/li><li>3D-Prototyping<\/li><li>FFMEA &amp; DMFEA<\/li><li>Konzeptauswahlanalyse<br \/>(Pugh-Matrix, Analytischer Hierarchieprozess)<\/li><li>Detailliertes Design<\/li><li>3D-Modellierung<\/li><li>Tooling design<\/li><li>Product Lifecycle Management<\/li><li>Design for Manufacture<\/li><li>Design for Assembly<\/li><li>Instandhaltungsanalyse<\/li><li>3D-Modellierung einschlie\u00dflich komplexer Oberfl\u00e4chen-Generierung<\/li><li>Erstellung von Fertigungs- und Montagezeichnungen<\/li><li>Erstellung von Zeichnungen und Pr\u00fcfung nach anerkannten ISO-Normen<\/li><\/ul>\t\t\t\t\t\t\t\t<\/div>\n\t\t\t\t<\/div>\n\t\t\t\t<\/div>\n\t\t\t\t<\/div>\n\t\t\t\t\t<\/div>\n\t\t\t\t<\/div>\n\t\t<div class=\"elementor-element elementor-element-ade0514 e-flex e-con-boxed e-con e-parent\" data-id=\"ade0514\" data-element_type=\"container\" data-e-type=\"container\">\n\t\t\t\t\t<div class=\"e-con-inner\">\n\t\t\t\t<div class=\"elementor-element elementor-element-4b42c22 elementor-widget elementor-widget-heading\" data-id=\"4b42c22\" data-element_type=\"widget\" data-e-type=\"widget\" data-widget_type=\"heading.default\">\n\t\t\t\t<div class=\"elementor-widget-container\">\n\t\t\t\t\t<h2 class=\"elementor-heading-title elementor-size-default\">Tools<\/h2>\t\t\t\t<\/div>\n\t\t\t\t<\/div>\n\t\t<div class=\"elementor-element elementor-element-35e784e e-grid e-con-full e-con e-child\" data-id=\"35e784e\" data-element_type=\"container\" data-e-type=\"container\">\n\t\t<div class=\"elementor-element elementor-element-effa816 e-con-full e-flex e-con e-child\" data-id=\"effa816\" data-element_type=\"container\" data-e-type=\"container\">\n\t\t\t\t<div class=\"elementor-element elementor-element-442ec98 elementor-widget elementor-widget-text-editor\" data-id=\"442ec98\" data-element_type=\"widget\" data-e-type=\"widget\" data-widget_type=\"text-editor.default\">\n\t\t\t\t<div class=\"elementor-widget-container\">\n\t\t\t\t\t\t\t\t\t<ul><li>Siemens NX<\/li><li>Catia V5<\/li><li>Systems Engineering<\/li><li>Solid Works<\/li><li>AutoCad<\/li><\/ul>\t\t\t\t\t\t\t\t<\/div>\n\t\t\t\t<\/div>\n\t\t\t\t<\/div>\n\t\t\t\t<div class=\"elementor-element elementor-element-d77dcfe elementor-widget elementor-widget-image\" data-id=\"d77dcfe\" data-element_type=\"widget\" data-e-type=\"widget\" data-widget_type=\"image.default\">\n\t\t\t\t<div class=\"elementor-widget-container\">\n\t\t\t\t\t\t\t\t\t\t\t\t<figure class=\"wp-caption\">\n\t\t\t\t\t\t\t\t\t\t<img decoding=\"async\" width=\"800\" height=\"534\" src=\"https:\/\/www.anecom.de\/wp-content\/uploads\/2025\/01\/Tools-1024x683.webp\" class=\"attachment-large size-large wp-image-888\" alt=\"\" srcset=\"https:\/\/www.anecom.de\/wp-content\/uploads\/2025\/01\/Tools-1024x683.webp 1024w, https:\/\/www.anecom.de\/wp-content\/uploads\/2025\/01\/Tools-300x200.webp 300w, https:\/\/www.anecom.de\/wp-content\/uploads\/2025\/01\/Tools-768x512.webp 768w, https:\/\/www.anecom.de\/wp-content\/uploads\/2025\/01\/Tools.webp 1200w\" sizes=\"(max-width: 800px) 100vw, 800px\" \/>\t\t\t\t\t\t\t\t\t\t\t<figcaption class=\"widget-image-caption wp-caption-text\">\u00a9 Michael Traitov I stock.adobe.com<\/figcaption>\n\t\t\t\t\t\t\t\t\t\t<\/figure>\n\t\t\t\t\t\t\t\t\t<\/div>\n\t\t\t\t<\/div>\n\t\t\t\t<\/div>\n\t\t\t\t\t<\/div>\n\t\t\t\t<\/div>\n\t\t\t\t<\/div>\n\t\t","protected":false},"excerpt":{"rendered":"<p>Mechanische Konstruktion Design und Analyse Wir bieten unseren Kunden umfassende L\u00f6sungen in allen Bereichen des Maschinenbaus \u2013 von der mechanischen Konstruktion komplexer Maschinen und Systeme bis hin zur Montage von Prototypen und Testst\u00e4nden. P\u00fcnktlich. In h\u00f6chster Qualit\u00e4t. Im Rahmen des Budgets. Concept Design Detailed Design Erstellung technischer Zeichnungen Fertigung Unsere F\u00e4higkeiten \u00a9 Chaosamran_Studio I stock.adobe.com [&hellip;]<\/p>\n","protected":false},"author":1,"featured_media":0,"parent":3813,"menu_order":0,"comment_status":"closed","ping_status":"closed","template":"","meta":{"_acf_changed":false,"footnotes":""},"class_list":["post-3832","page","type-page","status-publish","hentry"],"acf":[],"yoast_head":"<!-- This site is optimized with the Yoast SEO plugin v27.3 - https:\/\/yoast.com\/product\/yoast-seo-wordpress\/ -->\n<title>Mechanische Konstruktion, Design, Analyse, 3D-Prototyping<\/title>\n<meta name=\"description\" content=\"Mechanischen Konstruktion komplexer Maschinen und Systeme, Montage von Prototypen, Testst\u00e4nden, 3D-Modellierung, FFMEA &amp; DMFEA ...\" \/>\n<meta name=\"robots\" content=\"index, follow, max-snippet:-1, max-image-preview:large, max-video-preview:-1\" \/>\n<link rel=\"canonical\" href=\"https:\/\/www.anecom.de\/de\/unsere-services\/mechanische-konstruktion\/\" \/>\n<meta property=\"og:locale\" content=\"de_DE\" \/>\n<meta property=\"og:type\" content=\"article\" \/>\n<meta property=\"og:title\" content=\"Mechanische Konstruktion, Design, Analyse, 3D-Prototyping\" \/>\n<meta property=\"og:description\" content=\"Mechanischen Konstruktion komplexer Maschinen und Systeme, Montage von Prototypen, Testst\u00e4nden, 3D-Modellierung, FFMEA &amp; DMFEA ...\" \/>\n<meta property=\"og:url\" content=\"https:\/\/www.anecom.de\/de\/unsere-services\/mechanische-konstruktion\/\" \/>\n<meta property=\"og:site_name\" content=\"AneCom\" \/>\n<meta property=\"article:modified_time\" content=\"2025-05-20T10:55:24+00:00\" \/>\n<meta property=\"og:image\" content=\"https:\/\/www.anecom.de\/wp-content\/uploads\/2025\/01\/Capabilities-Mechanical-Design-1024x683.webp\" \/>\n<meta name=\"twitter:card\" content=\"summary_large_image\" \/>\n<meta name=\"twitter:label1\" content=\"Gesch\u00e4tzte Lesezeit\" \/>\n\t<meta name=\"twitter:data1\" content=\"1\u00a0Minute\" \/>\n<script type=\"application\/ld+json\" class=\"yoast-schema-graph\">{\"@context\":\"https:\\\/\\\/schema.org\",\"@graph\":[{\"@type\":\"WebPage\",\"@id\":\"https:\\\/\\\/www.anecom.de\\\/de\\\/unsere-services\\\/mechanische-konstruktion\\\/\",\"url\":\"https:\\\/\\\/www.anecom.de\\\/de\\\/unsere-services\\\/mechanische-konstruktion\\\/\",\"name\":\"Mechanische Konstruktion, Design, Analyse, 3D-Prototyping\",\"isPartOf\":{\"@id\":\"https:\\\/\\\/www.anecom.de\\\/de\\\/#website\"},\"primaryImageOfPage\":{\"@id\":\"https:\\\/\\\/www.anecom.de\\\/de\\\/unsere-services\\\/mechanische-konstruktion\\\/#primaryimage\"},\"image\":{\"@id\":\"https:\\\/\\\/www.anecom.de\\\/de\\\/unsere-services\\\/mechanische-konstruktion\\\/#primaryimage\"},\"thumbnailUrl\":\"https:\\\/\\\/www.anecom.de\\\/wp-content\\\/uploads\\\/2025\\\/01\\\/Capabilities-Mechanical-Design-1024x683.webp\",\"datePublished\":\"2025-01-08T11:50:40+00:00\",\"dateModified\":\"2025-05-20T10:55:24+00:00\",\"description\":\"Mechanischen Konstruktion komplexer Maschinen und Systeme, Montage von Prototypen, Testst\u00e4nden, 3D-Modellierung, FFMEA & DMFEA ...\",\"breadcrumb\":{\"@id\":\"https:\\\/\\\/www.anecom.de\\\/de\\\/unsere-services\\\/mechanische-konstruktion\\\/#breadcrumb\"},\"inLanguage\":\"de\",\"potentialAction\":[{\"@type\":\"ReadAction\",\"target\":[\"https:\\\/\\\/www.anecom.de\\\/de\\\/unsere-services\\\/mechanische-konstruktion\\\/\"]}]},{\"@type\":\"ImageObject\",\"inLanguage\":\"de\",\"@id\":\"https:\\\/\\\/www.anecom.de\\\/de\\\/unsere-services\\\/mechanische-konstruktion\\\/#primaryimage\",\"url\":\"https:\\\/\\\/www.anecom.de\\\/wp-content\\\/uploads\\\/2025\\\/01\\\/Capabilities-Mechanical-Design-1024x683.webp\",\"contentUrl\":\"https:\\\/\\\/www.anecom.de\\\/wp-content\\\/uploads\\\/2025\\\/01\\\/Capabilities-Mechanical-Design-1024x683.webp\"},{\"@type\":\"BreadcrumbList\",\"@id\":\"https:\\\/\\\/www.anecom.de\\\/de\\\/unsere-services\\\/mechanische-konstruktion\\\/#breadcrumb\",\"itemListElement\":[{\"@type\":\"ListItem\",\"position\":1,\"name\":\"Home\",\"item\":\"https:\\\/\\\/www.anecom.de\\\/de\\\/\"},{\"@type\":\"ListItem\",\"position\":2,\"name\":\"Unsere Services\",\"item\":\"https:\\\/\\\/www.anecom.de\\\/de\\\/unsere-services\\\/\"},{\"@type\":\"ListItem\",\"position\":3,\"name\":\"Mechanische Konstruktion\"}]},{\"@type\":\"WebSite\",\"@id\":\"https:\\\/\\\/www.anecom.de\\\/de\\\/#website\",\"url\":\"https:\\\/\\\/www.anecom.de\\\/de\\\/\",\"name\":\"AneCom\",\"description\":\"\",\"publisher\":{\"@id\":\"https:\\\/\\\/www.anecom.de\\\/de\\\/#organization\"},\"potentialAction\":[{\"@type\":\"SearchAction\",\"target\":{\"@type\":\"EntryPoint\",\"urlTemplate\":\"https:\\\/\\\/www.anecom.de\\\/de\\\/?s={search_term_string}\"},\"query-input\":{\"@type\":\"PropertyValueSpecification\",\"valueRequired\":true,\"valueName\":\"search_term_string\"}}],\"inLanguage\":\"de\"},{\"@type\":\"Organization\",\"@id\":\"https:\\\/\\\/www.anecom.de\\\/de\\\/#organization\",\"name\":\"AneCom\",\"url\":\"https:\\\/\\\/www.anecom.de\\\/de\\\/\",\"logo\":{\"@type\":\"ImageObject\",\"inLanguage\":\"de\",\"@id\":\"https:\\\/\\\/www.anecom.de\\\/de\\\/#\\\/schema\\\/logo\\\/image\\\/\",\"url\":\"https:\\\/\\\/www.anecom.de\\\/wp-content\\\/uploads\\\/2025\\\/01\\\/AneCom-Logo.svg\",\"contentUrl\":\"https:\\\/\\\/www.anecom.de\\\/wp-content\\\/uploads\\\/2025\\\/01\\\/AneCom-Logo.svg\",\"width\":297,\"height\":55,\"caption\":\"AneCom\"},\"image\":{\"@id\":\"https:\\\/\\\/www.anecom.de\\\/de\\\/#\\\/schema\\\/logo\\\/image\\\/\"}}]}<\/script>\n<!-- \/ Yoast SEO plugin. -->","yoast_head_json":{"title":"Mechanische Konstruktion, Design, Analyse, 3D-Prototyping","description":"Mechanischen Konstruktion komplexer Maschinen und Systeme, Montage von Prototypen, Testst\u00e4nden, 3D-Modellierung, FFMEA & DMFEA ...","robots":{"index":"index","follow":"follow","max-snippet":"max-snippet:-1","max-image-preview":"max-image-preview:large","max-video-preview":"max-video-preview:-1"},"canonical":"https:\/\/www.anecom.de\/de\/unsere-services\/mechanische-konstruktion\/","og_locale":"de_DE","og_type":"article","og_title":"Mechanische Konstruktion, Design, Analyse, 3D-Prototyping","og_description":"Mechanischen Konstruktion komplexer Maschinen und Systeme, Montage von Prototypen, Testst\u00e4nden, 3D-Modellierung, FFMEA & DMFEA ...","og_url":"https:\/\/www.anecom.de\/de\/unsere-services\/mechanische-konstruktion\/","og_site_name":"AneCom","article_modified_time":"2025-05-20T10:55:24+00:00","og_image":[{"url":"https:\/\/www.anecom.de\/wp-content\/uploads\/2025\/01\/Capabilities-Mechanical-Design-1024x683.webp","type":"","width":"","height":""}],"twitter_card":"summary_large_image","twitter_misc":{"Gesch\u00e4tzte Lesezeit":"1\u00a0Minute"},"schema":{"@context":"https:\/\/schema.org","@graph":[{"@type":"WebPage","@id":"https:\/\/www.anecom.de\/de\/unsere-services\/mechanische-konstruktion\/","url":"https:\/\/www.anecom.de\/de\/unsere-services\/mechanische-konstruktion\/","name":"Mechanische Konstruktion, Design, Analyse, 3D-Prototyping","isPartOf":{"@id":"https:\/\/www.anecom.de\/de\/#website"},"primaryImageOfPage":{"@id":"https:\/\/www.anecom.de\/de\/unsere-services\/mechanische-konstruktion\/#primaryimage"},"image":{"@id":"https:\/\/www.anecom.de\/de\/unsere-services\/mechanische-konstruktion\/#primaryimage"},"thumbnailUrl":"https:\/\/www.anecom.de\/wp-content\/uploads\/2025\/01\/Capabilities-Mechanical-Design-1024x683.webp","datePublished":"2025-01-08T11:50:40+00:00","dateModified":"2025-05-20T10:55:24+00:00","description":"Mechanischen Konstruktion komplexer Maschinen und Systeme, Montage von Prototypen, Testst\u00e4nden, 3D-Modellierung, FFMEA & DMFEA ...","breadcrumb":{"@id":"https:\/\/www.anecom.de\/de\/unsere-services\/mechanische-konstruktion\/#breadcrumb"},"inLanguage":"de","potentialAction":[{"@type":"ReadAction","target":["https:\/\/www.anecom.de\/de\/unsere-services\/mechanische-konstruktion\/"]}]},{"@type":"ImageObject","inLanguage":"de","@id":"https:\/\/www.anecom.de\/de\/unsere-services\/mechanische-konstruktion\/#primaryimage","url":"https:\/\/www.anecom.de\/wp-content\/uploads\/2025\/01\/Capabilities-Mechanical-Design-1024x683.webp","contentUrl":"https:\/\/www.anecom.de\/wp-content\/uploads\/2025\/01\/Capabilities-Mechanical-Design-1024x683.webp"},{"@type":"BreadcrumbList","@id":"https:\/\/www.anecom.de\/de\/unsere-services\/mechanische-konstruktion\/#breadcrumb","itemListElement":[{"@type":"ListItem","position":1,"name":"Home","item":"https:\/\/www.anecom.de\/de\/"},{"@type":"ListItem","position":2,"name":"Unsere Services","item":"https:\/\/www.anecom.de\/de\/unsere-services\/"},{"@type":"ListItem","position":3,"name":"Mechanische Konstruktion"}]},{"@type":"WebSite","@id":"https:\/\/www.anecom.de\/de\/#website","url":"https:\/\/www.anecom.de\/de\/","name":"AneCom","description":"","publisher":{"@id":"https:\/\/www.anecom.de\/de\/#organization"},"potentialAction":[{"@type":"SearchAction","target":{"@type":"EntryPoint","urlTemplate":"https:\/\/www.anecom.de\/de\/?s={search_term_string}"},"query-input":{"@type":"PropertyValueSpecification","valueRequired":true,"valueName":"search_term_string"}}],"inLanguage":"de"},{"@type":"Organization","@id":"https:\/\/www.anecom.de\/de\/#organization","name":"AneCom","url":"https:\/\/www.anecom.de\/de\/","logo":{"@type":"ImageObject","inLanguage":"de","@id":"https:\/\/www.anecom.de\/de\/#\/schema\/logo\/image\/","url":"https:\/\/www.anecom.de\/wp-content\/uploads\/2025\/01\/AneCom-Logo.svg","contentUrl":"https:\/\/www.anecom.de\/wp-content\/uploads\/2025\/01\/AneCom-Logo.svg","width":297,"height":55,"caption":"AneCom"},"image":{"@id":"https:\/\/www.anecom.de\/de\/#\/schema\/logo\/image\/"}}]}},"_links":{"self":[{"href":"https:\/\/www.anecom.de\/de\/wp-json\/wp\/v2\/pages\/3832","targetHints":{"allow":["GET"]}}],"collection":[{"href":"https:\/\/www.anecom.de\/de\/wp-json\/wp\/v2\/pages"}],"about":[{"href":"https:\/\/www.anecom.de\/de\/wp-json\/wp\/v2\/types\/page"}],"author":[{"embeddable":true,"href":"https:\/\/www.anecom.de\/de\/wp-json\/wp\/v2\/users\/1"}],"replies":[{"embeddable":true,"href":"https:\/\/www.anecom.de\/de\/wp-json\/wp\/v2\/comments?post=3832"}],"version-history":[{"count":53,"href":"https:\/\/www.anecom.de\/de\/wp-json\/wp\/v2\/pages\/3832\/revisions"}],"predecessor-version":[{"id":4850,"href":"https:\/\/www.anecom.de\/de\/wp-json\/wp\/v2\/pages\/3832\/revisions\/4850"}],"up":[{"embeddable":true,"href":"https:\/\/www.anecom.de\/de\/wp-json\/wp\/v2\/pages\/3813"}],"wp:attachment":[{"href":"https:\/\/www.anecom.de\/de\/wp-json\/wp\/v2\/media?parent=3832"}],"curies":[{"name":"wp","href":"https:\/\/api.w.org\/{rel}","templated":true}]}}