{"id":3795,"date":"2025-01-08T13:01:27","date_gmt":"2025-01-08T12:01:27","guid":{"rendered":"https:\/\/www.anecom.de\/unsere-branchen\/rail-transportation-marine\/"},"modified":"2025-05-20T12:12:13","modified_gmt":"2025-05-20T10:12:13","slug":"bahn-transport-marine","status":"publish","type":"page","link":"https:\/\/www.anecom.de\/de\/unsere-branchen\/bahn-transport-marine\/","title":{"rendered":"Bahn \/ Transport \/ Marine"},"content":{"rendered":"\t\t<div data-elementor-type=\"wp-page\" data-elementor-id=\"3795\" class=\"elementor elementor-3795 elementor-158\" data-elementor-post-type=\"page\">\n\t\t\t\t<div class=\"elementor-element elementor-element-38ca2937 hero-header e-flex e-con-boxed e-con e-parent\" data-id=\"38ca2937\" data-element_type=\"container\" data-e-type=\"container\" data-settings=\"{&quot;background_background&quot;:&quot;classic&quot;}\">\n\t\t\t\t\t<div class=\"e-con-inner\">\n\t\t\t\t\t<\/div>\n\t\t\t\t<\/div>\n\t\t<div class=\"elementor-element elementor-element-62579af8 e-flex e-con-boxed e-con e-parent\" data-id=\"62579af8\" data-element_type=\"container\" data-e-type=\"container\">\n\t\t\t\t\t<div class=\"e-con-inner\">\n\t\t<div class=\"elementor-element elementor-element-3bccaad5 e-con-full e-flex e-con e-child\" data-id=\"3bccaad5\" data-element_type=\"container\" data-e-type=\"container\" data-settings=\"{&quot;background_background&quot;:&quot;classic&quot;}\">\n\t\t\t\t<div class=\"elementor-element elementor-element-2c7a8a0d elementor-align-left elementor-widget elementor-widget-breadcrumbs\" data-id=\"2c7a8a0d\" data-element_type=\"widget\" data-e-type=\"widget\" data-widget_type=\"breadcrumbs.default\">\n\t\t\t\t<div class=\"elementor-widget-container\">\n\t\t\t\t\t<p id=\"breadcrumbs\"><span><span><a href=\"https:\/\/www.anecom.de\/de\/\">Home<\/a><\/span><\/span><\/p>\t\t\t\t<\/div>\n\t\t\t\t<\/div>\n\t\t\t\t<div class=\"elementor-element elementor-element-275b2927 elementor-widget elementor-widget-heading\" data-id=\"275b2927\" data-element_type=\"widget\" data-e-type=\"widget\" data-widget_type=\"heading.default\">\n\t\t\t\t<div class=\"elementor-widget-container\">\n\t\t\t\t\t<h1 class=\"elementor-heading-title elementor-size-default\">Bahn \/ Transport \/ Marine<\/h1>\t\t\t\t<\/div>\n\t\t\t\t<\/div>\n\t\t\t\t<div class=\"elementor-element elementor-element-a9bac58 elementor-widget elementor-widget-text-editor\" data-id=\"a9bac58\" data-element_type=\"widget\" data-e-type=\"widget\" data-widget_type=\"text-editor.default\">\n\t\t\t\t<div class=\"elementor-widget-container\">\n\t\t\t\t\t\t\t\t\t<p><strong>Konstruktion, Instrumentierung und Test<\/strong><\/p>\t\t\t\t\t\t\t\t<\/div>\n\t\t\t\t<\/div>\n\t\t\t\t<div class=\"elementor-element elementor-element-29226218 elementor-widget elementor-widget-text-editor\" data-id=\"29226218\" data-element_type=\"widget\" data-e-type=\"widget\" data-widget_type=\"text-editor.default\">\n\t\t\t\t<div class=\"elementor-widget-container\">\n\t\t\t\t\t\t\t\t\t<p>AneCom bietet verschiedene L\u00f6sungen f\u00fcr spannende Projekte auf der Erdoberfl\u00e4che! Sei es die Motorenentwicklung f\u00fcr Schienenfahrzeuge, das Testen von Turboladern an Marine-Dieselmotoren oder akustische Messungen an gr\u00f6\u00dferen Fahrzeugen \u2013 das passende Know-how haben wir an Bord!<\/p>\t\t\t\t\t\t\t\t<\/div>\n\t\t\t\t<\/div>\n\t\t\t\t<\/div>\n\t\t\t\t\t<\/div>\n\t\t\t\t<\/div>\n\t\t<div class=\"elementor-element elementor-element-665f64c2 e-con-full bg-img-gradient text-white e-flex e-con e-parent\" data-id=\"665f64c2\" data-element_type=\"container\" data-e-type=\"container\" data-settings=\"{&quot;background_background&quot;:&quot;classic&quot;}\">\n\t\t<div class=\"elementor-element elementor-element-64bf7098 e-con-full e-flex e-con e-child\" data-id=\"64bf7098\" data-element_type=\"container\" data-e-type=\"container\" data-settings=\"{&quot;background_background&quot;:&quot;gradient&quot;}\">\n\t\t<div class=\"elementor-element elementor-element-c110dd2 e-flex e-con-boxed e-con e-child\" data-id=\"c110dd2\" data-element_type=\"container\" data-e-type=\"container\">\n\t\t\t\t\t<div class=\"e-con-inner\">\n\t\t\t\t<div class=\"elementor-element elementor-element-6c0059c3 big-headline elementor-widget elementor-widget-heading\" data-id=\"6c0059c3\" data-element_type=\"widget\" data-e-type=\"widget\" data-widget_type=\"heading.default\">\n\t\t\t\t<div class=\"elementor-widget-container\">\n\t\t\t\t\t<h2 class=\"elementor-heading-title elementor-size-default\">Das spricht f\u00fcr uns<\/h2>\t\t\t\t<\/div>\n\t\t\t\t<\/div>\n\t\t<div class=\"elementor-element elementor-element-513c0d49 e-grid e-con-full e-con e-child\" data-id=\"513c0d49\" data-element_type=\"container\" data-e-type=\"container\">\n\t\t\t\t<div class=\"elementor-element elementor-element-49204aca elementor-view-default elementor-position-block-start elementor-mobile-position-block-start elementor-widget elementor-widget-icon-box\" data-id=\"49204aca\" data-element_type=\"widget\" data-e-type=\"widget\" data-widget_type=\"icon-box.default\">\n\t\t\t\t<div class=\"elementor-widget-container\">\n\t\t\t\t\t\t\t<div class=\"elementor-icon-box-wrapper\">\n\n\t\t\t\t\t\t<div class=\"elementor-icon-box-icon\">\n\t\t\t\t<span  class=\"elementor-icon\">\n\t\t\t\t<i aria-hidden=\"true\" class=\"icon icon-Rail-Transportation\"><\/i>\t\t\t\t<\/span>\n\t\t\t<\/div>\n\t\t\t\n\t\t\t\t\t\t<div class=\"elementor-icon-box-content\">\n\n\t\t\t\t\t\t\t\t\t<p class=\"elementor-icon-box-title\">\n\t\t\t\t\t\t<span  >\n\t\t\t\t\t\t\t<b>Unser Angebot<\/b>\t\t\t\t\t\t<\/span>\n\t\t\t\t\t<\/p>\n\t\t\t\t\n\t\t\t\t\t\t\t\t\t<p class=\"elementor-icon-box-description\">\n\t\t\t\t\t\tDie Konstruktion und Analyse von schnellrotierenden Komponenten, nahtlose Integration von Telemetriesystemen, Applizieren von Messtechnik an komplexen Bauteilen sowie modernste thermische Konstruktion und W\u00e4rmemanagement zur Verbesserung der Leistung und Effizienz.\t\t\t\t\t<\/p>\n\t\t\t\t\n\t\t\t<\/div>\n\t\t\t\n\t\t<\/div>\n\t\t\t\t\t\t<\/div>\n\t\t\t\t<\/div>\n\t\t\t\t<div class=\"elementor-element elementor-element-2a888b98 elementor-view-default elementor-position-block-start elementor-mobile-position-block-start elementor-widget elementor-widget-icon-box\" data-id=\"2a888b98\" data-element_type=\"widget\" data-e-type=\"widget\" data-widget_type=\"icon-box.default\">\n\t\t\t\t<div class=\"elementor-widget-container\">\n\t\t\t\t\t\t\t<div class=\"elementor-icon-box-wrapper\">\n\n\t\t\t\t\t\t<div class=\"elementor-icon-box-icon\">\n\t\t\t\t<span  class=\"elementor-icon\">\n\t\t\t\t<i aria-hidden=\"true\" class=\"icon icon-What-makes-us-unique-Rail-Transportation-Marine\"><\/i>\t\t\t\t<\/span>\n\t\t\t<\/div>\n\t\t\t\n\t\t\t\t\t\t<div class=\"elementor-icon-box-content\">\n\n\t\t\t\t\t\t\t\t\t<p class=\"elementor-icon-box-title\">\n\t\t\t\t\t\t<span  >\n\t\t\t\t\t\t\t<b>Das zeichnet uns aus<\/b>\t\t\t\t\t\t<\/span>\n\t\t\t\t\t<\/p>\n\t\t\t\t\n\t\t\t\t\t\t\t\t\t<p class=\"elementor-icon-box-description\">\n\t\t\t\t\t\tUnsere langj\u00e4hrige Erfahrung in verschiedenen Branchen, gepaart mit einem klaren Fokus auf die Bed\u00fcrfnisse unserer Kunden, erm\u00f6glicht es uns, ma\u00dfgeschneiderte L\u00f6sungen mit au\u00dfergew\u00f6hnlicher Pr\u00e4zision und Zuverl\u00e4ssigkeit zu liefern.\t\t\t\t\t<\/p>\n\t\t\t\t\n\t\t\t<\/div>\n\t\t\t\n\t\t<\/div>\n\t\t\t\t\t\t<\/div>\n\t\t\t\t<\/div>\n\t\t\t\t<div class=\"elementor-element elementor-element-1fa4740f elementor-view-default elementor-position-block-start elementor-mobile-position-block-start elementor-widget elementor-widget-icon-box\" data-id=\"1fa4740f\" data-element_type=\"widget\" data-e-type=\"widget\" data-widget_type=\"icon-box.default\">\n\t\t\t\t<div class=\"elementor-widget-container\">\n\t\t\t\t\t\t\t<div class=\"elementor-icon-box-wrapper\">\n\n\t\t\t\t\t\t<div class=\"elementor-icon-box-icon\">\n\t\t\t\t<span  class=\"elementor-icon\">\n\t\t\t\t<i aria-hidden=\"true\" class=\"icon icon-What-do-we-stand-for-Rail-Transportation-Marine\"><\/i>\t\t\t\t<\/span>\n\t\t\t<\/div>\n\t\t\t\n\t\t\t\t\t\t<div class=\"elementor-icon-box-content\">\n\n\t\t\t\t\t\t\t\t\t<p class=\"elementor-icon-box-title\">\n\t\t\t\t\t\t<span  >\n\t\t\t\t\t\t\t<b>Daf\u00fcr stehen wir<\/b>\t\t\t\t\t\t<\/span>\n\t\t\t\t\t<\/p>\n\t\t\t\t\n\t\t\t\t\t\t\t\t\t<p class=\"elementor-icon-box-description\">\n\t\t\t\t\t\tWir sind flexibel und in der Lage, h\u00f6chste Qualit\u00e4t \u00fcberall dort zu liefern, wo sie ben\u00f6tigt wird. Mit hochqualifiziertem Fachpersonal und einem geschulten Team, das jederzeit bereit ist, alle Aktivit\u00e4ten kurzfristig zu unterst\u00fctzen - gew\u00e4hrleisten wir einen umfassenden Service weltweit.\t\t\t\t\t<\/p>\n\t\t\t\t\n\t\t\t<\/div>\n\t\t\t\n\t\t<\/div>\n\t\t\t\t\t\t<\/div>\n\t\t\t\t<\/div>\n\t\t\t\t<\/div>\n\t\t\t\t\t<\/div>\n\t\t\t\t<\/div>\n\t\t\t\t<\/div>\n\t\t\t\t<\/div>\n\t\t<div class=\"elementor-element elementor-element-1cf96a50 e-flex e-con-boxed e-con e-parent\" data-id=\"1cf96a50\" data-element_type=\"container\" data-e-type=\"container\">\n\t\t\t\t\t<div class=\"e-con-inner\">\n\t\t\t\t<div class=\"elementor-element elementor-element-e757834 elementor-widget elementor-widget-heading\" data-id=\"e757834\" data-element_type=\"widget\" data-e-type=\"widget\" data-widget_type=\"heading.default\">\n\t\t\t\t<div class=\"elementor-widget-container\">\n\t\t\t\t\t<h2 class=\"elementor-heading-title elementor-size-default\">F\u00e4higkeiten und Referenzen<\/h2>\t\t\t\t<\/div>\n\t\t\t\t<\/div>\n\t\t<div class=\"elementor-element elementor-element-4e54d1aa e-grid e-con-full text-white capabilities-grid e-con e-child\" data-id=\"4e54d1aa\" data-element_type=\"container\" data-e-type=\"container\">\n\t\t<div class=\"elementor-element elementor-element-7bf3860c e-con-full e-flex e-con e-child\" data-id=\"7bf3860c\" data-element_type=\"container\" data-e-type=\"container\" data-settings=\"{&quot;background_background&quot;:&quot;classic&quot;}\">\n\t\t\t\t<div class=\"elementor-element elementor-element-22a258a elementor-widget elementor-widget-text-editor\" data-id=\"22a258a\" data-element_type=\"widget\" data-e-type=\"widget\" data-widget_type=\"text-editor.default\">\n\t\t\t\t<div class=\"elementor-widget-container\">\n\t\t\t\t\t\t\t\t\t<h4>Konstruktion und Analyse<\/h4><p>Wir sind auf die Entwicklung von Versuchstr\u00e4gern spezialisiert \u2013 von der ersten Konstruktion bis hin zur Montage vollst\u00e4ndig integrierter Antriebseinheiten, die bereit f\u00fcr Tests sind.<\/p>\t\t\t\t\t\t\t\t<\/div>\n\t\t\t\t<\/div>\n\t\t\t\t<\/div>\n\t\t<div class=\"elementor-element elementor-element-329224b2 e-con-full e-flex e-con e-child\" data-id=\"329224b2\" data-element_type=\"container\" data-e-type=\"container\" data-settings=\"{&quot;background_background&quot;:&quot;classic&quot;}\">\n\t\t\t\t<div class=\"elementor-element elementor-element-40c48f93 elementor-widget elementor-widget-text-editor\" data-id=\"40c48f93\" data-element_type=\"widget\" data-e-type=\"widget\" data-widget_type=\"text-editor.default\">\n\t\t\t\t<div class=\"elementor-widget-container\">\n\t\t\t\t\t\t\t\t\t<h4>Messtechnik und akustische Messung<\/h4><p>Wir bieten Messtechnik-L\u00f6sungen und akustische Messungen an, um eine genaue Datenerfassung und Leistungsbewertung in verschiedenen Anwendungen zu gew\u00e4hrleisten.<\/p>\t\t\t\t\t\t\t\t<\/div>\n\t\t\t\t<\/div>\n\t\t\t\t<\/div>\n\t\t<div class=\"elementor-element elementor-element-30a60249 e-con-full e-flex e-con e-child\" data-id=\"30a60249\" data-element_type=\"container\" data-e-type=\"container\" data-settings=\"{&quot;background_background&quot;:&quot;classic&quot;}\">\n\t\t\t\t<div class=\"elementor-element elementor-element-69288ca8 elementor-widget elementor-widget-text-editor\" data-id=\"69288ca8\" data-element_type=\"widget\" data-e-type=\"widget\" data-widget_type=\"text-editor.default\">\n\t\t\t\t<div class=\"elementor-widget-container\">\n\t\t\t\t\t\t\t\t\t<h4>Testdienstleistungen und Messkampagnen<\/h4><p>Um die Leistung und Materialbest\u00e4ndigkeit zu optimieren, bieten wir umfassende Testdienstleistungen und Messkampagnen an, einschlie\u00dflich PIV (Particle Image Velocimetry)), ESD (Energy Savings) Bewertungen sowie Erosions- und Materialtests.<\/p>\t\t\t\t\t\t\t\t<\/div>\n\t\t\t\t<\/div>\n\t\t\t\t<\/div>\n\t\t\t\t<\/div>\n\t\t\t\t\t<\/div>\n\t\t\t\t<\/div>\n\t\t\t\t<\/div>\n\t\t","protected":false},"excerpt":{"rendered":"<p>Bahn \/ Transport \/ Marine Konstruktion, Instrumentierung und Test AneCom bietet verschiedene L\u00f6sungen f\u00fcr spannende Projekte auf der Erdoberfl\u00e4che! Sei es die Motorenentwicklung f\u00fcr Schienenfahrzeuge, das Testen von Turboladern an Marine-Dieselmotoren oder akustische Messungen an gr\u00f6\u00dferen Fahrzeugen \u2013 das passende Know-how haben wir an Bord! Das spricht f\u00fcr uns Unser Angebot Die Konstruktion und Analyse [&hellip;]<\/p>\n","protected":false},"author":1,"featured_media":0,"parent":3753,"menu_order":0,"comment_status":"closed","ping_status":"closed","template":"","meta":{"_acf_changed":false,"footnotes":""},"class_list":["post-3795","page","type-page","status-publish","hentry"],"acf":[],"yoast_head":"<!-- This site is optimized with the Yoast SEO plugin v27.3 - https:\/\/yoast.com\/product\/yoast-seo-wordpress\/ -->\n<title>Transportbranche: Konstruktion, Analyse, Instrumentierung, Tests<\/title>\n<meta name=\"description\" content=\"Motorenentwicklung f\u00fcr Bahnfahrzeuge, Testen von Turboladern an Marine-Dieselmotoren, akustische Messungen, Integration von Telemetriesystemen\" \/>\n<meta name=\"robots\" content=\"index, follow, max-snippet:-1, max-image-preview:large, max-video-preview:-1\" \/>\n<link rel=\"canonical\" href=\"https:\/\/www.anecom.de\/de\/unsere-branchen\/bahn-transport-marine\/\" \/>\n<meta property=\"og:locale\" content=\"de_DE\" \/>\n<meta property=\"og:type\" content=\"article\" \/>\n<meta property=\"og:title\" content=\"Transportbranche: Konstruktion, Analyse, Instrumentierung, Tests\" \/>\n<meta property=\"og:description\" content=\"Motorenentwicklung f\u00fcr Bahnfahrzeuge, Testen von Turboladern an Marine-Dieselmotoren, akustische Messungen, Integration von Telemetriesystemen\" \/>\n<meta property=\"og:url\" content=\"https:\/\/www.anecom.de\/de\/unsere-branchen\/bahn-transport-marine\/\" \/>\n<meta property=\"og:site_name\" content=\"AneCom\" \/>\n<meta property=\"article:modified_time\" content=\"2025-05-20T10:12:13+00:00\" \/>\n<meta name=\"twitter:card\" content=\"summary_large_image\" \/>\n<meta name=\"twitter:label1\" content=\"Gesch\u00e4tzte Lesezeit\" \/>\n\t<meta name=\"twitter:data1\" content=\"2\u00a0Minuten\" \/>\n<script type=\"application\/ld+json\" class=\"yoast-schema-graph\">{\"@context\":\"https:\\\/\\\/schema.org\",\"@graph\":[{\"@type\":\"WebPage\",\"@id\":\"https:\\\/\\\/www.anecom.de\\\/de\\\/unsere-branchen\\\/bahn-transport-marine\\\/\",\"url\":\"https:\\\/\\\/www.anecom.de\\\/de\\\/unsere-branchen\\\/bahn-transport-marine\\\/\",\"name\":\"Transportbranche: Konstruktion, Analyse, Instrumentierung, Tests\",\"isPartOf\":{\"@id\":\"https:\\\/\\\/www.anecom.de\\\/de\\\/#website\"},\"datePublished\":\"2025-01-08T12:01:27+00:00\",\"dateModified\":\"2025-05-20T10:12:13+00:00\",\"description\":\"Motorenentwicklung f\u00fcr Bahnfahrzeuge, Testen von Turboladern an Marine-Dieselmotoren, akustische Messungen, Integration von Telemetriesystemen\",\"breadcrumb\":{\"@id\":\"https:\\\/\\\/www.anecom.de\\\/de\\\/unsere-branchen\\\/bahn-transport-marine\\\/#breadcrumb\"},\"inLanguage\":\"de\",\"potentialAction\":[{\"@type\":\"ReadAction\",\"target\":[\"https:\\\/\\\/www.anecom.de\\\/de\\\/unsere-branchen\\\/bahn-transport-marine\\\/\"]}]},{\"@type\":\"BreadcrumbList\",\"@id\":\"https:\\\/\\\/www.anecom.de\\\/de\\\/unsere-branchen\\\/bahn-transport-marine\\\/#breadcrumb\",\"itemListElement\":[{\"@type\":\"ListItem\",\"position\":1,\"name\":\"Home\",\"item\":\"https:\\\/\\\/www.anecom.de\\\/de\\\/\"},{\"@type\":\"ListItem\",\"position\":2,\"name\":\"Unsere Branchen\",\"item\":\"https:\\\/\\\/www.anecom.de\\\/de\\\/unsere-branchen\\\/\"},{\"@type\":\"ListItem\",\"position\":3,\"name\":\"Bahn \\\/ Transport \\\/ Marine\"}]},{\"@type\":\"WebSite\",\"@id\":\"https:\\\/\\\/www.anecom.de\\\/de\\\/#website\",\"url\":\"https:\\\/\\\/www.anecom.de\\\/de\\\/\",\"name\":\"AneCom\",\"description\":\"\",\"publisher\":{\"@id\":\"https:\\\/\\\/www.anecom.de\\\/de\\\/#organization\"},\"potentialAction\":[{\"@type\":\"SearchAction\",\"target\":{\"@type\":\"EntryPoint\",\"urlTemplate\":\"https:\\\/\\\/www.anecom.de\\\/de\\\/?s={search_term_string}\"},\"query-input\":{\"@type\":\"PropertyValueSpecification\",\"valueRequired\":true,\"valueName\":\"search_term_string\"}}],\"inLanguage\":\"de\"},{\"@type\":\"Organization\",\"@id\":\"https:\\\/\\\/www.anecom.de\\\/de\\\/#organization\",\"name\":\"AneCom\",\"url\":\"https:\\\/\\\/www.anecom.de\\\/de\\\/\",\"logo\":{\"@type\":\"ImageObject\",\"inLanguage\":\"de\",\"@id\":\"https:\\\/\\\/www.anecom.de\\\/de\\\/#\\\/schema\\\/logo\\\/image\\\/\",\"url\":\"https:\\\/\\\/www.anecom.de\\\/wp-content\\\/uploads\\\/2025\\\/01\\\/AneCom-Logo.svg\",\"contentUrl\":\"https:\\\/\\\/www.anecom.de\\\/wp-content\\\/uploads\\\/2025\\\/01\\\/AneCom-Logo.svg\",\"width\":297,\"height\":55,\"caption\":\"AneCom\"},\"image\":{\"@id\":\"https:\\\/\\\/www.anecom.de\\\/de\\\/#\\\/schema\\\/logo\\\/image\\\/\"}}]}<\/script>\n<!-- \/ Yoast SEO plugin. -->","yoast_head_json":{"title":"Transportbranche: Konstruktion, Analyse, Instrumentierung, Tests","description":"Motorenentwicklung f\u00fcr Bahnfahrzeuge, Testen von Turboladern an Marine-Dieselmotoren, akustische Messungen, Integration von Telemetriesystemen","robots":{"index":"index","follow":"follow","max-snippet":"max-snippet:-1","max-image-preview":"max-image-preview:large","max-video-preview":"max-video-preview:-1"},"canonical":"https:\/\/www.anecom.de\/de\/unsere-branchen\/bahn-transport-marine\/","og_locale":"de_DE","og_type":"article","og_title":"Transportbranche: Konstruktion, Analyse, Instrumentierung, Tests","og_description":"Motorenentwicklung f\u00fcr Bahnfahrzeuge, Testen von Turboladern an Marine-Dieselmotoren, akustische Messungen, Integration von Telemetriesystemen","og_url":"https:\/\/www.anecom.de\/de\/unsere-branchen\/bahn-transport-marine\/","og_site_name":"AneCom","article_modified_time":"2025-05-20T10:12:13+00:00","twitter_card":"summary_large_image","twitter_misc":{"Gesch\u00e4tzte Lesezeit":"2\u00a0Minuten"},"schema":{"@context":"https:\/\/schema.org","@graph":[{"@type":"WebPage","@id":"https:\/\/www.anecom.de\/de\/unsere-branchen\/bahn-transport-marine\/","url":"https:\/\/www.anecom.de\/de\/unsere-branchen\/bahn-transport-marine\/","name":"Transportbranche: Konstruktion, Analyse, Instrumentierung, Tests","isPartOf":{"@id":"https:\/\/www.anecom.de\/de\/#website"},"datePublished":"2025-01-08T12:01:27+00:00","dateModified":"2025-05-20T10:12:13+00:00","description":"Motorenentwicklung f\u00fcr Bahnfahrzeuge, Testen von Turboladern an Marine-Dieselmotoren, akustische Messungen, Integration von Telemetriesystemen","breadcrumb":{"@id":"https:\/\/www.anecom.de\/de\/unsere-branchen\/bahn-transport-marine\/#breadcrumb"},"inLanguage":"de","potentialAction":[{"@type":"ReadAction","target":["https:\/\/www.anecom.de\/de\/unsere-branchen\/bahn-transport-marine\/"]}]},{"@type":"BreadcrumbList","@id":"https:\/\/www.anecom.de\/de\/unsere-branchen\/bahn-transport-marine\/#breadcrumb","itemListElement":[{"@type":"ListItem","position":1,"name":"Home","item":"https:\/\/www.anecom.de\/de\/"},{"@type":"ListItem","position":2,"name":"Unsere Branchen","item":"https:\/\/www.anecom.de\/de\/unsere-branchen\/"},{"@type":"ListItem","position":3,"name":"Bahn \/ Transport \/ Marine"}]},{"@type":"WebSite","@id":"https:\/\/www.anecom.de\/de\/#website","url":"https:\/\/www.anecom.de\/de\/","name":"AneCom","description":"","publisher":{"@id":"https:\/\/www.anecom.de\/de\/#organization"},"potentialAction":[{"@type":"SearchAction","target":{"@type":"EntryPoint","urlTemplate":"https:\/\/www.anecom.de\/de\/?s={search_term_string}"},"query-input":{"@type":"PropertyValueSpecification","valueRequired":true,"valueName":"search_term_string"}}],"inLanguage":"de"},{"@type":"Organization","@id":"https:\/\/www.anecom.de\/de\/#organization","name":"AneCom","url":"https:\/\/www.anecom.de\/de\/","logo":{"@type":"ImageObject","inLanguage":"de","@id":"https:\/\/www.anecom.de\/de\/#\/schema\/logo\/image\/","url":"https:\/\/www.anecom.de\/wp-content\/uploads\/2025\/01\/AneCom-Logo.svg","contentUrl":"https:\/\/www.anecom.de\/wp-content\/uploads\/2025\/01\/AneCom-Logo.svg","width":297,"height":55,"caption":"AneCom"},"image":{"@id":"https:\/\/www.anecom.de\/de\/#\/schema\/logo\/image\/"}}]}},"_links":{"self":[{"href":"https:\/\/www.anecom.de\/de\/wp-json\/wp\/v2\/pages\/3795","targetHints":{"allow":["GET"]}}],"collection":[{"href":"https:\/\/www.anecom.de\/de\/wp-json\/wp\/v2\/pages"}],"about":[{"href":"https:\/\/www.anecom.de\/de\/wp-json\/wp\/v2\/types\/page"}],"author":[{"embeddable":true,"href":"https:\/\/www.anecom.de\/de\/wp-json\/wp\/v2\/users\/1"}],"replies":[{"embeddable":true,"href":"https:\/\/www.anecom.de\/de\/wp-json\/wp\/v2\/comments?post=3795"}],"version-history":[{"count":14,"href":"https:\/\/www.anecom.de\/de\/wp-json\/wp\/v2\/pages\/3795\/revisions"}],"predecessor-version":[{"id":4846,"href":"https:\/\/www.anecom.de\/de\/wp-json\/wp\/v2\/pages\/3795\/revisions\/4846"}],"up":[{"embeddable":true,"href":"https:\/\/www.anecom.de\/de\/wp-json\/wp\/v2\/pages\/3753"}],"wp:attachment":[{"href":"https:\/\/www.anecom.de\/de\/wp-json\/wp\/v2\/media?parent=3795"}],"curies":[{"name":"wp","href":"https:\/\/api.w.org\/{rel}","templated":true}]}}