{"id":3784,"date":"2025-01-08T13:01:03","date_gmt":"2025-01-08T12:01:03","guid":{"rendered":"https:\/\/www.anecom.de\/unsere-branchen\/automotive\/"},"modified":"2025-05-20T12:02:24","modified_gmt":"2025-05-20T10:02:24","slug":"automobilindustrie","status":"publish","type":"page","link":"https:\/\/www.anecom.de\/de\/unsere-branchen\/automobilindustrie\/","title":{"rendered":"Automobilindustrie"},"content":{"rendered":"\t\t<div data-elementor-type=\"wp-page\" data-elementor-id=\"3784\" class=\"elementor elementor-3784 elementor-154\" data-elementor-post-type=\"page\">\n\t\t\t\t<div class=\"elementor-element elementor-element-639f6f22 hero-header e-flex e-con-boxed e-con e-parent\" data-id=\"639f6f22\" data-element_type=\"container\" data-e-type=\"container\" data-settings=\"{&quot;background_background&quot;:&quot;classic&quot;}\">\n\t\t\t\t\t<div class=\"e-con-inner\">\n\t\t\t\t\t<\/div>\n\t\t\t\t<\/div>\n\t\t<div class=\"elementor-element elementor-element-81b50c e-flex e-con-boxed e-con e-parent\" data-id=\"81b50c\" data-element_type=\"container\" data-e-type=\"container\">\n\t\t\t\t\t<div class=\"e-con-inner\">\n\t\t<div class=\"elementor-element elementor-element-5f05d921 e-con-full e-flex e-con e-child\" data-id=\"5f05d921\" data-element_type=\"container\" data-e-type=\"container\" data-settings=\"{&quot;background_background&quot;:&quot;classic&quot;}\">\n\t\t\t\t<div class=\"elementor-element elementor-element-32df60ce elementor-align-left elementor-widget elementor-widget-breadcrumbs\" data-id=\"32df60ce\" data-element_type=\"widget\" data-e-type=\"widget\" data-widget_type=\"breadcrumbs.default\">\n\t\t\t\t<div class=\"elementor-widget-container\">\n\t\t\t\t\t<p id=\"breadcrumbs\"><span><span><a href=\"https:\/\/www.anecom.de\/de\/\">Home<\/a><\/span><\/span><\/p>\t\t\t\t<\/div>\n\t\t\t\t<\/div>\n\t\t\t\t<div class=\"elementor-element elementor-element-2eb25819 elementor-widget elementor-widget-heading\" data-id=\"2eb25819\" data-element_type=\"widget\" data-e-type=\"widget\" data-widget_type=\"heading.default\">\n\t\t\t\t<div class=\"elementor-widget-container\">\n\t\t\t\t\t<h1 class=\"elementor-heading-title elementor-size-default\">Automobilindustrie<\/h1>\t\t\t\t<\/div>\n\t\t\t\t<\/div>\n\t\t\t\t<div class=\"elementor-element elementor-element-de7662d elementor-widget elementor-widget-text-editor\" data-id=\"de7662d\" data-element_type=\"widget\" data-e-type=\"widget\" data-widget_type=\"text-editor.default\">\n\t\t\t\t<div class=\"elementor-widget-container\">\n\t\t\t\t\t\t\t\t\t<p><strong>Konstruktion, Analyse, Instrumentierung und Test<\/strong><\/p>\t\t\t\t\t\t\t\t<\/div>\n\t\t\t\t<\/div>\n\t\t\t\t<div class=\"elementor-element elementor-element-b5c30b elementor-widget elementor-widget-text-editor\" data-id=\"b5c30b\" data-element_type=\"widget\" data-e-type=\"widget\" data-widget_type=\"text-editor.default\">\n\t\t\t\t<div class=\"elementor-widget-container\">\n\t\t\t\t\t\t\t\t\t<p>Motorentest? Entwicklung von Pr\u00fcfst\u00e4nden? Instrumentierung von Versuchstr\u00e4gern? In diesen speziellen Disziplinen verf\u00fcgen wir \u00fcber umfangreiche Erfahrungen und konnten unsere Kunden mit ma\u00dfgeschneiderten L\u00f6sungen bei der Weiterentwicklung ihrer Produkte unterst\u00fctzen.<\/p>\t\t\t\t\t\t\t\t<\/div>\n\t\t\t\t<\/div>\n\t\t\t\t<\/div>\n\t\t\t\t\t<\/div>\n\t\t\t\t<\/div>\n\t\t<div class=\"elementor-element elementor-element-316ee1d7 e-con-full bg-img-gradient text-white e-flex e-con e-parent\" data-id=\"316ee1d7\" data-element_type=\"container\" data-e-type=\"container\" data-settings=\"{&quot;background_background&quot;:&quot;classic&quot;}\">\n\t\t<div class=\"elementor-element elementor-element-59a6f577 e-con-full e-flex e-con e-child\" data-id=\"59a6f577\" data-element_type=\"container\" data-e-type=\"container\" data-settings=\"{&quot;background_background&quot;:&quot;gradient&quot;}\">\n\t\t<div class=\"elementor-element elementor-element-4a2a5cc5 e-flex e-con-boxed e-con e-child\" data-id=\"4a2a5cc5\" data-element_type=\"container\" data-e-type=\"container\">\n\t\t\t\t\t<div class=\"e-con-inner\">\n\t\t\t\t<div class=\"elementor-element elementor-element-3ed31bd4 big-headline elementor-widget elementor-widget-heading\" data-id=\"3ed31bd4\" data-element_type=\"widget\" data-e-type=\"widget\" data-widget_type=\"heading.default\">\n\t\t\t\t<div class=\"elementor-widget-container\">\n\t\t\t\t\t<h2 class=\"elementor-heading-title elementor-size-default\">Das spricht f\u00fcr uns<\/h2>\t\t\t\t<\/div>\n\t\t\t\t<\/div>\n\t\t<div class=\"elementor-element elementor-element-4527ea37 e-grid e-con-full e-con e-child\" data-id=\"4527ea37\" data-element_type=\"container\" data-e-type=\"container\">\n\t\t\t\t<div class=\"elementor-element elementor-element-22e9e1db elementor-view-default elementor-position-block-start elementor-mobile-position-block-start elementor-widget elementor-widget-icon-box\" data-id=\"22e9e1db\" data-element_type=\"widget\" data-e-type=\"widget\" data-widget_type=\"icon-box.default\">\n\t\t\t\t<div class=\"elementor-widget-container\">\n\t\t\t\t\t\t\t<div class=\"elementor-icon-box-wrapper\">\n\n\t\t\t\t\t\t<div class=\"elementor-icon-box-icon\">\n\t\t\t\t<span  class=\"elementor-icon\">\n\t\t\t\t<i aria-hidden=\"true\" class=\"icon icon-we-offer-automotive\"><\/i>\t\t\t\t<\/span>\n\t\t\t<\/div>\n\t\t\t\n\t\t\t\t\t\t<div class=\"elementor-icon-box-content\">\n\n\t\t\t\t\t\t\t\t\t<p class=\"elementor-icon-box-title\">\n\t\t\t\t\t\t<span  >\n\t\t\t\t\t\t\t<b>Unser Angebot<\/b>\t\t\t\t\t\t<\/span>\n\t\t\t\t\t<\/p>\n\t\t\t\t\n\t\t\t\t\t\t\t\t\t<p class=\"elementor-icon-box-description\">\n\t\t\t\t\t\tDesign und Analyse von schnell drehenden Komponenten, Telemetrieintegration, Instrumentierung an komplexen Bauteilen sowie fortschrittliches thermisches Design und W\u00e4rmemanagement zur Verbesserung der Leistung und Zuverl\u00e4ssigkeit.\t\t\t\t\t<\/p>\n\t\t\t\t\n\t\t\t<\/div>\n\t\t\t\n\t\t<\/div>\n\t\t\t\t\t\t<\/div>\n\t\t\t\t<\/div>\n\t\t\t\t<div class=\"elementor-element elementor-element-8f4f31b elementor-view-default elementor-position-block-start elementor-mobile-position-block-start elementor-widget elementor-widget-icon-box\" data-id=\"8f4f31b\" data-element_type=\"widget\" data-e-type=\"widget\" data-widget_type=\"icon-box.default\">\n\t\t\t\t<div class=\"elementor-widget-container\">\n\t\t\t\t\t\t\t<div class=\"elementor-icon-box-wrapper\">\n\n\t\t\t\t\t\t<div class=\"elementor-icon-box-icon\">\n\t\t\t\t<span  class=\"elementor-icon\">\n\t\t\t\t<i aria-hidden=\"true\" class=\"icon icon-Unique\"><\/i>\t\t\t\t<\/span>\n\t\t\t<\/div>\n\t\t\t\n\t\t\t\t\t\t<div class=\"elementor-icon-box-content\">\n\n\t\t\t\t\t\t\t\t\t<p class=\"elementor-icon-box-title\">\n\t\t\t\t\t\t<span  >\n\t\t\t\t\t\t\t<b>Das zeichnet uns aus<\/b>\t\t\t\t\t\t<\/span>\n\t\t\t\t\t<\/p>\n\t\t\t\t\n\t\t\t\t\t\t\t\t\t<p class=\"elementor-icon-box-description\">\n\t\t\t\t\t\tWir bringen langj\u00e4hrige Erfahrung im Umgang mit stark beanspruchten Materialien und gro\u00dfen Temperaturgradienten mit, die wir aus unserer Expertise in der Triebwerksindustrie gewonnen haben.\t\t\t\t\t<\/p>\n\t\t\t\t\n\t\t\t<\/div>\n\t\t\t\n\t\t<\/div>\n\t\t\t\t\t\t<\/div>\n\t\t\t\t<\/div>\n\t\t\t\t<div class=\"elementor-element elementor-element-14cabb47 elementor-view-default elementor-position-block-start elementor-mobile-position-block-start elementor-widget elementor-widget-icon-box\" data-id=\"14cabb47\" data-element_type=\"widget\" data-e-type=\"widget\" data-widget_type=\"icon-box.default\">\n\t\t\t\t<div class=\"elementor-widget-container\">\n\t\t\t\t\t\t\t<div class=\"elementor-icon-box-wrapper\">\n\n\t\t\t\t\t\t<div class=\"elementor-icon-box-icon\">\n\t\t\t\t<span  class=\"elementor-icon\">\n\t\t\t\t<i aria-hidden=\"true\" class=\"icon icon-what-do-we-stand-for-automotive\"><\/i>\t\t\t\t<\/span>\n\t\t\t<\/div>\n\t\t\t\n\t\t\t\t\t\t<div class=\"elementor-icon-box-content\">\n\n\t\t\t\t\t\t\t\t\t<p class=\"elementor-icon-box-title\">\n\t\t\t\t\t\t<span  >\n\t\t\t\t\t\t\t<b>Daf\u00fcr stehen wir<\/b>\t\t\t\t\t\t<\/span>\n\t\t\t\t\t<\/p>\n\t\t\t\t\n\t\t\t\t\t\t\t\t\t<p class=\"elementor-icon-box-description\">\n\t\t\t\t\t\tAusgezeichnete Qualit\u00e4t, hochmoderne Instrumentierungslabore mit neuester Technologie und ein zuverl\u00e4ssiger Partner f\u00fcr innovative L\u00f6sungen \u2013 darauf k\u00f6nnen Sie sich verlassen.\t\t\t\t\t<\/p>\n\t\t\t\t\n\t\t\t<\/div>\n\t\t\t\n\t\t<\/div>\n\t\t\t\t\t\t<\/div>\n\t\t\t\t<\/div>\n\t\t\t\t<\/div>\n\t\t\t\t\t<\/div>\n\t\t\t\t<\/div>\n\t\t\t\t<\/div>\n\t\t\t\t<\/div>\n\t\t<div class=\"elementor-element elementor-element-613ec466 e-flex e-con-boxed e-con e-parent\" data-id=\"613ec466\" data-element_type=\"container\" data-e-type=\"container\">\n\t\t\t\t\t<div class=\"e-con-inner\">\n\t\t\t\t<div class=\"elementor-element elementor-element-21ae35ec elementor-widget elementor-widget-heading\" data-id=\"21ae35ec\" data-element_type=\"widget\" data-e-type=\"widget\" data-widget_type=\"heading.default\">\n\t\t\t\t<div class=\"elementor-widget-container\">\n\t\t\t\t\t<h2 class=\"elementor-heading-title elementor-size-default\">F\u00e4higkeiten und Beispiele<\/h2>\t\t\t\t<\/div>\n\t\t\t\t<\/div>\n\t\t<div class=\"elementor-element elementor-element-5f98b975 e-grid e-con-full text-white capabilities-grid e-con e-child\" data-id=\"5f98b975\" data-element_type=\"container\" data-e-type=\"container\">\n\t\t<div class=\"elementor-element elementor-element-aa5ca4b e-con-full e-flex e-con e-child\" data-id=\"aa5ca4b\" data-element_type=\"container\" data-e-type=\"container\" data-settings=\"{&quot;background_background&quot;:&quot;classic&quot;}\">\n\t\t\t\t<div class=\"elementor-element elementor-element-370cffc elementor-widget elementor-widget-text-editor\" data-id=\"370cffc\" data-element_type=\"widget\" data-e-type=\"widget\" data-widget_type=\"text-editor.default\">\n\t\t\t\t<div class=\"elementor-widget-container\">\n\t\t\t\t\t\t\t\t\t<h4>Allgemein<\/h4><p>Wir haben Erfahrung in der Konstruktion von Leichtbau-Prototypen und bieten CFD-Analysen sowie Expertise im Bereich Kohlefaser-Verbundwerkstoffe und Glasfasermaterialien zur Steigerung von Leistung und Effizienz Ihrer Entwicklungen.<\/p>\t\t\t\t\t\t\t\t<\/div>\n\t\t\t\t<\/div>\n\t\t\t\t<\/div>\n\t\t<div class=\"elementor-element elementor-element-35c6de0 e-con-full e-flex e-con e-child\" data-id=\"35c6de0\" data-element_type=\"container\" data-e-type=\"container\" data-settings=\"{&quot;background_background&quot;:&quot;classic&quot;}\">\n\t\t\t\t<div class=\"elementor-element elementor-element-7b0f0864 elementor-widget elementor-widget-text-editor\" data-id=\"7b0f0864\" data-element_type=\"widget\" data-e-type=\"widget\" data-widget_type=\"text-editor.default\">\n\t\t\t\t<div class=\"elementor-widget-container\">\n\t\t\t\t\t\t\t\t\t<h4>Motorsport<\/h4><p>Neben der Instrumentierung und der Integration von Telemetrie bieten wir Messger\u00e4te und ma\u00dfgeschneiderte Testkampagnen, die darauf ausgelegt sind, die Leistung zu optimieren.<\/p>\t\t\t\t\t\t\t\t<\/div>\n\t\t\t\t<\/div>\n\t\t\t\t<\/div>\n\t\t<div class=\"elementor-element elementor-element-482fa812 e-con-full e-flex e-con e-child\" data-id=\"482fa812\" data-element_type=\"container\" data-e-type=\"container\" data-settings=\"{&quot;background_background&quot;:&quot;classic&quot;}\">\n\t\t\t\t<div class=\"elementor-element elementor-element-176e9b0c elementor-widget elementor-widget-text-editor\" data-id=\"176e9b0c\" data-element_type=\"widget\" data-e-type=\"widget\" data-widget_type=\"text-editor.default\">\n\t\t\t\t<div class=\"elementor-widget-container\">\n\t\t\t\t\t\t\t\t\t<h4>Testen<\/h4><p>Wir f\u00fchren Akustikmessungen an kleinen und gro\u00dfen Versuchstr\u00e4gern mit einem Messbereich von bis zu 30 Metern durch, um pr\u00e4zise und zuverl\u00e4ssige Ergebnisse zu erzielen.<\/p>\t\t\t\t\t\t\t\t<\/div>\n\t\t\t\t<\/div>\n\t\t\t\t<\/div>\n\t\t\t\t<\/div>\n\t\t\t\t\t<\/div>\n\t\t\t\t<\/div>\n\t\t\t\t<\/div>\n\t\t","protected":false},"excerpt":{"rendered":"<p>Automobilindustrie Konstruktion, Analyse, Instrumentierung und Test Motorentest? Entwicklung von Pr\u00fcfst\u00e4nden? Instrumentierung von Versuchstr\u00e4gern? In diesen speziellen Disziplinen verf\u00fcgen wir \u00fcber umfangreiche Erfahrungen und konnten unsere Kunden mit ma\u00dfgeschneiderten L\u00f6sungen bei der Weiterentwicklung ihrer Produkte unterst\u00fctzen. Das spricht f\u00fcr uns Unser Angebot Design und Analyse von schnell drehenden Komponenten, Telemetrieintegration, Instrumentierung an komplexen Bauteilen sowie fortschrittliches [&hellip;]<\/p>\n","protected":false},"author":1,"featured_media":0,"parent":3753,"menu_order":0,"comment_status":"closed","ping_status":"closed","template":"","meta":{"_acf_changed":false,"footnotes":""},"class_list":["post-3784","page","type-page","status-publish","hentry"],"acf":[],"yoast_head":"<!-- This site is optimized with the Yoast SEO plugin v27.3 - https:\/\/yoast.com\/product\/yoast-seo-wordpress\/ -->\n<title>Automobilindustrie: Konstruktion, Analyse, Instrumentierung, Tests<\/title>\n<meta name=\"description\" content=\"Motorentest, Entwicklung von Pr\u00fcfst\u00e4nden, Instrumentierung von Versuchstr\u00e4gern, Telemetrieintegration, CFD-Analysen, Akustikmessungen ...\" \/>\n<meta name=\"robots\" content=\"index, follow, max-snippet:-1, max-image-preview:large, max-video-preview:-1\" \/>\n<link rel=\"canonical\" href=\"https:\/\/www.anecom.de\/de\/unsere-branchen\/automobilindustrie\/\" \/>\n<meta property=\"og:locale\" content=\"de_DE\" \/>\n<meta property=\"og:type\" content=\"article\" \/>\n<meta property=\"og:title\" content=\"Automobilindustrie: Konstruktion, Analyse, Instrumentierung, Tests\" \/>\n<meta property=\"og:description\" content=\"Motorentest, Entwicklung von Pr\u00fcfst\u00e4nden, Instrumentierung von Versuchstr\u00e4gern, Telemetrieintegration, CFD-Analysen, Akustikmessungen ...\" \/>\n<meta property=\"og:url\" content=\"https:\/\/www.anecom.de\/de\/unsere-branchen\/automobilindustrie\/\" \/>\n<meta property=\"og:site_name\" content=\"AneCom\" \/>\n<meta property=\"article:modified_time\" content=\"2025-05-20T10:02:24+00:00\" \/>\n<meta name=\"twitter:card\" content=\"summary_large_image\" \/>\n<meta name=\"twitter:label1\" content=\"Gesch\u00e4tzte Lesezeit\" \/>\n\t<meta name=\"twitter:data1\" content=\"1\u00a0Minute\" \/>\n<script type=\"application\/ld+json\" class=\"yoast-schema-graph\">{\"@context\":\"https:\\\/\\\/schema.org\",\"@graph\":[{\"@type\":\"WebPage\",\"@id\":\"https:\\\/\\\/www.anecom.de\\\/de\\\/unsere-branchen\\\/automobilindustrie\\\/\",\"url\":\"https:\\\/\\\/www.anecom.de\\\/de\\\/unsere-branchen\\\/automobilindustrie\\\/\",\"name\":\"Automobilindustrie: Konstruktion, Analyse, Instrumentierung, Tests\",\"isPartOf\":{\"@id\":\"https:\\\/\\\/www.anecom.de\\\/de\\\/#website\"},\"datePublished\":\"2025-01-08T12:01:03+00:00\",\"dateModified\":\"2025-05-20T10:02:24+00:00\",\"description\":\"Motorentest, Entwicklung von Pr\u00fcfst\u00e4nden, Instrumentierung von Versuchstr\u00e4gern, Telemetrieintegration, CFD-Analysen, Akustikmessungen ...\",\"breadcrumb\":{\"@id\":\"https:\\\/\\\/www.anecom.de\\\/de\\\/unsere-branchen\\\/automobilindustrie\\\/#breadcrumb\"},\"inLanguage\":\"de\",\"potentialAction\":[{\"@type\":\"ReadAction\",\"target\":[\"https:\\\/\\\/www.anecom.de\\\/de\\\/unsere-branchen\\\/automobilindustrie\\\/\"]}]},{\"@type\":\"BreadcrumbList\",\"@id\":\"https:\\\/\\\/www.anecom.de\\\/de\\\/unsere-branchen\\\/automobilindustrie\\\/#breadcrumb\",\"itemListElement\":[{\"@type\":\"ListItem\",\"position\":1,\"name\":\"Home\",\"item\":\"https:\\\/\\\/www.anecom.de\\\/de\\\/\"},{\"@type\":\"ListItem\",\"position\":2,\"name\":\"Unsere Branchen\",\"item\":\"https:\\\/\\\/www.anecom.de\\\/de\\\/unsere-branchen\\\/\"},{\"@type\":\"ListItem\",\"position\":3,\"name\":\"Automobilindustrie\"}]},{\"@type\":\"WebSite\",\"@id\":\"https:\\\/\\\/www.anecom.de\\\/de\\\/#website\",\"url\":\"https:\\\/\\\/www.anecom.de\\\/de\\\/\",\"name\":\"AneCom\",\"description\":\"\",\"publisher\":{\"@id\":\"https:\\\/\\\/www.anecom.de\\\/de\\\/#organization\"},\"potentialAction\":[{\"@type\":\"SearchAction\",\"target\":{\"@type\":\"EntryPoint\",\"urlTemplate\":\"https:\\\/\\\/www.anecom.de\\\/de\\\/?s={search_term_string}\"},\"query-input\":{\"@type\":\"PropertyValueSpecification\",\"valueRequired\":true,\"valueName\":\"search_term_string\"}}],\"inLanguage\":\"de\"},{\"@type\":\"Organization\",\"@id\":\"https:\\\/\\\/www.anecom.de\\\/de\\\/#organization\",\"name\":\"AneCom\",\"url\":\"https:\\\/\\\/www.anecom.de\\\/de\\\/\",\"logo\":{\"@type\":\"ImageObject\",\"inLanguage\":\"de\",\"@id\":\"https:\\\/\\\/www.anecom.de\\\/de\\\/#\\\/schema\\\/logo\\\/image\\\/\",\"url\":\"https:\\\/\\\/www.anecom.de\\\/wp-content\\\/uploads\\\/2025\\\/01\\\/AneCom-Logo.svg\",\"contentUrl\":\"https:\\\/\\\/www.anecom.de\\\/wp-content\\\/uploads\\\/2025\\\/01\\\/AneCom-Logo.svg\",\"width\":297,\"height\":55,\"caption\":\"AneCom\"},\"image\":{\"@id\":\"https:\\\/\\\/www.anecom.de\\\/de\\\/#\\\/schema\\\/logo\\\/image\\\/\"}}]}<\/script>\n<!-- \/ Yoast SEO plugin. -->","yoast_head_json":{"title":"Automobilindustrie: Konstruktion, Analyse, Instrumentierung, Tests","description":"Motorentest, Entwicklung von Pr\u00fcfst\u00e4nden, Instrumentierung von Versuchstr\u00e4gern, Telemetrieintegration, CFD-Analysen, Akustikmessungen ...","robots":{"index":"index","follow":"follow","max-snippet":"max-snippet:-1","max-image-preview":"max-image-preview:large","max-video-preview":"max-video-preview:-1"},"canonical":"https:\/\/www.anecom.de\/de\/unsere-branchen\/automobilindustrie\/","og_locale":"de_DE","og_type":"article","og_title":"Automobilindustrie: Konstruktion, Analyse, Instrumentierung, Tests","og_description":"Motorentest, Entwicklung von Pr\u00fcfst\u00e4nden, Instrumentierung von Versuchstr\u00e4gern, Telemetrieintegration, CFD-Analysen, Akustikmessungen ...","og_url":"https:\/\/www.anecom.de\/de\/unsere-branchen\/automobilindustrie\/","og_site_name":"AneCom","article_modified_time":"2025-05-20T10:02:24+00:00","twitter_card":"summary_large_image","twitter_misc":{"Gesch\u00e4tzte Lesezeit":"1\u00a0Minute"},"schema":{"@context":"https:\/\/schema.org","@graph":[{"@type":"WebPage","@id":"https:\/\/www.anecom.de\/de\/unsere-branchen\/automobilindustrie\/","url":"https:\/\/www.anecom.de\/de\/unsere-branchen\/automobilindustrie\/","name":"Automobilindustrie: Konstruktion, Analyse, Instrumentierung, Tests","isPartOf":{"@id":"https:\/\/www.anecom.de\/de\/#website"},"datePublished":"2025-01-08T12:01:03+00:00","dateModified":"2025-05-20T10:02:24+00:00","description":"Motorentest, Entwicklung von Pr\u00fcfst\u00e4nden, Instrumentierung von Versuchstr\u00e4gern, Telemetrieintegration, CFD-Analysen, Akustikmessungen ...","breadcrumb":{"@id":"https:\/\/www.anecom.de\/de\/unsere-branchen\/automobilindustrie\/#breadcrumb"},"inLanguage":"de","potentialAction":[{"@type":"ReadAction","target":["https:\/\/www.anecom.de\/de\/unsere-branchen\/automobilindustrie\/"]}]},{"@type":"BreadcrumbList","@id":"https:\/\/www.anecom.de\/de\/unsere-branchen\/automobilindustrie\/#breadcrumb","itemListElement":[{"@type":"ListItem","position":1,"name":"Home","item":"https:\/\/www.anecom.de\/de\/"},{"@type":"ListItem","position":2,"name":"Unsere Branchen","item":"https:\/\/www.anecom.de\/de\/unsere-branchen\/"},{"@type":"ListItem","position":3,"name":"Automobilindustrie"}]},{"@type":"WebSite","@id":"https:\/\/www.anecom.de\/de\/#website","url":"https:\/\/www.anecom.de\/de\/","name":"AneCom","description":"","publisher":{"@id":"https:\/\/www.anecom.de\/de\/#organization"},"potentialAction":[{"@type":"SearchAction","target":{"@type":"EntryPoint","urlTemplate":"https:\/\/www.anecom.de\/de\/?s={search_term_string}"},"query-input":{"@type":"PropertyValueSpecification","valueRequired":true,"valueName":"search_term_string"}}],"inLanguage":"de"},{"@type":"Organization","@id":"https:\/\/www.anecom.de\/de\/#organization","name":"AneCom","url":"https:\/\/www.anecom.de\/de\/","logo":{"@type":"ImageObject","inLanguage":"de","@id":"https:\/\/www.anecom.de\/de\/#\/schema\/logo\/image\/","url":"https:\/\/www.anecom.de\/wp-content\/uploads\/2025\/01\/AneCom-Logo.svg","contentUrl":"https:\/\/www.anecom.de\/wp-content\/uploads\/2025\/01\/AneCom-Logo.svg","width":297,"height":55,"caption":"AneCom"},"image":{"@id":"https:\/\/www.anecom.de\/de\/#\/schema\/logo\/image\/"}}]}},"_links":{"self":[{"href":"https:\/\/www.anecom.de\/de\/wp-json\/wp\/v2\/pages\/3784","targetHints":{"allow":["GET"]}}],"collection":[{"href":"https:\/\/www.anecom.de\/de\/wp-json\/wp\/v2\/pages"}],"about":[{"href":"https:\/\/www.anecom.de\/de\/wp-json\/wp\/v2\/types\/page"}],"author":[{"embeddable":true,"href":"https:\/\/www.anecom.de\/de\/wp-json\/wp\/v2\/users\/1"}],"replies":[{"embeddable":true,"href":"https:\/\/www.anecom.de\/de\/wp-json\/wp\/v2\/comments?post=3784"}],"version-history":[{"count":18,"href":"https:\/\/www.anecom.de\/de\/wp-json\/wp\/v2\/pages\/3784\/revisions"}],"predecessor-version":[{"id":4844,"href":"https:\/\/www.anecom.de\/de\/wp-json\/wp\/v2\/pages\/3784\/revisions\/4844"}],"up":[{"embeddable":true,"href":"https:\/\/www.anecom.de\/de\/wp-json\/wp\/v2\/pages\/3753"}],"wp:attachment":[{"href":"https:\/\/www.anecom.de\/de\/wp-json\/wp\/v2\/media?parent=3784"}],"curies":[{"name":"wp","href":"https:\/\/api.w.org\/{rel}","templated":true}]}}