{"id":3779,"date":"2025-01-08T12:59:30","date_gmt":"2025-01-08T11:59:30","guid":{"rendered":"https:\/\/www.anecom.de\/unsere-branchen\/space\/"},"modified":"2025-05-20T11:53:47","modified_gmt":"2025-05-20T09:53:47","slug":"raumfahrt","status":"publish","type":"page","link":"https:\/\/www.anecom.de\/de\/unsere-branchen\/raumfahrt\/","title":{"rendered":"Raumfahrt"},"content":{"rendered":"\t\t<div data-elementor-type=\"wp-page\" data-elementor-id=\"3779\" class=\"elementor elementor-3779 elementor-150\" data-elementor-post-type=\"page\">\n\t\t\t\t<div class=\"elementor-element elementor-element-a0daf91 hero-header e-flex e-con-boxed e-con e-parent\" data-id=\"a0daf91\" data-element_type=\"container\" data-e-type=\"container\" data-settings=\"{&quot;background_background&quot;:&quot;classic&quot;}\">\n\t\t\t\t\t<div class=\"e-con-inner\">\n\t\t\t\t\t<\/div>\n\t\t\t\t<\/div>\n\t\t<div class=\"elementor-element elementor-element-4a12a929 e-flex e-con-boxed e-con e-parent\" data-id=\"4a12a929\" data-element_type=\"container\" data-e-type=\"container\">\n\t\t\t\t\t<div class=\"e-con-inner\">\n\t\t<div class=\"elementor-element elementor-element-1e269cf9 e-con-full e-flex e-con e-child\" data-id=\"1e269cf9\" data-element_type=\"container\" data-e-type=\"container\" data-settings=\"{&quot;background_background&quot;:&quot;classic&quot;}\">\n\t\t\t\t<div class=\"elementor-element elementor-element-7c4e06c0 elementor-align-left elementor-widget elementor-widget-breadcrumbs\" data-id=\"7c4e06c0\" data-element_type=\"widget\" data-e-type=\"widget\" data-widget_type=\"breadcrumbs.default\">\n\t\t\t\t<div class=\"elementor-widget-container\">\n\t\t\t\t\t<p id=\"breadcrumbs\"><span><span><a href=\"https:\/\/www.anecom.de\/de\/\">Home<\/a><\/span><\/span><\/p>\t\t\t\t<\/div>\n\t\t\t\t<\/div>\n\t\t\t\t<div class=\"elementor-element elementor-element-6b9fcdbc elementor-widget elementor-widget-heading\" data-id=\"6b9fcdbc\" data-element_type=\"widget\" data-e-type=\"widget\" data-widget_type=\"heading.default\">\n\t\t\t\t<div class=\"elementor-widget-container\">\n\t\t\t\t\t<h1 class=\"elementor-heading-title elementor-size-default\">Raumfahrt<\/h1>\t\t\t\t<\/div>\n\t\t\t\t<\/div>\n\t\t\t\t<div class=\"elementor-element elementor-element-ab5e6e0 elementor-widget elementor-widget-text-editor\" data-id=\"ab5e6e0\" data-element_type=\"widget\" data-e-type=\"widget\" data-widget_type=\"text-editor.default\">\n\t\t\t\t<div class=\"elementor-widget-container\">\n\t\t\t\t\t\t\t\t\t<p><strong>Konstruktion, Analyse, Prototypen und Test<\/strong><\/p>\t\t\t\t\t\t\t\t<\/div>\n\t\t\t\t<\/div>\n\t\t\t\t<div class=\"elementor-element elementor-element-758f4a55 elementor-widget elementor-widget-text-editor\" data-id=\"758f4a55\" data-element_type=\"widget\" data-e-type=\"widget\" data-widget_type=\"text-editor.default\">\n\t\t\t\t<div class=\"elementor-widget-container\">\n\t\t\t\t\t\t\t\t\t<p>Den alten Traum, den Weltraum zu erobern, unterst\u00fctzen wir! Wir bieten ein breites Spektrum an Dienstleistungen und Entwicklungsprojekten mit h\u00f6chster Qualit\u00e4t und Pr\u00e4zision.<\/p>\t\t\t\t\t\t\t\t<\/div>\n\t\t\t\t<\/div>\n\t\t\t\t<\/div>\n\t\t\t\t\t<\/div>\n\t\t\t\t<\/div>\n\t\t<div class=\"elementor-element elementor-element-4e6d2e9a e-con-full bg-img-gradient text-white e-flex e-con e-parent\" data-id=\"4e6d2e9a\" data-element_type=\"container\" data-e-type=\"container\" data-settings=\"{&quot;background_background&quot;:&quot;classic&quot;}\">\n\t\t<div class=\"elementor-element elementor-element-3481c45a e-con-full e-flex e-con e-child\" data-id=\"3481c45a\" data-element_type=\"container\" data-e-type=\"container\" data-settings=\"{&quot;background_background&quot;:&quot;gradient&quot;}\">\n\t\t<div class=\"elementor-element elementor-element-2a3bf0e6 e-flex e-con-boxed e-con e-child\" data-id=\"2a3bf0e6\" data-element_type=\"container\" data-e-type=\"container\">\n\t\t\t\t\t<div class=\"e-con-inner\">\n\t\t\t\t<div class=\"elementor-element elementor-element-32752b35 big-headline elementor-widget elementor-widget-heading\" data-id=\"32752b35\" data-element_type=\"widget\" data-e-type=\"widget\" data-widget_type=\"heading.default\">\n\t\t\t\t<div class=\"elementor-widget-container\">\n\t\t\t\t\t<h2 class=\"elementor-heading-title elementor-size-default\">Das spricht f\u00fcr uns<\/h2>\t\t\t\t<\/div>\n\t\t\t\t<\/div>\n\t\t<div class=\"elementor-element elementor-element-25fd0668 e-grid e-con-full e-con e-child\" data-id=\"25fd0668\" data-element_type=\"container\" data-e-type=\"container\">\n\t\t\t\t<div class=\"elementor-element elementor-element-536db2c elementor-view-default elementor-position-block-start elementor-mobile-position-block-start elementor-widget elementor-widget-icon-box\" data-id=\"536db2c\" data-element_type=\"widget\" data-e-type=\"widget\" data-widget_type=\"icon-box.default\">\n\t\t\t\t<div class=\"elementor-widget-container\">\n\t\t\t\t\t\t\t<div class=\"elementor-icon-box-wrapper\">\n\n\t\t\t\t\t\t<div class=\"elementor-icon-box-icon\">\n\t\t\t\t<span  class=\"elementor-icon\">\n\t\t\t\t<i aria-hidden=\"true\" class=\"icon icon-Space\"><\/i>\t\t\t\t<\/span>\n\t\t\t<\/div>\n\t\t\t\n\t\t\t\t\t\t<div class=\"elementor-icon-box-content\">\n\n\t\t\t\t\t\t\t\t\t<p class=\"elementor-icon-box-title\">\n\t\t\t\t\t\t<span  >\n\t\t\t\t\t\t\t<b>Unser Angebot<\/b>\t\t\t\t\t\t<\/span>\n\t\t\t\t\t<\/p>\n\t\t\t\t\n\t\t\t\t\t\t\t\t\t<p class=\"elementor-icon-box-description\">\n\t\t\t\t\t\tWir sind spezialisiert auf die Konstruktion, Analyse, Telemetrieintegration und Instrumentierung von Raketentriebwerken und bieten umfassende Testunterst\u00fctzung sowie fortschrittliche Datenerfassung.\t\t\t\t\t<\/p>\n\t\t\t\t\n\t\t\t<\/div>\n\t\t\t\n\t\t<\/div>\n\t\t\t\t\t\t<\/div>\n\t\t\t\t<\/div>\n\t\t\t\t<div class=\"elementor-element elementor-element-4f065d46 elementor-view-default elementor-position-block-start elementor-mobile-position-block-start elementor-widget elementor-widget-icon-box\" data-id=\"4f065d46\" data-element_type=\"widget\" data-e-type=\"widget\" data-widget_type=\"icon-box.default\">\n\t\t\t\t<div class=\"elementor-widget-container\">\n\t\t\t\t\t\t\t<div class=\"elementor-icon-box-wrapper\">\n\n\t\t\t\t\t\t<div class=\"elementor-icon-box-icon\">\n\t\t\t\t<span  class=\"elementor-icon\">\n\t\t\t\t<i aria-hidden=\"true\" class=\"icon icon-What-makes-us-unique-Space\"><\/i>\t\t\t\t<\/span>\n\t\t\t<\/div>\n\t\t\t\n\t\t\t\t\t\t<div class=\"elementor-icon-box-content\">\n\n\t\t\t\t\t\t\t\t\t<p class=\"elementor-icon-box-title\">\n\t\t\t\t\t\t<span  >\n\t\t\t\t\t\t\t<b>Das zeichnet uns aus<\/b>\t\t\t\t\t\t<\/span>\n\t\t\t\t\t<\/p>\n\t\t\t\t\n\t\t\t\t\t\t\t\t\t<p class=\"elementor-icon-box-description\">\n\t\t\t\t\t\tMit unserer Erfahrung und unserem \u201eRight First Time\u201c-Ansatz sind wir in der Lage, die Anforderungen Ihres Projekts zu verstehen und diese perfekt auf Ihre Bed\u00fcrfnisse abzustimmen.\t\t\t\t\t<\/p>\n\t\t\t\t\n\t\t\t<\/div>\n\t\t\t\n\t\t<\/div>\n\t\t\t\t\t\t<\/div>\n\t\t\t\t<\/div>\n\t\t\t\t<div class=\"elementor-element elementor-element-68e018c9 elementor-view-default elementor-position-block-start elementor-mobile-position-block-start elementor-widget elementor-widget-icon-box\" data-id=\"68e018c9\" data-element_type=\"widget\" data-e-type=\"widget\" data-widget_type=\"icon-box.default\">\n\t\t\t\t<div class=\"elementor-widget-container\">\n\t\t\t\t\t\t\t<div class=\"elementor-icon-box-wrapper\">\n\n\t\t\t\t\t\t<div class=\"elementor-icon-box-icon\">\n\t\t\t\t<span  class=\"elementor-icon\">\n\t\t\t\t<i aria-hidden=\"true\" class=\"icon icon-What-do-we-stand-for_Space\"><\/i>\t\t\t\t<\/span>\n\t\t\t<\/div>\n\t\t\t\n\t\t\t\t\t\t<div class=\"elementor-icon-box-content\">\n\n\t\t\t\t\t\t\t\t\t<p class=\"elementor-icon-box-title\">\n\t\t\t\t\t\t<span  >\n\t\t\t\t\t\t\t<b>Daf\u00fcr stehen wir<\/b>\t\t\t\t\t\t<\/span>\n\t\t\t\t\t<\/p>\n\t\t\t\t\n\t\t\t\t\t\t\t\t\t<p class=\"elementor-icon-box-description\">\n\t\t\t\t\t\tUnsere schrittweisen Prozesse mit klaren Vorgaben und Entscheidungskriterien sorgen f\u00fcr qualitativ hochwertige Ergebnisse made in Germany bei gleichzeitiger Kosteneffizienz.\t\t\t\t\t<\/p>\n\t\t\t\t\n\t\t\t<\/div>\n\t\t\t\n\t\t<\/div>\n\t\t\t\t\t\t<\/div>\n\t\t\t\t<\/div>\n\t\t\t\t<\/div>\n\t\t\t\t\t<\/div>\n\t\t\t\t<\/div>\n\t\t\t\t<\/div>\n\t\t\t\t<\/div>\n\t\t<div class=\"elementor-element elementor-element-7127d080 e-flex e-con-boxed e-con e-parent\" data-id=\"7127d080\" data-element_type=\"container\" data-e-type=\"container\">\n\t\t\t\t\t<div class=\"e-con-inner\">\n\t\t\t\t<div class=\"elementor-element elementor-element-6dd61da3 elementor-widget elementor-widget-heading\" data-id=\"6dd61da3\" data-element_type=\"widget\" data-e-type=\"widget\" data-widget_type=\"heading.default\">\n\t\t\t\t<div class=\"elementor-widget-container\">\n\t\t\t\t\t<h2 class=\"elementor-heading-title elementor-size-default\">F\u00e4higkeiten und Referenzen<\/h2>\t\t\t\t<\/div>\n\t\t\t\t<\/div>\n\t\t<div class=\"elementor-element elementor-element-29c1432b e-grid e-con-full text-white capabilities-grid e-con e-child\" data-id=\"29c1432b\" data-element_type=\"container\" data-e-type=\"container\">\n\t\t<div class=\"elementor-element elementor-element-501cfd89 e-con-full e-flex e-con e-child\" data-id=\"501cfd89\" data-element_type=\"container\" data-e-type=\"container\" data-settings=\"{&quot;background_background&quot;:&quot;classic&quot;}\">\n\t\t\t\t<div class=\"elementor-element elementor-element-4862873b elementor-widget elementor-widget-text-editor\" data-id=\"4862873b\" data-element_type=\"widget\" data-e-type=\"widget\" data-widget_type=\"text-editor.default\">\n\t\t\t\t<div class=\"elementor-widget-container\">\n\t\t\t\t\t\t\t\t\t<h4>Telemetrie Design Integration<\/h4><p>Wir sind spezialisiert auf die Entwicklung und Konstruktion von integrierten Telemetriesystemen f\u00fcr Raketentriebwerke.<\/p>\t\t\t\t\t\t\t\t<\/div>\n\t\t\t\t<\/div>\n\t\t\t\t<\/div>\n\t\t<div class=\"elementor-element elementor-element-22e30136 e-con-full e-flex e-con e-child\" data-id=\"22e30136\" data-element_type=\"container\" data-e-type=\"container\" data-settings=\"{&quot;background_background&quot;:&quot;classic&quot;}\">\n\t\t\t\t<div class=\"elementor-element elementor-element-60fdaf3d elementor-widget elementor-widget-text-editor\" data-id=\"60fdaf3d\" data-element_type=\"widget\" data-e-type=\"widget\" data-widget_type=\"text-editor.default\">\n\t\t\t\t<div class=\"elementor-widget-container\">\n\t\t\t\t\t\t\t\t\t<h4>Instrumentierung &amp; Montage<\/h4><p>Als Experten f\u00fcr die Anwendung von Instrumentierungen an Triebwerken und Einzelteilen gew\u00e4hrleisten wir pr\u00e4zise Messungen und zuverl\u00e4ssige Daten, die eine optimale Leistung sicherstellen.<\/p>\t\t\t\t\t\t\t\t<\/div>\n\t\t\t\t<\/div>\n\t\t\t\t<\/div>\n\t\t<div class=\"elementor-element elementor-element-3cff39f5 e-con-full e-flex e-con e-child\" data-id=\"3cff39f5\" data-element_type=\"container\" data-e-type=\"container\" data-settings=\"{&quot;background_background&quot;:&quot;classic&quot;}\">\n\t\t\t\t<div class=\"elementor-element elementor-element-6e96baf8 elementor-widget elementor-widget-text-editor\" data-id=\"6e96baf8\" data-element_type=\"widget\" data-e-type=\"widget\" data-widget_type=\"text-editor.default\">\n\t\t\t\t<div class=\"elementor-widget-container\">\n\t\t\t\t\t\t\t\t\t<h4>Test<\/h4><p>Durch unser Netzwerk an Partnern bieten wir umfassende L\u00f6sungen f\u00fcr Material- und Umwelttests sowie Testunterst\u00fctzung und in der Datenerfassung.<\/p>\t\t\t\t\t\t\t\t<\/div>\n\t\t\t\t<\/div>\n\t\t\t\t<\/div>\n\t\t\t\t<\/div>\n\t\t\t\t\t<\/div>\n\t\t\t\t<\/div>\n\t\t\t\t<\/div>\n\t\t","protected":false},"excerpt":{"rendered":"<p>Raumfahrt Konstruktion, Analyse, Prototypen und Test Den alten Traum, den Weltraum zu erobern, unterst\u00fctzen wir! Wir bieten ein breites Spektrum an Dienstleistungen und Entwicklungsprojekten mit h\u00f6chster Qualit\u00e4t und Pr\u00e4zision. Das spricht f\u00fcr uns Unser Angebot Wir sind spezialisiert auf die Konstruktion, Analyse, Telemetrieintegration und Instrumentierung von Raketentriebwerken und bieten umfassende Testunterst\u00fctzung sowie fortschrittliche Datenerfassung. Das [&hellip;]<\/p>\n","protected":false},"author":1,"featured_media":0,"parent":3753,"menu_order":0,"comment_status":"closed","ping_status":"closed","template":"","meta":{"_acf_changed":false,"footnotes":""},"class_list":["post-3779","page","type-page","status-publish","hentry"],"acf":[],"yoast_head":"<!-- This site is optimized with the Yoast SEO plugin v27.3 - https:\/\/yoast.com\/product\/yoast-seo-wordpress\/ -->\n<title>Raumfahrt: Konstruktion, Analyse, Prototypen und Tests<\/title>\n<meta name=\"description\" content=\"Konstruktion, Analyse, Telemetrieintegration, Instrumentierung von Raketentriebwerken, Testunterst\u00fctzung, fortschrittliche Datenerfassung ...\" \/>\n<meta name=\"robots\" content=\"index, follow, max-snippet:-1, max-image-preview:large, max-video-preview:-1\" \/>\n<link rel=\"canonical\" href=\"https:\/\/www.anecom.de\/de\/unsere-branchen\/raumfahrt\/\" \/>\n<meta property=\"og:locale\" content=\"de_DE\" \/>\n<meta property=\"og:type\" content=\"article\" \/>\n<meta property=\"og:title\" content=\"Raumfahrt: Konstruktion, Analyse, Prototypen und Tests\" \/>\n<meta property=\"og:description\" content=\"Konstruktion, Analyse, Telemetrieintegration, Instrumentierung von Raketentriebwerken, Testunterst\u00fctzung, fortschrittliche Datenerfassung ...\" \/>\n<meta property=\"og:url\" content=\"https:\/\/www.anecom.de\/de\/unsere-branchen\/raumfahrt\/\" \/>\n<meta property=\"og:site_name\" content=\"AneCom\" \/>\n<meta property=\"article:modified_time\" content=\"2025-05-20T09:53:47+00:00\" \/>\n<meta name=\"twitter:card\" content=\"summary_large_image\" \/>\n<meta name=\"twitter:label1\" content=\"Gesch\u00e4tzte Lesezeit\" \/>\n\t<meta name=\"twitter:data1\" content=\"1\u00a0Minute\" \/>\n<script type=\"application\/ld+json\" class=\"yoast-schema-graph\">{\"@context\":\"https:\\\/\\\/schema.org\",\"@graph\":[{\"@type\":\"WebPage\",\"@id\":\"https:\\\/\\\/www.anecom.de\\\/de\\\/unsere-branchen\\\/raumfahrt\\\/\",\"url\":\"https:\\\/\\\/www.anecom.de\\\/de\\\/unsere-branchen\\\/raumfahrt\\\/\",\"name\":\"Raumfahrt: Konstruktion, Analyse, Prototypen und Tests\",\"isPartOf\":{\"@id\":\"https:\\\/\\\/www.anecom.de\\\/de\\\/#website\"},\"datePublished\":\"2025-01-08T11:59:30+00:00\",\"dateModified\":\"2025-05-20T09:53:47+00:00\",\"description\":\"Konstruktion, Analyse, Telemetrieintegration, Instrumentierung von Raketentriebwerken, Testunterst\u00fctzung, fortschrittliche Datenerfassung ...\",\"breadcrumb\":{\"@id\":\"https:\\\/\\\/www.anecom.de\\\/de\\\/unsere-branchen\\\/raumfahrt\\\/#breadcrumb\"},\"inLanguage\":\"de\",\"potentialAction\":[{\"@type\":\"ReadAction\",\"target\":[\"https:\\\/\\\/www.anecom.de\\\/de\\\/unsere-branchen\\\/raumfahrt\\\/\"]}]},{\"@type\":\"BreadcrumbList\",\"@id\":\"https:\\\/\\\/www.anecom.de\\\/de\\\/unsere-branchen\\\/raumfahrt\\\/#breadcrumb\",\"itemListElement\":[{\"@type\":\"ListItem\",\"position\":1,\"name\":\"Home\",\"item\":\"https:\\\/\\\/www.anecom.de\\\/de\\\/\"},{\"@type\":\"ListItem\",\"position\":2,\"name\":\"Unsere Branchen\",\"item\":\"https:\\\/\\\/www.anecom.de\\\/de\\\/unsere-branchen\\\/\"},{\"@type\":\"ListItem\",\"position\":3,\"name\":\"Raumfahrt\"}]},{\"@type\":\"WebSite\",\"@id\":\"https:\\\/\\\/www.anecom.de\\\/de\\\/#website\",\"url\":\"https:\\\/\\\/www.anecom.de\\\/de\\\/\",\"name\":\"AneCom\",\"description\":\"\",\"publisher\":{\"@id\":\"https:\\\/\\\/www.anecom.de\\\/de\\\/#organization\"},\"potentialAction\":[{\"@type\":\"SearchAction\",\"target\":{\"@type\":\"EntryPoint\",\"urlTemplate\":\"https:\\\/\\\/www.anecom.de\\\/de\\\/?s={search_term_string}\"},\"query-input\":{\"@type\":\"PropertyValueSpecification\",\"valueRequired\":true,\"valueName\":\"search_term_string\"}}],\"inLanguage\":\"de\"},{\"@type\":\"Organization\",\"@id\":\"https:\\\/\\\/www.anecom.de\\\/de\\\/#organization\",\"name\":\"AneCom\",\"url\":\"https:\\\/\\\/www.anecom.de\\\/de\\\/\",\"logo\":{\"@type\":\"ImageObject\",\"inLanguage\":\"de\",\"@id\":\"https:\\\/\\\/www.anecom.de\\\/de\\\/#\\\/schema\\\/logo\\\/image\\\/\",\"url\":\"https:\\\/\\\/www.anecom.de\\\/wp-content\\\/uploads\\\/2025\\\/01\\\/AneCom-Logo.svg\",\"contentUrl\":\"https:\\\/\\\/www.anecom.de\\\/wp-content\\\/uploads\\\/2025\\\/01\\\/AneCom-Logo.svg\",\"width\":297,\"height\":55,\"caption\":\"AneCom\"},\"image\":{\"@id\":\"https:\\\/\\\/www.anecom.de\\\/de\\\/#\\\/schema\\\/logo\\\/image\\\/\"}}]}<\/script>\n<!-- \/ Yoast SEO plugin. -->","yoast_head_json":{"title":"Raumfahrt: Konstruktion, Analyse, Prototypen und Tests","description":"Konstruktion, Analyse, Telemetrieintegration, Instrumentierung von Raketentriebwerken, Testunterst\u00fctzung, fortschrittliche Datenerfassung ...","robots":{"index":"index","follow":"follow","max-snippet":"max-snippet:-1","max-image-preview":"max-image-preview:large","max-video-preview":"max-video-preview:-1"},"canonical":"https:\/\/www.anecom.de\/de\/unsere-branchen\/raumfahrt\/","og_locale":"de_DE","og_type":"article","og_title":"Raumfahrt: Konstruktion, Analyse, Prototypen und Tests","og_description":"Konstruktion, Analyse, Telemetrieintegration, Instrumentierung von Raketentriebwerken, Testunterst\u00fctzung, fortschrittliche Datenerfassung ...","og_url":"https:\/\/www.anecom.de\/de\/unsere-branchen\/raumfahrt\/","og_site_name":"AneCom","article_modified_time":"2025-05-20T09:53:47+00:00","twitter_card":"summary_large_image","twitter_misc":{"Gesch\u00e4tzte Lesezeit":"1\u00a0Minute"},"schema":{"@context":"https:\/\/schema.org","@graph":[{"@type":"WebPage","@id":"https:\/\/www.anecom.de\/de\/unsere-branchen\/raumfahrt\/","url":"https:\/\/www.anecom.de\/de\/unsere-branchen\/raumfahrt\/","name":"Raumfahrt: Konstruktion, Analyse, Prototypen und Tests","isPartOf":{"@id":"https:\/\/www.anecom.de\/de\/#website"},"datePublished":"2025-01-08T11:59:30+00:00","dateModified":"2025-05-20T09:53:47+00:00","description":"Konstruktion, Analyse, Telemetrieintegration, Instrumentierung von Raketentriebwerken, Testunterst\u00fctzung, fortschrittliche Datenerfassung ...","breadcrumb":{"@id":"https:\/\/www.anecom.de\/de\/unsere-branchen\/raumfahrt\/#breadcrumb"},"inLanguage":"de","potentialAction":[{"@type":"ReadAction","target":["https:\/\/www.anecom.de\/de\/unsere-branchen\/raumfahrt\/"]}]},{"@type":"BreadcrumbList","@id":"https:\/\/www.anecom.de\/de\/unsere-branchen\/raumfahrt\/#breadcrumb","itemListElement":[{"@type":"ListItem","position":1,"name":"Home","item":"https:\/\/www.anecom.de\/de\/"},{"@type":"ListItem","position":2,"name":"Unsere Branchen","item":"https:\/\/www.anecom.de\/de\/unsere-branchen\/"},{"@type":"ListItem","position":3,"name":"Raumfahrt"}]},{"@type":"WebSite","@id":"https:\/\/www.anecom.de\/de\/#website","url":"https:\/\/www.anecom.de\/de\/","name":"AneCom","description":"","publisher":{"@id":"https:\/\/www.anecom.de\/de\/#organization"},"potentialAction":[{"@type":"SearchAction","target":{"@type":"EntryPoint","urlTemplate":"https:\/\/www.anecom.de\/de\/?s={search_term_string}"},"query-input":{"@type":"PropertyValueSpecification","valueRequired":true,"valueName":"search_term_string"}}],"inLanguage":"de"},{"@type":"Organization","@id":"https:\/\/www.anecom.de\/de\/#organization","name":"AneCom","url":"https:\/\/www.anecom.de\/de\/","logo":{"@type":"ImageObject","inLanguage":"de","@id":"https:\/\/www.anecom.de\/de\/#\/schema\/logo\/image\/","url":"https:\/\/www.anecom.de\/wp-content\/uploads\/2025\/01\/AneCom-Logo.svg","contentUrl":"https:\/\/www.anecom.de\/wp-content\/uploads\/2025\/01\/AneCom-Logo.svg","width":297,"height":55,"caption":"AneCom"},"image":{"@id":"https:\/\/www.anecom.de\/de\/#\/schema\/logo\/image\/"}}]}},"_links":{"self":[{"href":"https:\/\/www.anecom.de\/de\/wp-json\/wp\/v2\/pages\/3779","targetHints":{"allow":["GET"]}}],"collection":[{"href":"https:\/\/www.anecom.de\/de\/wp-json\/wp\/v2\/pages"}],"about":[{"href":"https:\/\/www.anecom.de\/de\/wp-json\/wp\/v2\/types\/page"}],"author":[{"embeddable":true,"href":"https:\/\/www.anecom.de\/de\/wp-json\/wp\/v2\/users\/1"}],"replies":[{"embeddable":true,"href":"https:\/\/www.anecom.de\/de\/wp-json\/wp\/v2\/comments?post=3779"}],"version-history":[{"count":14,"href":"https:\/\/www.anecom.de\/de\/wp-json\/wp\/v2\/pages\/3779\/revisions"}],"predecessor-version":[{"id":4842,"href":"https:\/\/www.anecom.de\/de\/wp-json\/wp\/v2\/pages\/3779\/revisions\/4842"}],"up":[{"embeddable":true,"href":"https:\/\/www.anecom.de\/de\/wp-json\/wp\/v2\/pages\/3753"}],"wp:attachment":[{"href":"https:\/\/www.anecom.de\/de\/wp-json\/wp\/v2\/media?parent=3779"}],"curies":[{"name":"wp","href":"https:\/\/api.w.org\/{rel}","templated":true}]}}