{"id":3774,"date":"2025-01-08T12:59:03","date_gmt":"2025-01-08T11:59:03","guid":{"rendered":"https:\/\/www.anecom.de\/unsere-branchen\/gas-turbine\/"},"modified":"2025-05-20T11:45:05","modified_gmt":"2025-05-20T09:45:05","slug":"gasturbinen","status":"publish","type":"page","link":"https:\/\/www.anecom.de\/de\/unsere-branchen\/gasturbinen\/","title":{"rendered":"Gasturbinen"},"content":{"rendered":"\t\t<div data-elementor-type=\"wp-page\" data-elementor-id=\"3774\" class=\"elementor elementor-3774 elementor-146\" data-elementor-post-type=\"page\">\n\t\t\t\t<div class=\"elementor-element elementor-element-6e69392d hero-header e-flex e-con-boxed e-con e-parent\" data-id=\"6e69392d\" data-element_type=\"container\" data-e-type=\"container\" data-settings=\"{&quot;background_background&quot;:&quot;classic&quot;}\">\n\t\t\t\t\t<div class=\"e-con-inner\">\n\t\t\t\t\t<\/div>\n\t\t\t\t<\/div>\n\t\t<div class=\"elementor-element elementor-element-5ef3780b e-flex e-con-boxed e-con e-parent\" data-id=\"5ef3780b\" data-element_type=\"container\" data-e-type=\"container\">\n\t\t\t\t\t<div class=\"e-con-inner\">\n\t\t<div class=\"elementor-element elementor-element-ae783b5 e-con-full e-flex e-con e-child\" data-id=\"ae783b5\" data-element_type=\"container\" data-e-type=\"container\" data-settings=\"{&quot;background_background&quot;:&quot;classic&quot;}\">\n\t\t\t\t<div class=\"elementor-element elementor-element-6cdc0d52 elementor-align-left elementor-widget elementor-widget-breadcrumbs\" data-id=\"6cdc0d52\" data-element_type=\"widget\" data-e-type=\"widget\" data-widget_type=\"breadcrumbs.default\">\n\t\t\t\t<div class=\"elementor-widget-container\">\n\t\t\t\t\t<p id=\"breadcrumbs\"><span><span><a href=\"https:\/\/www.anecom.de\/de\/\">Home<\/a><\/span><\/span><\/p>\t\t\t\t<\/div>\n\t\t\t\t<\/div>\n\t\t\t\t<div class=\"elementor-element elementor-element-2f42aebe elementor-widget elementor-widget-heading\" data-id=\"2f42aebe\" data-element_type=\"widget\" data-e-type=\"widget\" data-widget_type=\"heading.default\">\n\t\t\t\t<div class=\"elementor-widget-container\">\n\t\t\t\t\t<h1 class=\"elementor-heading-title elementor-size-default\">Gasturbinen<\/h1>\t\t\t\t<\/div>\n\t\t\t\t<\/div>\n\t\t\t\t<div class=\"elementor-element elementor-element-8ab8367 elementor-widget elementor-widget-text-editor\" data-id=\"8ab8367\" data-element_type=\"widget\" data-e-type=\"widget\" data-widget_type=\"text-editor.default\">\n\t\t\t\t<div class=\"elementor-widget-container\">\n\t\t\t\t\t\t\t\t\t<p><strong>Konstruktion, Analyse, Montage, Instrumentierung und Test<\/strong><\/p>\t\t\t\t\t\t\t\t<\/div>\n\t\t\t\t<\/div>\n\t\t\t\t<div class=\"elementor-element elementor-element-33e6d4f0 elementor-widget elementor-widget-text-editor\" data-id=\"33e6d4f0\" data-element_type=\"widget\" data-e-type=\"widget\" data-widget_type=\"text-editor.default\">\n\t\t\t\t<div class=\"elementor-widget-container\">\n\t\t\t\t\t\t\t\t\t<p>Unsere langj\u00e4hrige Erfahrung in der Entwicklung von Gasturbinen ist ein wichtiger Grund f\u00fcr unsere Kunden, umfassend mit uns zusammenzuarbeiten! Bei vielen gro\u00dfen Projekten bieten wir alle Dienstleistungen \u2013 von der Entwicklung bis hin zur Instrumentierung einzelner Teile oder ganzer Gasturbinen, einschlie\u00dflich der Datenerfassung vor Ort beim Kunden, weltweit.<\/p>\t\t\t\t\t\t\t\t<\/div>\n\t\t\t\t<\/div>\n\t\t\t\t<\/div>\n\t\t\t\t\t<\/div>\n\t\t\t\t<\/div>\n\t\t<div class=\"elementor-element elementor-element-68ee58df e-con-full bg-img-gradient text-white e-flex e-con e-parent\" data-id=\"68ee58df\" data-element_type=\"container\" data-e-type=\"container\" data-settings=\"{&quot;background_background&quot;:&quot;classic&quot;}\">\n\t\t<div class=\"elementor-element elementor-element-16978bae e-con-full e-flex e-con e-child\" data-id=\"16978bae\" data-element_type=\"container\" data-e-type=\"container\" data-settings=\"{&quot;background_background&quot;:&quot;gradient&quot;}\">\n\t\t<div class=\"elementor-element elementor-element-511ccd78 e-flex e-con-boxed e-con e-child\" data-id=\"511ccd78\" data-element_type=\"container\" data-e-type=\"container\">\n\t\t\t\t\t<div class=\"e-con-inner\">\n\t\t\t\t<div class=\"elementor-element elementor-element-320fd069 big-headline elementor-widget elementor-widget-heading\" data-id=\"320fd069\" data-element_type=\"widget\" data-e-type=\"widget\" data-widget_type=\"heading.default\">\n\t\t\t\t<div class=\"elementor-widget-container\">\n\t\t\t\t\t<h2 class=\"elementor-heading-title elementor-size-default\">Das spricht f\u00fcr uns<\/h2>\t\t\t\t<\/div>\n\t\t\t\t<\/div>\n\t\t<div class=\"elementor-element elementor-element-1f60e084 e-grid e-con-full icon-box-grid e-con e-child\" data-id=\"1f60e084\" data-element_type=\"container\" data-e-type=\"container\">\n\t\t<div class=\"elementor-element elementor-element-d817019 e-con-full e-flex e-con e-child\" data-id=\"d817019\" data-element_type=\"container\" data-e-type=\"container\">\n\t\t\t\t<div class=\"elementor-element elementor-element-731bdf2 elementor-widget elementor-widget-image\" data-id=\"731bdf2\" data-element_type=\"widget\" data-e-type=\"widget\" data-widget_type=\"image.default\">\n\t\t\t\t<div class=\"elementor-widget-container\">\n\t\t\t\t\t\t\t\t\t\t\t\t\t\t\t<img fetchpriority=\"high\" decoding=\"async\" width=\"917\" height=\"600\" src=\"https:\/\/www.anecom.de\/wp-content\/uploads\/2025\/01\/Uffa_Noise.png\" class=\"attachment-full size-full wp-image-1145\" alt=\"\" srcset=\"https:\/\/www.anecom.de\/wp-content\/uploads\/2025\/01\/Uffa_Noise.png 917w, https:\/\/www.anecom.de\/wp-content\/uploads\/2025\/01\/Uffa_Noise-300x196.png 300w, https:\/\/www.anecom.de\/wp-content\/uploads\/2025\/01\/Uffa_Noise-768x503.png 768w\" sizes=\"(max-width: 917px) 100vw, 917px\" \/>\t\t\t\t\t\t\t\t\t\t\t\t\t\t\t<\/div>\n\t\t\t\t<\/div>\n\t\t\t\t<div class=\"elementor-element elementor-element-dfd86b3 elementor-widget elementor-widget-text-editor\" data-id=\"dfd86b3\" data-element_type=\"widget\" data-e-type=\"widget\" data-widget_type=\"text-editor.default\">\n\t\t\t\t<div class=\"elementor-widget-container\">\n\t\t\t\t\t\t\t\t\t<h3><strong>Unser Angebot<\/strong><\/h3><p>Unsere Dienstleistungen umfassen die Konstruktion, Analyse, Fertigung und Montage von Versuchstr\u00e4gern sowie das Design und die Applikation von Instrumentierungen, komplette Testl\u00f6sungen und Messkampagnen.<\/p>\t\t\t\t\t\t\t\t<\/div>\n\t\t\t\t<\/div>\n\t\t\t\t<\/div>\n\t\t<div class=\"elementor-element elementor-element-a1eed04 e-con-full e-flex e-con e-child\" data-id=\"a1eed04\" data-element_type=\"container\" data-e-type=\"container\">\n\t\t\t\t<div class=\"elementor-element elementor-element-412e20d elementor-widget elementor-widget-image\" data-id=\"412e20d\" data-element_type=\"widget\" data-e-type=\"widget\" data-widget_type=\"image.default\">\n\t\t\t\t<div class=\"elementor-widget-container\">\n\t\t\t\t\t\t\t\t\t\t\t\t\t\t\t<img decoding=\"async\" src=\"https:\/\/www.anecom.de\/wp-content\/uploads\/2025\/01\/AdobeStock_824093685.svg\" title=\"AdobeStock_824093685\" alt=\"AdobeStock_824093685\" loading=\"lazy\" \/>\t\t\t\t\t\t\t\t\t\t\t\t\t\t\t<\/div>\n\t\t\t\t<\/div>\n\t\t\t\t<div class=\"elementor-element elementor-element-c0009d3 elementor-widget elementor-widget-text-editor\" data-id=\"c0009d3\" data-element_type=\"widget\" data-e-type=\"widget\" data-widget_type=\"text-editor.default\">\n\t\t\t\t<div class=\"elementor-widget-container\">\n\t\t\t\t\t\t\t\t\t<h3><strong>Das zeichnet uns aus<\/strong><\/h3><p>Mit jahrelanger Erfahrung im Gasturbinengesch\u00e4ft verf\u00fcgen wir \u00fcber einen Pool von erfahrenen Chefingenieuren.<\/p>\t\t\t\t\t\t\t\t<\/div>\n\t\t\t\t<\/div>\n\t\t\t\t<\/div>\n\t\t<div class=\"elementor-element elementor-element-01acb19 e-con-full e-flex e-con e-child\" data-id=\"01acb19\" data-element_type=\"container\" data-e-type=\"container\">\n\t\t\t\t<div class=\"elementor-element elementor-element-f02c4ee elementor-widget elementor-widget-image\" data-id=\"f02c4ee\" data-element_type=\"widget\" data-e-type=\"widget\" data-widget_type=\"image.default\">\n\t\t\t\t<div class=\"elementor-widget-container\">\n\t\t\t\t\t\t\t\t\t\t\t\t\t\t\t<img decoding=\"async\" width=\"400\" height=\"400\" src=\"https:\/\/www.anecom.de\/wp-content\/uploads\/2025\/01\/26138123_global_network_2.png\" class=\"attachment-full size-full wp-image-1158\" alt=\"\" srcset=\"https:\/\/www.anecom.de\/wp-content\/uploads\/2025\/01\/26138123_global_network_2.png 400w, https:\/\/www.anecom.de\/wp-content\/uploads\/2025\/01\/26138123_global_network_2-300x300.png 300w, https:\/\/www.anecom.de\/wp-content\/uploads\/2025\/01\/26138123_global_network_2-150x150.png 150w\" sizes=\"(max-width: 400px) 100vw, 400px\" \/>\t\t\t\t\t\t\t\t\t\t\t\t\t\t\t<\/div>\n\t\t\t\t<\/div>\n\t\t\t\t<div class=\"elementor-element elementor-element-0babc24 elementor-widget elementor-widget-text-editor\" data-id=\"0babc24\" data-element_type=\"widget\" data-e-type=\"widget\" data-widget_type=\"text-editor.default\">\n\t\t\t\t<div class=\"elementor-widget-container\">\n\t\t\t\t\t\t\t\t\t<h3><strong>Daf\u00fcr stehen wir<\/strong><\/h3><p>Wir liefern kosteneffiziente Projekte auf weltweiter Ebene und bieten kurzfristige Unterst\u00fctzung bei der Instrumentierung vor Ort, um schnelle und zuverl\u00e4ssige L\u00f6sungen f\u00fcr unsere Kunden zu gew\u00e4hrleisten.<\/p>\t\t\t\t\t\t\t\t<\/div>\n\t\t\t\t<\/div>\n\t\t\t\t<\/div>\n\t\t\t\t<\/div>\n\t\t\t\t\t<\/div>\n\t\t\t\t<\/div>\n\t\t\t\t<\/div>\n\t\t\t\t<\/div>\n\t\t<div class=\"elementor-element elementor-element-370615e2 e-flex e-con-boxed e-con e-parent\" data-id=\"370615e2\" data-element_type=\"container\" data-e-type=\"container\">\n\t\t\t\t\t<div class=\"e-con-inner\">\n\t\t\t\t<div class=\"elementor-element elementor-element-b55c6f8 elementor-widget elementor-widget-heading\" data-id=\"b55c6f8\" data-element_type=\"widget\" data-e-type=\"widget\" data-widget_type=\"heading.default\">\n\t\t\t\t<div class=\"elementor-widget-container\">\n\t\t\t\t\t<h2 class=\"elementor-heading-title elementor-size-default\">F\u00e4higkeiten und Referenzen<\/h2>\t\t\t\t<\/div>\n\t\t\t\t<\/div>\n\t\t<div class=\"elementor-element elementor-element-72a9c737 e-grid e-con-full text-white capabilities-grid e-con e-child\" data-id=\"72a9c737\" data-element_type=\"container\" data-e-type=\"container\">\n\t\t<div class=\"elementor-element elementor-element-39b95156 e-con-full e-flex e-con e-child\" data-id=\"39b95156\" data-element_type=\"container\" data-e-type=\"container\" data-settings=\"{&quot;background_background&quot;:&quot;classic&quot;}\">\n\t\t\t\t<div class=\"elementor-element elementor-element-5e27385e elementor-widget elementor-widget-text-editor\" data-id=\"5e27385e\" data-element_type=\"widget\" data-e-type=\"widget\" data-widget_type=\"text-editor.default\">\n\t\t\t\t<div class=\"elementor-widget-container\">\n\t\t\t\t\t\t\t\t\t<h4>Design und Fertigung von Versuchstr\u00e4gern<\/h4><p>Wir haben uns auf die Entwicklung von Versuchstr\u00e4gern spezialisiert und bieten schl\u00fcsselfertige L\u00f6sungen f\u00fcr Versuchstr\u00e4ger an, die auf spezifische Testanforderungen zugeschnitten sind.<\/p>\t\t\t\t\t\t\t\t<\/div>\n\t\t\t\t<\/div>\n\t\t\t\t<\/div>\n\t\t<div class=\"elementor-element elementor-element-13f8ca95 e-con-full e-flex e-con e-child\" data-id=\"13f8ca95\" data-element_type=\"container\" data-e-type=\"container\" data-settings=\"{&quot;background_background&quot;:&quot;classic&quot;}\">\n\t\t\t\t<div class=\"elementor-element elementor-element-7c1a60cb elementor-widget elementor-widget-text-editor\" data-id=\"7c1a60cb\" data-element_type=\"widget\" data-e-type=\"widget\" data-widget_type=\"text-editor.default\">\n\t\t\t\t<div class=\"elementor-widget-container\">\n\t\t\t\t\t\t\t\t\t<h4>Instrumentierungsdesign und Applikation<\/h4><p>Ob beim Kunden vor Ort oder im AneCom eigenen Instrumentierungslabor, wir bieten die Auslegung und den Einsatz von Instrumentierungen f\u00fcr alle Arten von Gasturbinen auf der ganzen Welt an.<\/p>\t\t\t\t\t\t\t\t<\/div>\n\t\t\t\t<\/div>\n\t\t\t\t<\/div>\n\t\t<div class=\"elementor-element elementor-element-206f579a e-con-full e-flex e-con e-child\" data-id=\"206f579a\" data-element_type=\"container\" data-e-type=\"container\" data-settings=\"{&quot;background_background&quot;:&quot;classic&quot;}\">\n\t\t\t\t<div class=\"elementor-element elementor-element-6cbf3a60 elementor-widget elementor-widget-text-editor\" data-id=\"6cbf3a60\" data-element_type=\"widget\" data-e-type=\"widget\" data-widget_type=\"text-editor.default\">\n\t\t\t\t<div class=\"elementor-widget-container\">\n\t\t\t\t\t\t\t\t\t<h4>Testl\u00f6sungen und Messkampagnen<\/h4><p>Von der Entwicklungsphase bis zur Fertigstellung der Testkampagne unterst\u00fctzen wir unsere Kunden mit Messequipment.<\/p>\t\t\t\t\t\t\t\t<\/div>\n\t\t\t\t<\/div>\n\t\t\t\t<\/div>\n\t\t\t\t<\/div>\n\t\t\t\t\t<\/div>\n\t\t\t\t<\/div>\n\t\t\t\t<\/div>\n\t\t","protected":false},"excerpt":{"rendered":"<p>Gasturbinen Konstruktion, Analyse, Montage, Instrumentierung und Test Unsere langj\u00e4hrige Erfahrung in der Entwicklung von Gasturbinen ist ein wichtiger Grund f\u00fcr unsere Kunden, umfassend mit uns zusammenzuarbeiten! Bei vielen gro\u00dfen Projekten bieten wir alle Dienstleistungen \u2013 von der Entwicklung bis hin zur Instrumentierung einzelner Teile oder ganzer Gasturbinen, einschlie\u00dflich der Datenerfassung vor Ort beim Kunden, weltweit. [&hellip;]<\/p>\n","protected":false},"author":1,"featured_media":0,"parent":3753,"menu_order":0,"comment_status":"closed","ping_status":"closed","template":"","meta":{"_acf_changed":false,"footnotes":""},"class_list":["post-3774","page","type-page","status-publish","hentry"],"acf":[],"yoast_head":"<!-- This site is optimized with the Yoast SEO plugin v27.3 - https:\/\/yoast.com\/product\/yoast-seo-wordpress\/ -->\n<title>Gasturbinen: Konstruktion, Analyse, Montage, Instrumentierung ...<\/title>\n<meta name=\"description\" content=\"Konstruktion, Analyse, Fertigung und Montage von Versuchstr\u00e4gern. Design und Applikation von Instrumentierungen, komplette Testl\u00f6sungen ...\" \/>\n<meta name=\"robots\" content=\"index, follow, max-snippet:-1, max-image-preview:large, max-video-preview:-1\" \/>\n<link rel=\"canonical\" href=\"https:\/\/www.anecom.de\/de\/unsere-branchen\/gasturbinen\/\" \/>\n<meta property=\"og:locale\" content=\"de_DE\" \/>\n<meta property=\"og:type\" content=\"article\" \/>\n<meta property=\"og:title\" content=\"Gasturbinen: Konstruktion, Analyse, Montage, Instrumentierung ...\" \/>\n<meta property=\"og:description\" content=\"Konstruktion, Analyse, Fertigung und Montage von Versuchstr\u00e4gern. Design und Applikation von Instrumentierungen, komplette Testl\u00f6sungen ...\" \/>\n<meta property=\"og:url\" content=\"https:\/\/www.anecom.de\/de\/unsere-branchen\/gasturbinen\/\" \/>\n<meta property=\"og:site_name\" content=\"AneCom\" \/>\n<meta property=\"article:modified_time\" content=\"2025-05-20T09:45:05+00:00\" \/>\n<meta property=\"og:image\" content=\"https:\/\/www.anecom.de\/wp-content\/uploads\/2025\/01\/Uffa_Noise.png\" \/>\n<meta name=\"twitter:card\" content=\"summary_large_image\" \/>\n<meta name=\"twitter:label1\" content=\"Gesch\u00e4tzte Lesezeit\" \/>\n\t<meta name=\"twitter:data1\" content=\"2\u00a0Minuten\" \/>\n<script type=\"application\/ld+json\" class=\"yoast-schema-graph\">{\"@context\":\"https:\\\/\\\/schema.org\",\"@graph\":[{\"@type\":\"WebPage\",\"@id\":\"https:\\\/\\\/www.anecom.de\\\/de\\\/unsere-branchen\\\/gasturbinen\\\/\",\"url\":\"https:\\\/\\\/www.anecom.de\\\/de\\\/unsere-branchen\\\/gasturbinen\\\/\",\"name\":\"Gasturbinen: Konstruktion, Analyse, Montage, Instrumentierung ...\",\"isPartOf\":{\"@id\":\"https:\\\/\\\/www.anecom.de\\\/de\\\/#website\"},\"primaryImageOfPage\":{\"@id\":\"https:\\\/\\\/www.anecom.de\\\/de\\\/unsere-branchen\\\/gasturbinen\\\/#primaryimage\"},\"image\":{\"@id\":\"https:\\\/\\\/www.anecom.de\\\/de\\\/unsere-branchen\\\/gasturbinen\\\/#primaryimage\"},\"thumbnailUrl\":\"https:\\\/\\\/www.anecom.de\\\/wp-content\\\/uploads\\\/2025\\\/01\\\/Uffa_Noise.png\",\"datePublished\":\"2025-01-08T11:59:03+00:00\",\"dateModified\":\"2025-05-20T09:45:05+00:00\",\"description\":\"Konstruktion, Analyse, Fertigung und Montage von Versuchstr\u00e4gern. Design und Applikation von Instrumentierungen, komplette Testl\u00f6sungen ...\",\"breadcrumb\":{\"@id\":\"https:\\\/\\\/www.anecom.de\\\/de\\\/unsere-branchen\\\/gasturbinen\\\/#breadcrumb\"},\"inLanguage\":\"de\",\"potentialAction\":[{\"@type\":\"ReadAction\",\"target\":[\"https:\\\/\\\/www.anecom.de\\\/de\\\/unsere-branchen\\\/gasturbinen\\\/\"]}]},{\"@type\":\"ImageObject\",\"inLanguage\":\"de\",\"@id\":\"https:\\\/\\\/www.anecom.de\\\/de\\\/unsere-branchen\\\/gasturbinen\\\/#primaryimage\",\"url\":\"https:\\\/\\\/www.anecom.de\\\/wp-content\\\/uploads\\\/2025\\\/01\\\/Uffa_Noise.png\",\"contentUrl\":\"https:\\\/\\\/www.anecom.de\\\/wp-content\\\/uploads\\\/2025\\\/01\\\/Uffa_Noise.png\"},{\"@type\":\"BreadcrumbList\",\"@id\":\"https:\\\/\\\/www.anecom.de\\\/de\\\/unsere-branchen\\\/gasturbinen\\\/#breadcrumb\",\"itemListElement\":[{\"@type\":\"ListItem\",\"position\":1,\"name\":\"Home\",\"item\":\"https:\\\/\\\/www.anecom.de\\\/de\\\/\"},{\"@type\":\"ListItem\",\"position\":2,\"name\":\"Unsere Branchen\",\"item\":\"https:\\\/\\\/www.anecom.de\\\/de\\\/unsere-branchen\\\/\"},{\"@type\":\"ListItem\",\"position\":3,\"name\":\"Gasturbinen\"}]},{\"@type\":\"WebSite\",\"@id\":\"https:\\\/\\\/www.anecom.de\\\/de\\\/#website\",\"url\":\"https:\\\/\\\/www.anecom.de\\\/de\\\/\",\"name\":\"AneCom\",\"description\":\"\",\"publisher\":{\"@id\":\"https:\\\/\\\/www.anecom.de\\\/de\\\/#organization\"},\"potentialAction\":[{\"@type\":\"SearchAction\",\"target\":{\"@type\":\"EntryPoint\",\"urlTemplate\":\"https:\\\/\\\/www.anecom.de\\\/de\\\/?s={search_term_string}\"},\"query-input\":{\"@type\":\"PropertyValueSpecification\",\"valueRequired\":true,\"valueName\":\"search_term_string\"}}],\"inLanguage\":\"de\"},{\"@type\":\"Organization\",\"@id\":\"https:\\\/\\\/www.anecom.de\\\/de\\\/#organization\",\"name\":\"AneCom\",\"url\":\"https:\\\/\\\/www.anecom.de\\\/de\\\/\",\"logo\":{\"@type\":\"ImageObject\",\"inLanguage\":\"de\",\"@id\":\"https:\\\/\\\/www.anecom.de\\\/de\\\/#\\\/schema\\\/logo\\\/image\\\/\",\"url\":\"https:\\\/\\\/www.anecom.de\\\/wp-content\\\/uploads\\\/2025\\\/01\\\/AneCom-Logo.svg\",\"contentUrl\":\"https:\\\/\\\/www.anecom.de\\\/wp-content\\\/uploads\\\/2025\\\/01\\\/AneCom-Logo.svg\",\"width\":297,\"height\":55,\"caption\":\"AneCom\"},\"image\":{\"@id\":\"https:\\\/\\\/www.anecom.de\\\/de\\\/#\\\/schema\\\/logo\\\/image\\\/\"}}]}<\/script>\n<!-- \/ Yoast SEO plugin. -->","yoast_head_json":{"title":"Gasturbinen: Konstruktion, Analyse, Montage, Instrumentierung ...","description":"Konstruktion, Analyse, Fertigung und Montage von Versuchstr\u00e4gern. Design und Applikation von Instrumentierungen, komplette Testl\u00f6sungen ...","robots":{"index":"index","follow":"follow","max-snippet":"max-snippet:-1","max-image-preview":"max-image-preview:large","max-video-preview":"max-video-preview:-1"},"canonical":"https:\/\/www.anecom.de\/de\/unsere-branchen\/gasturbinen\/","og_locale":"de_DE","og_type":"article","og_title":"Gasturbinen: Konstruktion, Analyse, Montage, Instrumentierung ...","og_description":"Konstruktion, Analyse, Fertigung und Montage von Versuchstr\u00e4gern. Design und Applikation von Instrumentierungen, komplette Testl\u00f6sungen ...","og_url":"https:\/\/www.anecom.de\/de\/unsere-branchen\/gasturbinen\/","og_site_name":"AneCom","article_modified_time":"2025-05-20T09:45:05+00:00","og_image":[{"url":"https:\/\/www.anecom.de\/wp-content\/uploads\/2025\/01\/Uffa_Noise.png","type":"","width":"","height":""}],"twitter_card":"summary_large_image","twitter_misc":{"Gesch\u00e4tzte Lesezeit":"2\u00a0Minuten"},"schema":{"@context":"https:\/\/schema.org","@graph":[{"@type":"WebPage","@id":"https:\/\/www.anecom.de\/de\/unsere-branchen\/gasturbinen\/","url":"https:\/\/www.anecom.de\/de\/unsere-branchen\/gasturbinen\/","name":"Gasturbinen: Konstruktion, Analyse, Montage, Instrumentierung ...","isPartOf":{"@id":"https:\/\/www.anecom.de\/de\/#website"},"primaryImageOfPage":{"@id":"https:\/\/www.anecom.de\/de\/unsere-branchen\/gasturbinen\/#primaryimage"},"image":{"@id":"https:\/\/www.anecom.de\/de\/unsere-branchen\/gasturbinen\/#primaryimage"},"thumbnailUrl":"https:\/\/www.anecom.de\/wp-content\/uploads\/2025\/01\/Uffa_Noise.png","datePublished":"2025-01-08T11:59:03+00:00","dateModified":"2025-05-20T09:45:05+00:00","description":"Konstruktion, Analyse, Fertigung und Montage von Versuchstr\u00e4gern. Design und Applikation von Instrumentierungen, komplette Testl\u00f6sungen ...","breadcrumb":{"@id":"https:\/\/www.anecom.de\/de\/unsere-branchen\/gasturbinen\/#breadcrumb"},"inLanguage":"de","potentialAction":[{"@type":"ReadAction","target":["https:\/\/www.anecom.de\/de\/unsere-branchen\/gasturbinen\/"]}]},{"@type":"ImageObject","inLanguage":"de","@id":"https:\/\/www.anecom.de\/de\/unsere-branchen\/gasturbinen\/#primaryimage","url":"https:\/\/www.anecom.de\/wp-content\/uploads\/2025\/01\/Uffa_Noise.png","contentUrl":"https:\/\/www.anecom.de\/wp-content\/uploads\/2025\/01\/Uffa_Noise.png"},{"@type":"BreadcrumbList","@id":"https:\/\/www.anecom.de\/de\/unsere-branchen\/gasturbinen\/#breadcrumb","itemListElement":[{"@type":"ListItem","position":1,"name":"Home","item":"https:\/\/www.anecom.de\/de\/"},{"@type":"ListItem","position":2,"name":"Unsere Branchen","item":"https:\/\/www.anecom.de\/de\/unsere-branchen\/"},{"@type":"ListItem","position":3,"name":"Gasturbinen"}]},{"@type":"WebSite","@id":"https:\/\/www.anecom.de\/de\/#website","url":"https:\/\/www.anecom.de\/de\/","name":"AneCom","description":"","publisher":{"@id":"https:\/\/www.anecom.de\/de\/#organization"},"potentialAction":[{"@type":"SearchAction","target":{"@type":"EntryPoint","urlTemplate":"https:\/\/www.anecom.de\/de\/?s={search_term_string}"},"query-input":{"@type":"PropertyValueSpecification","valueRequired":true,"valueName":"search_term_string"}}],"inLanguage":"de"},{"@type":"Organization","@id":"https:\/\/www.anecom.de\/de\/#organization","name":"AneCom","url":"https:\/\/www.anecom.de\/de\/","logo":{"@type":"ImageObject","inLanguage":"de","@id":"https:\/\/www.anecom.de\/de\/#\/schema\/logo\/image\/","url":"https:\/\/www.anecom.de\/wp-content\/uploads\/2025\/01\/AneCom-Logo.svg","contentUrl":"https:\/\/www.anecom.de\/wp-content\/uploads\/2025\/01\/AneCom-Logo.svg","width":297,"height":55,"caption":"AneCom"},"image":{"@id":"https:\/\/www.anecom.de\/de\/#\/schema\/logo\/image\/"}}]}},"_links":{"self":[{"href":"https:\/\/www.anecom.de\/de\/wp-json\/wp\/v2\/pages\/3774","targetHints":{"allow":["GET"]}}],"collection":[{"href":"https:\/\/www.anecom.de\/de\/wp-json\/wp\/v2\/pages"}],"about":[{"href":"https:\/\/www.anecom.de\/de\/wp-json\/wp\/v2\/types\/page"}],"author":[{"embeddable":true,"href":"https:\/\/www.anecom.de\/de\/wp-json\/wp\/v2\/users\/1"}],"replies":[{"embeddable":true,"href":"https:\/\/www.anecom.de\/de\/wp-json\/wp\/v2\/comments?post=3774"}],"version-history":[{"count":11,"href":"https:\/\/www.anecom.de\/de\/wp-json\/wp\/v2\/pages\/3774\/revisions"}],"predecessor-version":[{"id":4840,"href":"https:\/\/www.anecom.de\/de\/wp-json\/wp\/v2\/pages\/3774\/revisions\/4840"}],"up":[{"embeddable":true,"href":"https:\/\/www.anecom.de\/de\/wp-json\/wp\/v2\/pages\/3753"}],"wp:attachment":[{"href":"https:\/\/www.anecom.de\/de\/wp-json\/wp\/v2\/media?parent=3774"}],"curies":[{"name":"wp","href":"https:\/\/api.w.org\/{rel}","templated":true}]}}