{"id":3769,"date":"2025-01-08T12:58:20","date_gmt":"2025-01-08T11:58:20","guid":{"rendered":"https:\/\/www.anecom.de\/unsere-branchen\/aerospace\/"},"modified":"2025-05-20T11:42:09","modified_gmt":"2025-05-20T09:42:09","slug":"luftfahrt","status":"publish","type":"page","link":"https:\/\/www.anecom.de\/de\/unsere-branchen\/luftfahrt\/","title":{"rendered":"Luftfahrt"},"content":{"rendered":"\t\t<div data-elementor-type=\"wp-page\" data-elementor-id=\"3769\" class=\"elementor elementor-3769 elementor-144\" data-elementor-post-type=\"page\">\n\t\t\t\t<div class=\"elementor-element elementor-element-1525eea4 hero-header e-flex e-con-boxed e-con e-parent\" data-id=\"1525eea4\" data-element_type=\"container\" data-e-type=\"container\" data-settings=\"{&quot;background_background&quot;:&quot;classic&quot;}\">\n\t\t\t\t\t<div class=\"e-con-inner\">\n\t\t\t\t\t<\/div>\n\t\t\t\t<\/div>\n\t\t<div class=\"elementor-element elementor-element-68176 e-flex e-con-boxed e-con e-parent\" data-id=\"68176\" data-element_type=\"container\" data-e-type=\"container\">\n\t\t\t\t\t<div class=\"e-con-inner\">\n\t\t<div class=\"elementor-element elementor-element-6d4a3b78 e-con-full e-flex e-con e-child\" data-id=\"6d4a3b78\" data-element_type=\"container\" data-e-type=\"container\" data-settings=\"{&quot;background_background&quot;:&quot;classic&quot;}\">\n\t\t\t\t<div class=\"elementor-element elementor-element-386f4f72 elementor-align-left elementor-widget elementor-widget-breadcrumbs\" data-id=\"386f4f72\" data-element_type=\"widget\" data-e-type=\"widget\" data-widget_type=\"breadcrumbs.default\">\n\t\t\t\t<div class=\"elementor-widget-container\">\n\t\t\t\t\t<p id=\"breadcrumbs\"><span><span><a href=\"https:\/\/www.anecom.de\/de\/\">Home<\/a><\/span><\/span><\/p>\t\t\t\t<\/div>\n\t\t\t\t<\/div>\n\t\t\t\t<div class=\"elementor-element elementor-element-543fa27 elementor-widget elementor-widget-heading\" data-id=\"543fa27\" data-element_type=\"widget\" data-e-type=\"widget\" data-widget_type=\"heading.default\">\n\t\t\t\t<div class=\"elementor-widget-container\">\n\t\t\t\t\t<h1 class=\"elementor-heading-title elementor-size-default\">Luftfahrt<\/h1>\t\t\t\t<\/div>\n\t\t\t\t<\/div>\n\t\t\t\t<div class=\"elementor-element elementor-element-9071f24 elementor-widget elementor-widget-text-editor\" data-id=\"9071f24\" data-element_type=\"widget\" data-e-type=\"widget\" data-widget_type=\"text-editor.default\">\n\t\t\t\t<div class=\"elementor-widget-container\">\n\t\t\t\t\t\t\t\t\t<p><strong>Konstruktion, Analyse, Montage, Instrumentierung und Test<\/strong><\/p>\t\t\t\t\t\t\t\t<\/div>\n\t\t\t\t<\/div>\n\t\t\t\t<div class=\"elementor-element elementor-element-6ce57b10 elementor-widget elementor-widget-text-editor\" data-id=\"6ce57b10\" data-element_type=\"widget\" data-e-type=\"widget\" data-widget_type=\"text-editor.default\">\n\t\t\t\t<div class=\"elementor-widget-container\">\n\t\t\t\t\t\t\t\t\t<p>Wir unterst\u00fctzen die Luftfahrtindustrie mit innovativen L\u00f6sungen f\u00fcr die Neuentwicklung und Weiterentwicklung von Triebwerken. Mit spezialisiertem Fachwissen und langj\u00e4hriger Erfahrung sind wir in der Lage, das gesamte Spektrum der Triebwerksentwicklung abzudecken \u2013 von der Prototypenentwicklung \u00fcber Tests bis hin zur Datenerfassung.<\/p>\t\t\t\t\t\t\t\t<\/div>\n\t\t\t\t<\/div>\n\t\t\t\t<\/div>\n\t\t\t\t\t<\/div>\n\t\t\t\t<\/div>\n\t\t<div class=\"elementor-element elementor-element-33be176c e-con-full bg-img-gradient text-white e-flex e-con e-parent\" data-id=\"33be176c\" data-element_type=\"container\" data-e-type=\"container\" data-settings=\"{&quot;background_background&quot;:&quot;classic&quot;}\">\n\t\t<div class=\"elementor-element elementor-element-5d4688e e-con-full e-flex e-con e-child\" data-id=\"5d4688e\" data-element_type=\"container\" data-e-type=\"container\" data-settings=\"{&quot;background_background&quot;:&quot;gradient&quot;}\">\n\t\t<div class=\"elementor-element elementor-element-7ebadfe4 e-flex e-con-boxed e-con e-child\" data-id=\"7ebadfe4\" data-element_type=\"container\" data-e-type=\"container\">\n\t\t\t\t\t<div class=\"e-con-inner\">\n\t\t\t\t<div class=\"elementor-element elementor-element-5a7031fa big-headline elementor-widget elementor-widget-heading\" data-id=\"5a7031fa\" data-element_type=\"widget\" data-e-type=\"widget\" data-widget_type=\"heading.default\">\n\t\t\t\t<div class=\"elementor-widget-container\">\n\t\t\t\t\t<h2 class=\"elementor-heading-title elementor-size-default\">Das spricht f\u00fcr uns <\/h2>\t\t\t\t<\/div>\n\t\t\t\t<\/div>\n\t\t<div class=\"elementor-element elementor-element-1878f71a e-grid e-con-full e-con e-child\" data-id=\"1878f71a\" data-element_type=\"container\" data-e-type=\"container\">\n\t\t\t\t<div class=\"elementor-element elementor-element-7385a6d1 elementor-view-default elementor-position-block-start elementor-mobile-position-block-start elementor-widget elementor-widget-icon-box\" data-id=\"7385a6d1\" data-element_type=\"widget\" data-e-type=\"widget\" data-widget_type=\"icon-box.default\">\n\t\t\t\t<div class=\"elementor-widget-container\">\n\t\t\t\t\t\t\t<div class=\"elementor-icon-box-wrapper\">\n\n\t\t\t\t\t\t<div class=\"elementor-icon-box-icon\">\n\t\t\t\t<span  class=\"elementor-icon\">\n\t\t\t\t<i aria-hidden=\"true\" class=\"icon icon-Aerospace\"><\/i>\t\t\t\t<\/span>\n\t\t\t<\/div>\n\t\t\t\n\t\t\t\t\t\t<div class=\"elementor-icon-box-content\">\n\n\t\t\t\t\t\t\t\t\t<p class=\"elementor-icon-box-title\">\n\t\t\t\t\t\t<span  >\n\t\t\t\t\t\t\t<b>Unser Angebot<\/b>\t\t\t\t\t\t<\/span>\n\t\t\t\t\t<\/p>\n\t\t\t\t\n\t\t\t\t\t\t\t\t\t<p class=\"elementor-icon-box-description\">\n\t\t\t\t\t\tWir sind spezialisiert auf die Konstruktion und Fertigung von Versuchstr\u00e4gern f\u00fcr Flugzeugtriebwerke, Flug- und Strukturinstrumentierung, Unterst\u00fctzung bei Bodentests und Datenerfassung \u2013 und liefern zuverl\u00e4ssige L\u00f6sungen f\u00fcr effiziente Testprozesse.\t\t\t\t\t<\/p>\n\t\t\t\t\n\t\t\t<\/div>\n\t\t\t\n\t\t<\/div>\n\t\t\t\t\t\t<\/div>\n\t\t\t\t<\/div>\n\t\t\t\t<div class=\"elementor-element elementor-element-37b998be elementor-view-default elementor-position-block-start elementor-mobile-position-block-start elementor-widget elementor-widget-icon-box\" data-id=\"37b998be\" data-element_type=\"widget\" data-e-type=\"widget\" data-widget_type=\"icon-box.default\">\n\t\t\t\t<div class=\"elementor-widget-container\">\n\t\t\t\t\t\t\t<div class=\"elementor-icon-box-wrapper\">\n\n\t\t\t\t\t\t<div class=\"elementor-icon-box-icon\">\n\t\t\t\t<span  class=\"elementor-icon\">\n\t\t\t\t<i aria-hidden=\"true\" class=\"icon icon-Unique\"><\/i>\t\t\t\t<\/span>\n\t\t\t<\/div>\n\t\t\t\n\t\t\t\t\t\t<div class=\"elementor-icon-box-content\">\n\n\t\t\t\t\t\t\t\t\t<p class=\"elementor-icon-box-title\">\n\t\t\t\t\t\t<span  >\n\t\t\t\t\t\t\t<b>Das zeichnet uns aus<\/b>\t\t\t\t\t\t<\/span>\n\t\t\t\t\t<\/p>\n\t\t\t\t\n\t\t\t\t\t\t\t\t\t<p class=\"elementor-icon-box-description\">\n\t\t\t\t\t\tUnsere St\u00e4rke liegt in einem engagierten Team von erfahrenen Ingenieuren mit langj\u00e4hriger Erfahrung in der Luft- und Raumfahrt und einem hochqualifizierten Team, das au\u00dfergew\u00f6hnliche, auf Ihre Bed\u00fcrfnisse zugeschnittene L\u00f6sungen liefert.\t\t\t\t\t<\/p>\n\t\t\t\t\n\t\t\t<\/div>\n\t\t\t\n\t\t<\/div>\n\t\t\t\t\t\t<\/div>\n\t\t\t\t<\/div>\n\t\t\t\t<div class=\"elementor-element elementor-element-39840dc elementor-view-default elementor-position-block-start elementor-mobile-position-block-start elementor-widget elementor-widget-icon-box\" data-id=\"39840dc\" data-element_type=\"widget\" data-e-type=\"widget\" data-widget_type=\"icon-box.default\">\n\t\t\t\t<div class=\"elementor-widget-container\">\n\t\t\t\t\t\t\t<div class=\"elementor-icon-box-wrapper\">\n\n\t\t\t\t\t\t<div class=\"elementor-icon-box-icon\">\n\t\t\t\t<span  class=\"elementor-icon\">\n\t\t\t\t<i aria-hidden=\"true\" class=\"icon icon-what-do-we-stand-for-aerospace\"><\/i>\t\t\t\t<\/span>\n\t\t\t<\/div>\n\t\t\t\n\t\t\t\t\t\t<div class=\"elementor-icon-box-content\">\n\n\t\t\t\t\t\t\t\t\t<p class=\"elementor-icon-box-title\">\n\t\t\t\t\t\t<span  >\n\t\t\t\t\t\t\t<b>Daf\u00fcr stehen wir<\/b>\t\t\t\t\t\t<\/span>\n\t\t\t\t\t<\/p>\n\t\t\t\t\n\t\t\t\t\t\t\t\t\t<p class=\"elementor-icon-box-description\">\n\t\t\t\t\t\tWir liefern kosteneffiziente Projekte, die auf einem tiefen Verst\u00e4ndnis der Entwicklungszyklen basieren und sicherstellen, dass in jedem Schritt Mehrwert und Expertise eingebracht werden.\t\t\t\t\t<\/p>\n\t\t\t\t\n\t\t\t<\/div>\n\t\t\t\n\t\t<\/div>\n\t\t\t\t\t\t<\/div>\n\t\t\t\t<\/div>\n\t\t\t\t<\/div>\n\t\t\t\t\t<\/div>\n\t\t\t\t<\/div>\n\t\t\t\t<\/div>\n\t\t\t\t<\/div>\n\t\t<div class=\"elementor-element elementor-element-1de2dcd6 e-flex e-con-boxed e-con e-parent\" data-id=\"1de2dcd6\" data-element_type=\"container\" data-e-type=\"container\">\n\t\t\t\t\t<div class=\"e-con-inner\">\n\t\t\t\t<div class=\"elementor-element elementor-element-19953882 elementor-widget elementor-widget-heading\" data-id=\"19953882\" data-element_type=\"widget\" data-e-type=\"widget\" data-widget_type=\"heading.default\">\n\t\t\t\t<div class=\"elementor-widget-container\">\n\t\t\t\t\t<h2 class=\"elementor-heading-title elementor-size-default\">F\u00e4higkeiten und Referenzen<\/h2>\t\t\t\t<\/div>\n\t\t\t\t<\/div>\n\t\t<div class=\"elementor-element elementor-element-59668dab e-grid e-con-full text-white capabilities-grid e-con e-child\" data-id=\"59668dab\" data-element_type=\"container\" data-e-type=\"container\">\n\t\t<div class=\"elementor-element elementor-element-637dc750 e-con-full e-flex e-con e-child\" data-id=\"637dc750\" data-element_type=\"container\" data-e-type=\"container\" data-settings=\"{&quot;background_background&quot;:&quot;classic&quot;}\">\n\t\t\t\t<div class=\"elementor-element elementor-element-1dedb2a8 elementor-widget elementor-widget-text-editor\" data-id=\"1dedb2a8\" data-element_type=\"widget\" data-e-type=\"widget\" data-widget_type=\"text-editor.default\">\n\t\t\t\t<div class=\"elementor-widget-container\">\n\t\t\t\t\t\t\t\t\t<h4>Konstruktion und Fertigung von Versuchstr\u00e4gern<\/h4><p>Von der Konstruktion und Analyse bis hin zur Fertigung und Montage bieten wir ma\u00dfgeschneiderte L\u00f6sungen f\u00fcr kleine und gro\u00dfe Versuchstr\u00e4ger sowie Komponenten.<\/p>\t\t\t\t\t\t\t\t<\/div>\n\t\t\t\t<\/div>\n\t\t\t\t<\/div>\n\t\t<div class=\"elementor-element elementor-element-23b3c833 e-con-full e-flex e-con e-child\" data-id=\"23b3c833\" data-element_type=\"container\" data-e-type=\"container\" data-settings=\"{&quot;background_background&quot;:&quot;classic&quot;}\">\n\t\t\t\t<div class=\"elementor-element elementor-element-3a873e02 elementor-widget elementor-widget-text-editor\" data-id=\"3a873e02\" data-element_type=\"widget\" data-e-type=\"widget\" data-widget_type=\"text-editor.default\">\n\t\t\t\t<div class=\"elementor-widget-container\">\n\t\t\t\t\t\t\t\t\t<h4>Flugtestinstrumentierung (FTI)<\/h4><p>Wir bieten das Design und die Herstellung von Flugtestinstrumentierungen, die Applikation von Instrumentierung an Flugzeugr\u00fcmpfen und die Durchf\u00fchrung pr\u00e4ziser Messkampagnen.<\/p>\t\t\t\t\t\t\t\t<\/div>\n\t\t\t\t<\/div>\n\t\t\t\t<\/div>\n\t\t<div class=\"elementor-element elementor-element-1c8f014d e-con-full e-flex e-con e-child\" data-id=\"1c8f014d\" data-element_type=\"container\" data-e-type=\"container\" data-settings=\"{&quot;background_background&quot;:&quot;classic&quot;}\">\n\t\t\t\t<div class=\"elementor-element elementor-element-7eb0b947 elementor-widget elementor-widget-text-editor\" data-id=\"7eb0b947\" data-element_type=\"widget\" data-e-type=\"widget\" data-widget_type=\"text-editor.default\">\n\t\t\t\t<div class=\"elementor-widget-container\">\n\t\t\t\t\t\t\t\t\t<h4>Bodenpr\u00fcfung<\/h4><p>Unsere Expertise umfasst die Konstruktion, die Fertigung und die Applikation von Instrumentierung sowie die Bereitstellung von Testunterst\u00fctzung und Datenerfassung.<\/p>\t\t\t\t\t\t\t\t<\/div>\n\t\t\t\t<\/div>\n\t\t\t\t<\/div>\n\t\t\t\t<\/div>\n\t\t\t\t\t<\/div>\n\t\t\t\t<\/div>\n\t\t\t\t<\/div>\n\t\t","protected":false},"excerpt":{"rendered":"<p>Luftfahrt Konstruktion, Analyse, Montage, Instrumentierung und Test Wir unterst\u00fctzen die Luftfahrtindustrie mit innovativen L\u00f6sungen f\u00fcr die Neuentwicklung und Weiterentwicklung von Triebwerken. Mit spezialisiertem Fachwissen und langj\u00e4hriger Erfahrung sind wir in der Lage, das gesamte Spektrum der Triebwerksentwicklung abzudecken \u2013 von der Prototypenentwicklung \u00fcber Tests bis hin zur Datenerfassung. Das spricht f\u00fcr uns Unser Angebot Wir [&hellip;]<\/p>\n","protected":false},"author":1,"featured_media":0,"parent":3753,"menu_order":0,"comment_status":"closed","ping_status":"closed","template":"","meta":{"_acf_changed":false,"footnotes":""},"class_list":["post-3769","page","type-page","status-publish","hentry"],"acf":[],"yoast_head":"<!-- This site is optimized with the Yoast SEO plugin v27.3 - https:\/\/yoast.com\/product\/yoast-seo-wordpress\/ -->\n<title>Luftfahrt: Konstruktion, Analyse, Montage, Instrumentierung, Tests<\/title>\n<meta name=\"description\" content=\"L\u00f6sungen f\u00fcr Neu- und Weiterentwicklung von Triebwerken, von Prototypenentwicklung \u00fcber Bodentests bis hin zur Datenerfassung\" \/>\n<meta name=\"robots\" content=\"index, follow, max-snippet:-1, max-image-preview:large, max-video-preview:-1\" \/>\n<link rel=\"canonical\" href=\"https:\/\/www.anecom.de\/de\/unsere-branchen\/luftfahrt\/\" \/>\n<meta property=\"og:locale\" content=\"de_DE\" \/>\n<meta property=\"og:type\" content=\"article\" \/>\n<meta property=\"og:title\" content=\"Luftfahrt: Konstruktion, Analyse, Montage, Instrumentierung, Tests\" \/>\n<meta property=\"og:description\" content=\"L\u00f6sungen f\u00fcr Neu- und Weiterentwicklung von Triebwerken, von Prototypenentwicklung \u00fcber Bodentests bis hin zur Datenerfassung\" \/>\n<meta property=\"og:url\" content=\"https:\/\/www.anecom.de\/de\/unsere-branchen\/luftfahrt\/\" \/>\n<meta property=\"og:site_name\" content=\"AneCom\" \/>\n<meta property=\"article:modified_time\" content=\"2025-05-20T09:42:09+00:00\" \/>\n<meta name=\"twitter:card\" content=\"summary_large_image\" \/>\n<meta name=\"twitter:label1\" content=\"Gesch\u00e4tzte Lesezeit\" \/>\n\t<meta name=\"twitter:data1\" content=\"1\u00a0Minute\" \/>\n<script type=\"application\/ld+json\" class=\"yoast-schema-graph\">{\"@context\":\"https:\\\/\\\/schema.org\",\"@graph\":[{\"@type\":\"WebPage\",\"@id\":\"https:\\\/\\\/www.anecom.de\\\/de\\\/unsere-branchen\\\/luftfahrt\\\/\",\"url\":\"https:\\\/\\\/www.anecom.de\\\/de\\\/unsere-branchen\\\/luftfahrt\\\/\",\"name\":\"Luftfahrt: Konstruktion, Analyse, Montage, Instrumentierung, Tests\",\"isPartOf\":{\"@id\":\"https:\\\/\\\/www.anecom.de\\\/de\\\/#website\"},\"datePublished\":\"2025-01-08T11:58:20+00:00\",\"dateModified\":\"2025-05-20T09:42:09+00:00\",\"description\":\"L\u00f6sungen f\u00fcr Neu- und Weiterentwicklung von Triebwerken, von Prototypenentwicklung \u00fcber Bodentests bis hin zur Datenerfassung\",\"breadcrumb\":{\"@id\":\"https:\\\/\\\/www.anecom.de\\\/de\\\/unsere-branchen\\\/luftfahrt\\\/#breadcrumb\"},\"inLanguage\":\"de\",\"potentialAction\":[{\"@type\":\"ReadAction\",\"target\":[\"https:\\\/\\\/www.anecom.de\\\/de\\\/unsere-branchen\\\/luftfahrt\\\/\"]}]},{\"@type\":\"BreadcrumbList\",\"@id\":\"https:\\\/\\\/www.anecom.de\\\/de\\\/unsere-branchen\\\/luftfahrt\\\/#breadcrumb\",\"itemListElement\":[{\"@type\":\"ListItem\",\"position\":1,\"name\":\"Home\",\"item\":\"https:\\\/\\\/www.anecom.de\\\/de\\\/\"},{\"@type\":\"ListItem\",\"position\":2,\"name\":\"Unsere Branchen\",\"item\":\"https:\\\/\\\/www.anecom.de\\\/de\\\/unsere-branchen\\\/\"},{\"@type\":\"ListItem\",\"position\":3,\"name\":\"Luftfahrt\"}]},{\"@type\":\"WebSite\",\"@id\":\"https:\\\/\\\/www.anecom.de\\\/de\\\/#website\",\"url\":\"https:\\\/\\\/www.anecom.de\\\/de\\\/\",\"name\":\"AneCom\",\"description\":\"\",\"publisher\":{\"@id\":\"https:\\\/\\\/www.anecom.de\\\/de\\\/#organization\"},\"potentialAction\":[{\"@type\":\"SearchAction\",\"target\":{\"@type\":\"EntryPoint\",\"urlTemplate\":\"https:\\\/\\\/www.anecom.de\\\/de\\\/?s={search_term_string}\"},\"query-input\":{\"@type\":\"PropertyValueSpecification\",\"valueRequired\":true,\"valueName\":\"search_term_string\"}}],\"inLanguage\":\"de\"},{\"@type\":\"Organization\",\"@id\":\"https:\\\/\\\/www.anecom.de\\\/de\\\/#organization\",\"name\":\"AneCom\",\"url\":\"https:\\\/\\\/www.anecom.de\\\/de\\\/\",\"logo\":{\"@type\":\"ImageObject\",\"inLanguage\":\"de\",\"@id\":\"https:\\\/\\\/www.anecom.de\\\/de\\\/#\\\/schema\\\/logo\\\/image\\\/\",\"url\":\"https:\\\/\\\/www.anecom.de\\\/wp-content\\\/uploads\\\/2025\\\/01\\\/AneCom-Logo.svg\",\"contentUrl\":\"https:\\\/\\\/www.anecom.de\\\/wp-content\\\/uploads\\\/2025\\\/01\\\/AneCom-Logo.svg\",\"width\":297,\"height\":55,\"caption\":\"AneCom\"},\"image\":{\"@id\":\"https:\\\/\\\/www.anecom.de\\\/de\\\/#\\\/schema\\\/logo\\\/image\\\/\"}}]}<\/script>\n<!-- \/ Yoast SEO plugin. -->","yoast_head_json":{"title":"Luftfahrt: Konstruktion, Analyse, Montage, Instrumentierung, Tests","description":"L\u00f6sungen f\u00fcr Neu- und Weiterentwicklung von Triebwerken, von Prototypenentwicklung \u00fcber Bodentests bis hin zur Datenerfassung","robots":{"index":"index","follow":"follow","max-snippet":"max-snippet:-1","max-image-preview":"max-image-preview:large","max-video-preview":"max-video-preview:-1"},"canonical":"https:\/\/www.anecom.de\/de\/unsere-branchen\/luftfahrt\/","og_locale":"de_DE","og_type":"article","og_title":"Luftfahrt: Konstruktion, Analyse, Montage, Instrumentierung, Tests","og_description":"L\u00f6sungen f\u00fcr Neu- und Weiterentwicklung von Triebwerken, von Prototypenentwicklung \u00fcber Bodentests bis hin zur Datenerfassung","og_url":"https:\/\/www.anecom.de\/de\/unsere-branchen\/luftfahrt\/","og_site_name":"AneCom","article_modified_time":"2025-05-20T09:42:09+00:00","twitter_card":"summary_large_image","twitter_misc":{"Gesch\u00e4tzte Lesezeit":"1\u00a0Minute"},"schema":{"@context":"https:\/\/schema.org","@graph":[{"@type":"WebPage","@id":"https:\/\/www.anecom.de\/de\/unsere-branchen\/luftfahrt\/","url":"https:\/\/www.anecom.de\/de\/unsere-branchen\/luftfahrt\/","name":"Luftfahrt: Konstruktion, Analyse, Montage, Instrumentierung, Tests","isPartOf":{"@id":"https:\/\/www.anecom.de\/de\/#website"},"datePublished":"2025-01-08T11:58:20+00:00","dateModified":"2025-05-20T09:42:09+00:00","description":"L\u00f6sungen f\u00fcr Neu- und Weiterentwicklung von Triebwerken, von Prototypenentwicklung \u00fcber Bodentests bis hin zur Datenerfassung","breadcrumb":{"@id":"https:\/\/www.anecom.de\/de\/unsere-branchen\/luftfahrt\/#breadcrumb"},"inLanguage":"de","potentialAction":[{"@type":"ReadAction","target":["https:\/\/www.anecom.de\/de\/unsere-branchen\/luftfahrt\/"]}]},{"@type":"BreadcrumbList","@id":"https:\/\/www.anecom.de\/de\/unsere-branchen\/luftfahrt\/#breadcrumb","itemListElement":[{"@type":"ListItem","position":1,"name":"Home","item":"https:\/\/www.anecom.de\/de\/"},{"@type":"ListItem","position":2,"name":"Unsere Branchen","item":"https:\/\/www.anecom.de\/de\/unsere-branchen\/"},{"@type":"ListItem","position":3,"name":"Luftfahrt"}]},{"@type":"WebSite","@id":"https:\/\/www.anecom.de\/de\/#website","url":"https:\/\/www.anecom.de\/de\/","name":"AneCom","description":"","publisher":{"@id":"https:\/\/www.anecom.de\/de\/#organization"},"potentialAction":[{"@type":"SearchAction","target":{"@type":"EntryPoint","urlTemplate":"https:\/\/www.anecom.de\/de\/?s={search_term_string}"},"query-input":{"@type":"PropertyValueSpecification","valueRequired":true,"valueName":"search_term_string"}}],"inLanguage":"de"},{"@type":"Organization","@id":"https:\/\/www.anecom.de\/de\/#organization","name":"AneCom","url":"https:\/\/www.anecom.de\/de\/","logo":{"@type":"ImageObject","inLanguage":"de","@id":"https:\/\/www.anecom.de\/de\/#\/schema\/logo\/image\/","url":"https:\/\/www.anecom.de\/wp-content\/uploads\/2025\/01\/AneCom-Logo.svg","contentUrl":"https:\/\/www.anecom.de\/wp-content\/uploads\/2025\/01\/AneCom-Logo.svg","width":297,"height":55,"caption":"AneCom"},"image":{"@id":"https:\/\/www.anecom.de\/de\/#\/schema\/logo\/image\/"}}]}},"_links":{"self":[{"href":"https:\/\/www.anecom.de\/de\/wp-json\/wp\/v2\/pages\/3769","targetHints":{"allow":["GET"]}}],"collection":[{"href":"https:\/\/www.anecom.de\/de\/wp-json\/wp\/v2\/pages"}],"about":[{"href":"https:\/\/www.anecom.de\/de\/wp-json\/wp\/v2\/types\/page"}],"author":[{"embeddable":true,"href":"https:\/\/www.anecom.de\/de\/wp-json\/wp\/v2\/users\/1"}],"replies":[{"embeddable":true,"href":"https:\/\/www.anecom.de\/de\/wp-json\/wp\/v2\/comments?post=3769"}],"version-history":[{"count":14,"href":"https:\/\/www.anecom.de\/de\/wp-json\/wp\/v2\/pages\/3769\/revisions"}],"predecessor-version":[{"id":4839,"href":"https:\/\/www.anecom.de\/de\/wp-json\/wp\/v2\/pages\/3769\/revisions\/4839"}],"up":[{"embeddable":true,"href":"https:\/\/www.anecom.de\/de\/wp-json\/wp\/v2\/pages\/3753"}],"wp:attachment":[{"href":"https:\/\/www.anecom.de\/de\/wp-json\/wp\/v2\/media?parent=3769"}],"curies":[{"name":"wp","href":"https:\/\/api.w.org\/{rel}","templated":true}]}}