{"id":3764,"date":"2025-01-08T12:59:16","date_gmt":"2025-01-08T11:59:16","guid":{"rendered":"https:\/\/www.anecom.de\/unsere-branchen\/defence\/"},"modified":"2025-05-20T11:48:41","modified_gmt":"2025-05-20T09:48:41","slug":"verteidigung","status":"publish","type":"page","link":"https:\/\/www.anecom.de\/de\/unsere-branchen\/verteidigung\/","title":{"rendered":"Verteidigung"},"content":{"rendered":"\t\t<div data-elementor-type=\"wp-page\" data-elementor-id=\"3764\" class=\"elementor elementor-3764 elementor-148\" data-elementor-post-type=\"page\">\n\t\t\t\t<div class=\"elementor-element elementor-element-47be7141 hero-header e-flex e-con-boxed e-con e-parent\" data-id=\"47be7141\" data-element_type=\"container\" data-e-type=\"container\" data-settings=\"{&quot;background_background&quot;:&quot;classic&quot;}\">\n\t\t\t\t\t<div class=\"e-con-inner\">\n\t\t\t\t\t<\/div>\n\t\t\t\t<\/div>\n\t\t<div class=\"elementor-element elementor-element-42be5f70 e-flex e-con-boxed e-con e-parent\" data-id=\"42be5f70\" data-element_type=\"container\" data-e-type=\"container\">\n\t\t\t\t\t<div class=\"e-con-inner\">\n\t\t<div class=\"elementor-element elementor-element-3477350a e-con-full e-flex e-con e-child\" data-id=\"3477350a\" data-element_type=\"container\" data-e-type=\"container\" data-settings=\"{&quot;background_background&quot;:&quot;classic&quot;}\">\n\t\t\t\t<div class=\"elementor-element elementor-element-14591b0c elementor-align-left elementor-widget elementor-widget-breadcrumbs\" data-id=\"14591b0c\" data-element_type=\"widget\" data-e-type=\"widget\" data-widget_type=\"breadcrumbs.default\">\n\t\t\t\t<div class=\"elementor-widget-container\">\n\t\t\t\t\t<p id=\"breadcrumbs\"><span><span><a href=\"https:\/\/www.anecom.de\/de\/\">Home<\/a><\/span><\/span><\/p>\t\t\t\t<\/div>\n\t\t\t\t<\/div>\n\t\t\t\t<div class=\"elementor-element elementor-element-3102022d elementor-widget elementor-widget-heading\" data-id=\"3102022d\" data-element_type=\"widget\" data-e-type=\"widget\" data-widget_type=\"heading.default\">\n\t\t\t\t<div class=\"elementor-widget-container\">\n\t\t\t\t\t<h1 class=\"elementor-heading-title elementor-size-default\">Verteidigung <\/h1>\t\t\t\t<\/div>\n\t\t\t\t<\/div>\n\t\t\t\t<div class=\"elementor-element elementor-element-2cadae7 elementor-widget elementor-widget-text-editor\" data-id=\"2cadae7\" data-element_type=\"widget\" data-e-type=\"widget\" data-widget_type=\"text-editor.default\">\n\t\t\t\t<div class=\"elementor-widget-container\">\n\t\t\t\t\t\t\t\t\t<p><strong>Konstruktion, Analyse, Prototypen und Test<\/strong><\/p>\t\t\t\t\t\t\t\t<\/div>\n\t\t\t\t<\/div>\n\t\t\t\t<div class=\"elementor-element elementor-element-6f176ed3 elementor-widget elementor-widget-text-editor\" data-id=\"6f176ed3\" data-element_type=\"widget\" data-e-type=\"widget\" data-widget_type=\"text-editor.default\">\n\t\t\t\t<div class=\"elementor-widget-container\">\n\t\t\t\t\t\t\t\t\t<p>Vertrauen, Geheimhaltung, termingerechte Lieferung \u2013 die wichtigsten Kriterien f\u00fcr unsere Kunden aus der Verteidigungsindustrie! Wir arbeiten verantwortungsbewusst und nach hohen Qualit\u00e4tsstandards.<\/p>\t\t\t\t\t\t\t\t<\/div>\n\t\t\t\t<\/div>\n\t\t\t\t<\/div>\n\t\t\t\t\t<\/div>\n\t\t\t\t<\/div>\n\t\t<div class=\"elementor-element elementor-element-25203225 e-con-full bg-img-gradient text-white e-flex e-con e-parent\" data-id=\"25203225\" data-element_type=\"container\" data-e-type=\"container\" data-settings=\"{&quot;background_background&quot;:&quot;classic&quot;}\">\n\t\t<div class=\"elementor-element elementor-element-1ed89131 e-con-full e-flex e-con e-child\" data-id=\"1ed89131\" data-element_type=\"container\" data-e-type=\"container\" data-settings=\"{&quot;background_background&quot;:&quot;gradient&quot;}\">\n\t\t<div class=\"elementor-element elementor-element-7c625006 e-flex e-con-boxed e-con e-child\" data-id=\"7c625006\" data-element_type=\"container\" data-e-type=\"container\">\n\t\t\t\t\t<div class=\"e-con-inner\">\n\t\t\t\t<div class=\"elementor-element elementor-element-1efa9b54 big-headline elementor-widget elementor-widget-heading\" data-id=\"1efa9b54\" data-element_type=\"widget\" data-e-type=\"widget\" data-widget_type=\"heading.default\">\n\t\t\t\t<div class=\"elementor-widget-container\">\n\t\t\t\t\t<h2 class=\"elementor-heading-title elementor-size-default\">Das spricht f\u00fcr uns<\/h2>\t\t\t\t<\/div>\n\t\t\t\t<\/div>\n\t\t<div class=\"elementor-element elementor-element-251c1acc e-grid e-con-full e-con e-child\" data-id=\"251c1acc\" data-element_type=\"container\" data-e-type=\"container\">\n\t\t\t\t<div class=\"elementor-element elementor-element-455a047d elementor-view-default elementor-position-block-start elementor-mobile-position-block-start elementor-widget elementor-widget-icon-box\" data-id=\"455a047d\" data-element_type=\"widget\" data-e-type=\"widget\" data-widget_type=\"icon-box.default\">\n\t\t\t\t<div class=\"elementor-widget-container\">\n\t\t\t\t\t\t\t<div class=\"elementor-icon-box-wrapper\">\n\n\t\t\t\t\t\t<div class=\"elementor-icon-box-icon\">\n\t\t\t\t<span  class=\"elementor-icon\">\n\t\t\t\t<i aria-hidden=\"true\" class=\"icon icon-Defence\"><\/i>\t\t\t\t<\/span>\n\t\t\t<\/div>\n\t\t\t\n\t\t\t\t\t\t<div class=\"elementor-icon-box-content\">\n\n\t\t\t\t\t\t\t\t\t<p class=\"elementor-icon-box-title\">\n\t\t\t\t\t\t<span  >\n\t\t\t\t\t\t\t<b>Unser Angebot<\/b>\t\t\t\t\t\t<\/span>\n\t\t\t\t\t<\/p>\n\t\t\t\t\n\t\t\t\t\t\t\t\t\t<p class=\"elementor-icon-box-description\">\n\t\t\t\t\t\tWir bieten die Konstruktion, Fertigung, Instrumentierung und Montage von Versuchstr\u00e4gern sowie die Durchf\u00fchrung von Akustik- und Leistungstests, die Datenerfassung, CFD-Analysen und thermomechanische Untersuchungen an.\t\t\t\t\t<\/p>\n\t\t\t\t\n\t\t\t<\/div>\n\t\t\t\n\t\t<\/div>\n\t\t\t\t\t\t<\/div>\n\t\t\t\t<\/div>\n\t\t\t\t<div class=\"elementor-element elementor-element-118d316d elementor-view-default elementor-position-block-start elementor-mobile-position-block-start elementor-widget elementor-widget-icon-box\" data-id=\"118d316d\" data-element_type=\"widget\" data-e-type=\"widget\" data-widget_type=\"icon-box.default\">\n\t\t\t\t<div class=\"elementor-widget-container\">\n\t\t\t\t\t\t\t<div class=\"elementor-icon-box-wrapper\">\n\n\t\t\t\t\t\t<div class=\"elementor-icon-box-icon\">\n\t\t\t\t<span  class=\"elementor-icon\">\n\t\t\t\t<i aria-hidden=\"true\" class=\"icon icon-Unique-2\"><\/i>\t\t\t\t<\/span>\n\t\t\t<\/div>\n\t\t\t\n\t\t\t\t\t\t<div class=\"elementor-icon-box-content\">\n\n\t\t\t\t\t\t\t\t\t<p class=\"elementor-icon-box-title\">\n\t\t\t\t\t\t<span  >\n\t\t\t\t\t\t\t<b>Das zeichnet uns aus<\/b>\t\t\t\t\t\t<\/span>\n\t\t\t\t\t<\/p>\n\t\t\t\t\n\t\t\t\t\t\t\t\t\t<p class=\"elementor-icon-box-description\">\n\t\t\t\t\t\tUnabh\u00e4ngig von anderen Branchen setzen wir auf flache Hierarchien, die eine direkte Kommunikation und schnelle Entscheidungswege f\u00f6rdern. Dar\u00fcber hinaus garantieren wir sichere interne B\u00fcro- und Produktionsbereiche, die optimale Arbeitsbedingungen schaffen.\t\t\t\t\t<\/p>\n\t\t\t\t\n\t\t\t<\/div>\n\t\t\t\n\t\t<\/div>\n\t\t\t\t\t\t<\/div>\n\t\t\t\t<\/div>\n\t\t\t\t<div class=\"elementor-element elementor-element-6602bd1a elementor-view-default elementor-position-block-start elementor-mobile-position-block-start elementor-widget elementor-widget-icon-box\" data-id=\"6602bd1a\" data-element_type=\"widget\" data-e-type=\"widget\" data-widget_type=\"icon-box.default\">\n\t\t\t\t<div class=\"elementor-widget-container\">\n\t\t\t\t\t\t\t<div class=\"elementor-icon-box-wrapper\">\n\n\t\t\t\t\t\t<div class=\"elementor-icon-box-icon\">\n\t\t\t\t<span  class=\"elementor-icon\">\n\t\t\t\t<i aria-hidden=\"true\" class=\"icon icon-we-Stand-For\"><\/i>\t\t\t\t<\/span>\n\t\t\t<\/div>\n\t\t\t\n\t\t\t\t\t\t<div class=\"elementor-icon-box-content\">\n\n\t\t\t\t\t\t\t\t\t<p class=\"elementor-icon-box-title\">\n\t\t\t\t\t\t<span  >\n\t\t\t\t\t\t\t<b>Daf\u00fcr stehen wir<\/b>\t\t\t\t\t\t<\/span>\n\t\t\t\t\t<\/p>\n\t\t\t\t\n\t\t\t\t\t\t\t\t\t<p class=\"elementor-icon-box-description\">\n\t\t\t\t\t\tWir setzen die Einhaltung h\u00f6chster Vertraulichkeits- und Sicherheitsstandards voraus und arbeiten mit fortschrittlichen Verfahren wie die Cyber Essentials Plus-Zertifizierung. Unser Engagement gew\u00e4hrleistet den Schutz sensibler Daten und das Vertrauen unserer Kunden auf allen Ebenen.\t\t\t\t\t<\/p>\n\t\t\t\t\n\t\t\t<\/div>\n\t\t\t\n\t\t<\/div>\n\t\t\t\t\t\t<\/div>\n\t\t\t\t<\/div>\n\t\t\t\t<\/div>\n\t\t\t\t\t<\/div>\n\t\t\t\t<\/div>\n\t\t\t\t<\/div>\n\t\t\t\t<\/div>\n\t\t<div class=\"elementor-element elementor-element-5232991e e-flex e-con-boxed e-con e-parent\" data-id=\"5232991e\" data-element_type=\"container\" data-e-type=\"container\">\n\t\t\t\t\t<div class=\"e-con-inner\">\n\t\t\t\t<div class=\"elementor-element elementor-element-dc0c38 elementor-widget elementor-widget-heading\" data-id=\"dc0c38\" data-element_type=\"widget\" data-e-type=\"widget\" data-widget_type=\"heading.default\">\n\t\t\t\t<div class=\"elementor-widget-container\">\n\t\t\t\t\t<h2 class=\"elementor-heading-title elementor-size-default\">F\u00e4higkeiten und Referenzen<\/h2>\t\t\t\t<\/div>\n\t\t\t\t<\/div>\n\t\t<div class=\"elementor-element elementor-element-7c0f3764 e-grid e-con-full text-white capabilities-grid e-con e-child\" data-id=\"7c0f3764\" data-element_type=\"container\" data-e-type=\"container\">\n\t\t<a class=\"elementor-element elementor-element-412a1166 e-con-full e-flex e-con e-child\" data-id=\"412a1166\" data-element_type=\"container\" data-e-type=\"container\" data-settings=\"{&quot;background_background&quot;:&quot;classic&quot;}\">\n\t\t\t\t<div class=\"elementor-element elementor-element-764fb5bc elementor-widget elementor-widget-text-editor\" data-id=\"764fb5bc\" data-element_type=\"widget\" data-e-type=\"widget\" data-widget_type=\"text-editor.default\">\n\t\t\t\t<div class=\"elementor-widget-container\">\n\t\t\t\t\t\t\t\t\t<h4><strong>Design und Analyse<\/strong><\/h4><p>Wir haben Erfahrung in der Konstruktion von Leichtbau-Prototypen und bieten CFD-Analysen sowie Expertise im Bereich Kohlefaser-Verbundwerkstoffe und Glasfasermaterialien zur Steigerung von Leistung und Effizienz Ihrer Entwicklungen.<\/p>\t\t\t\t\t\t\t\t<\/div>\n\t\t\t\t<\/div>\n\t\t\t\t<\/a>\n\t\t<a class=\"elementor-element elementor-element-699b75e3 e-con-full e-flex e-con e-child\" data-id=\"699b75e3\" data-element_type=\"container\" data-e-type=\"container\" data-settings=\"{&quot;background_background&quot;:&quot;classic&quot;}\">\n\t\t\t\t<div class=\"elementor-element elementor-element-343668d8 elementor-widget elementor-widget-text-editor\" data-id=\"343668d8\" data-element_type=\"widget\" data-e-type=\"widget\" data-widget_type=\"text-editor.default\">\n\t\t\t\t<div class=\"elementor-widget-container\">\n\t\t\t\t\t\t\t\t\t<h4><strong>Instrumentierung und Montage<\/strong><\/h4><p>Als Spezialisten f\u00fcr die Entwicklung und Anwendung von Instrumentierungen, die Integration von Telemetrie in bestehende Systeme sowie die Montage von Modulen oder Prototypen bieten wir modernste Testm\u00f6glichkeiten.<\/p>\t\t\t\t\t\t\t\t<\/div>\n\t\t\t\t<\/div>\n\t\t\t\t<\/a>\n\t\t<a class=\"elementor-element elementor-element-1e4e685e e-con-full e-flex e-con e-child\" data-id=\"1e4e685e\" data-element_type=\"container\" data-e-type=\"container\" data-settings=\"{&quot;background_background&quot;:&quot;classic&quot;}\">\n\t\t\t\t<div class=\"elementor-element elementor-element-40888c07 elementor-widget elementor-widget-text-editor\" data-id=\"40888c07\" data-element_type=\"widget\" data-e-type=\"widget\" data-widget_type=\"text-editor.default\">\n\t\t\t\t<div class=\"elementor-widget-container\">\n\t\t\t\t\t\t\t\t\t<h4><strong>Testen<\/strong><\/h4><p>Wir bieten Akustik- und Leistungstests f\u00fcr Komponenten wie Triebwerksgebl\u00e4se, Verdichter, Brennkammer, Turbine und Flugtestinstrumentierung und gew\u00e4hrleisten dabei Pr\u00e4zision und Zuverl\u00e4ssigkeit in allen Tests.<\/p>\t\t\t\t\t\t\t\t<\/div>\n\t\t\t\t<\/div>\n\t\t\t\t<\/a>\n\t\t\t\t<\/div>\n\t\t\t\t\t<\/div>\n\t\t\t\t<\/div>\n\t\t\t\t<\/div>\n\t\t","protected":false},"excerpt":{"rendered":"<p>Verteidigung Konstruktion, Analyse, Prototypen und Test Vertrauen, Geheimhaltung, termingerechte Lieferung \u2013 die wichtigsten Kriterien f\u00fcr unsere Kunden aus der Verteidigungsindustrie! Wir arbeiten verantwortungsbewusst und nach hohen Qualit\u00e4tsstandards. Das spricht f\u00fcr uns Unser Angebot Wir bieten die Konstruktion, Fertigung, Instrumentierung und Montage von Versuchstr\u00e4gern sowie die Durchf\u00fchrung von Akustik- und Leistungstests, die Datenerfassung, CFD-Analysen und thermomechanische [&hellip;]<\/p>\n","protected":false},"author":1,"featured_media":0,"parent":3753,"menu_order":0,"comment_status":"closed","ping_status":"closed","template":"","meta":{"_acf_changed":false,"footnotes":""},"class_list":["post-3764","page","type-page","status-publish","hentry"],"acf":[],"yoast_head":"<!-- This site is optimized with the Yoast SEO plugin v27.3 - https:\/\/yoast.com\/product\/yoast-seo-wordpress\/ -->\n<title>Verteidigung und Milit\u00e4r: Konstruktion, Analyse, Prototypen, Tests<\/title>\n<meta name=\"description\" content=\"Montage von Versuchstr\u00e4gern, Durchf\u00fchrung Akustik- und Leistungstests, Datenerfassung, CFD-Analysen, thermomechanische Untersuchungen\" \/>\n<meta name=\"robots\" content=\"index, follow, max-snippet:-1, max-image-preview:large, max-video-preview:-1\" \/>\n<link rel=\"canonical\" href=\"https:\/\/www.anecom.de\/de\/unsere-branchen\/verteidigung\/\" \/>\n<meta property=\"og:locale\" content=\"de_DE\" \/>\n<meta property=\"og:type\" content=\"article\" \/>\n<meta property=\"og:title\" content=\"Verteidigung und Milit\u00e4r: Konstruktion, Analyse, Prototypen, Tests\" \/>\n<meta property=\"og:description\" content=\"Montage von Versuchstr\u00e4gern, Durchf\u00fchrung Akustik- und Leistungstests, Datenerfassung, CFD-Analysen, thermomechanische Untersuchungen\" \/>\n<meta property=\"og:url\" content=\"https:\/\/www.anecom.de\/de\/unsere-branchen\/verteidigung\/\" \/>\n<meta property=\"og:site_name\" content=\"AneCom\" \/>\n<meta property=\"article:modified_time\" content=\"2025-05-20T09:48:41+00:00\" \/>\n<meta name=\"twitter:card\" content=\"summary_large_image\" \/>\n<meta name=\"twitter:label1\" content=\"Gesch\u00e4tzte Lesezeit\" \/>\n\t<meta name=\"twitter:data1\" content=\"1\u00a0Minute\" \/>\n<script type=\"application\/ld+json\" class=\"yoast-schema-graph\">{\"@context\":\"https:\\\/\\\/schema.org\",\"@graph\":[{\"@type\":\"WebPage\",\"@id\":\"https:\\\/\\\/www.anecom.de\\\/de\\\/unsere-branchen\\\/verteidigung\\\/\",\"url\":\"https:\\\/\\\/www.anecom.de\\\/de\\\/unsere-branchen\\\/verteidigung\\\/\",\"name\":\"Verteidigung und Milit\u00e4r: Konstruktion, Analyse, Prototypen, Tests\",\"isPartOf\":{\"@id\":\"https:\\\/\\\/www.anecom.de\\\/de\\\/#website\"},\"datePublished\":\"2025-01-08T11:59:16+00:00\",\"dateModified\":\"2025-05-20T09:48:41+00:00\",\"description\":\"Montage von Versuchstr\u00e4gern, Durchf\u00fchrung Akustik- und Leistungstests, Datenerfassung, CFD-Analysen, thermomechanische Untersuchungen\",\"breadcrumb\":{\"@id\":\"https:\\\/\\\/www.anecom.de\\\/de\\\/unsere-branchen\\\/verteidigung\\\/#breadcrumb\"},\"inLanguage\":\"de\",\"potentialAction\":[{\"@type\":\"ReadAction\",\"target\":[\"https:\\\/\\\/www.anecom.de\\\/de\\\/unsere-branchen\\\/verteidigung\\\/\"]}]},{\"@type\":\"BreadcrumbList\",\"@id\":\"https:\\\/\\\/www.anecom.de\\\/de\\\/unsere-branchen\\\/verteidigung\\\/#breadcrumb\",\"itemListElement\":[{\"@type\":\"ListItem\",\"position\":1,\"name\":\"Home\",\"item\":\"https:\\\/\\\/www.anecom.de\\\/de\\\/\"},{\"@type\":\"ListItem\",\"position\":2,\"name\":\"Unsere Branchen\",\"item\":\"https:\\\/\\\/www.anecom.de\\\/de\\\/unsere-branchen\\\/\"},{\"@type\":\"ListItem\",\"position\":3,\"name\":\"Verteidigung\"}]},{\"@type\":\"WebSite\",\"@id\":\"https:\\\/\\\/www.anecom.de\\\/de\\\/#website\",\"url\":\"https:\\\/\\\/www.anecom.de\\\/de\\\/\",\"name\":\"AneCom\",\"description\":\"\",\"publisher\":{\"@id\":\"https:\\\/\\\/www.anecom.de\\\/de\\\/#organization\"},\"potentialAction\":[{\"@type\":\"SearchAction\",\"target\":{\"@type\":\"EntryPoint\",\"urlTemplate\":\"https:\\\/\\\/www.anecom.de\\\/de\\\/?s={search_term_string}\"},\"query-input\":{\"@type\":\"PropertyValueSpecification\",\"valueRequired\":true,\"valueName\":\"search_term_string\"}}],\"inLanguage\":\"de\"},{\"@type\":\"Organization\",\"@id\":\"https:\\\/\\\/www.anecom.de\\\/de\\\/#organization\",\"name\":\"AneCom\",\"url\":\"https:\\\/\\\/www.anecom.de\\\/de\\\/\",\"logo\":{\"@type\":\"ImageObject\",\"inLanguage\":\"de\",\"@id\":\"https:\\\/\\\/www.anecom.de\\\/de\\\/#\\\/schema\\\/logo\\\/image\\\/\",\"url\":\"https:\\\/\\\/www.anecom.de\\\/wp-content\\\/uploads\\\/2025\\\/01\\\/AneCom-Logo.svg\",\"contentUrl\":\"https:\\\/\\\/www.anecom.de\\\/wp-content\\\/uploads\\\/2025\\\/01\\\/AneCom-Logo.svg\",\"width\":297,\"height\":55,\"caption\":\"AneCom\"},\"image\":{\"@id\":\"https:\\\/\\\/www.anecom.de\\\/de\\\/#\\\/schema\\\/logo\\\/image\\\/\"}}]}<\/script>\n<!-- \/ Yoast SEO plugin. -->","yoast_head_json":{"title":"Verteidigung und Milit\u00e4r: Konstruktion, Analyse, Prototypen, Tests","description":"Montage von Versuchstr\u00e4gern, Durchf\u00fchrung Akustik- und Leistungstests, Datenerfassung, CFD-Analysen, thermomechanische Untersuchungen","robots":{"index":"index","follow":"follow","max-snippet":"max-snippet:-1","max-image-preview":"max-image-preview:large","max-video-preview":"max-video-preview:-1"},"canonical":"https:\/\/www.anecom.de\/de\/unsere-branchen\/verteidigung\/","og_locale":"de_DE","og_type":"article","og_title":"Verteidigung und Milit\u00e4r: Konstruktion, Analyse, Prototypen, Tests","og_description":"Montage von Versuchstr\u00e4gern, Durchf\u00fchrung Akustik- und Leistungstests, Datenerfassung, CFD-Analysen, thermomechanische Untersuchungen","og_url":"https:\/\/www.anecom.de\/de\/unsere-branchen\/verteidigung\/","og_site_name":"AneCom","article_modified_time":"2025-05-20T09:48:41+00:00","twitter_card":"summary_large_image","twitter_misc":{"Gesch\u00e4tzte Lesezeit":"1\u00a0Minute"},"schema":{"@context":"https:\/\/schema.org","@graph":[{"@type":"WebPage","@id":"https:\/\/www.anecom.de\/de\/unsere-branchen\/verteidigung\/","url":"https:\/\/www.anecom.de\/de\/unsere-branchen\/verteidigung\/","name":"Verteidigung und Milit\u00e4r: Konstruktion, Analyse, Prototypen, Tests","isPartOf":{"@id":"https:\/\/www.anecom.de\/de\/#website"},"datePublished":"2025-01-08T11:59:16+00:00","dateModified":"2025-05-20T09:48:41+00:00","description":"Montage von Versuchstr\u00e4gern, Durchf\u00fchrung Akustik- und Leistungstests, Datenerfassung, CFD-Analysen, thermomechanische Untersuchungen","breadcrumb":{"@id":"https:\/\/www.anecom.de\/de\/unsere-branchen\/verteidigung\/#breadcrumb"},"inLanguage":"de","potentialAction":[{"@type":"ReadAction","target":["https:\/\/www.anecom.de\/de\/unsere-branchen\/verteidigung\/"]}]},{"@type":"BreadcrumbList","@id":"https:\/\/www.anecom.de\/de\/unsere-branchen\/verteidigung\/#breadcrumb","itemListElement":[{"@type":"ListItem","position":1,"name":"Home","item":"https:\/\/www.anecom.de\/de\/"},{"@type":"ListItem","position":2,"name":"Unsere Branchen","item":"https:\/\/www.anecom.de\/de\/unsere-branchen\/"},{"@type":"ListItem","position":3,"name":"Verteidigung"}]},{"@type":"WebSite","@id":"https:\/\/www.anecom.de\/de\/#website","url":"https:\/\/www.anecom.de\/de\/","name":"AneCom","description":"","publisher":{"@id":"https:\/\/www.anecom.de\/de\/#organization"},"potentialAction":[{"@type":"SearchAction","target":{"@type":"EntryPoint","urlTemplate":"https:\/\/www.anecom.de\/de\/?s={search_term_string}"},"query-input":{"@type":"PropertyValueSpecification","valueRequired":true,"valueName":"search_term_string"}}],"inLanguage":"de"},{"@type":"Organization","@id":"https:\/\/www.anecom.de\/de\/#organization","name":"AneCom","url":"https:\/\/www.anecom.de\/de\/","logo":{"@type":"ImageObject","inLanguage":"de","@id":"https:\/\/www.anecom.de\/de\/#\/schema\/logo\/image\/","url":"https:\/\/www.anecom.de\/wp-content\/uploads\/2025\/01\/AneCom-Logo.svg","contentUrl":"https:\/\/www.anecom.de\/wp-content\/uploads\/2025\/01\/AneCom-Logo.svg","width":297,"height":55,"caption":"AneCom"},"image":{"@id":"https:\/\/www.anecom.de\/de\/#\/schema\/logo\/image\/"}}]}},"_links":{"self":[{"href":"https:\/\/www.anecom.de\/de\/wp-json\/wp\/v2\/pages\/3764","targetHints":{"allow":["GET"]}}],"collection":[{"href":"https:\/\/www.anecom.de\/de\/wp-json\/wp\/v2\/pages"}],"about":[{"href":"https:\/\/www.anecom.de\/de\/wp-json\/wp\/v2\/types\/page"}],"author":[{"embeddable":true,"href":"https:\/\/www.anecom.de\/de\/wp-json\/wp\/v2\/users\/1"}],"replies":[{"embeddable":true,"href":"https:\/\/www.anecom.de\/de\/wp-json\/wp\/v2\/comments?post=3764"}],"version-history":[{"count":17,"href":"https:\/\/www.anecom.de\/de\/wp-json\/wp\/v2\/pages\/3764\/revisions"}],"predecessor-version":[{"id":4841,"href":"https:\/\/www.anecom.de\/de\/wp-json\/wp\/v2\/pages\/3764\/revisions\/4841"}],"up":[{"embeddable":true,"href":"https:\/\/www.anecom.de\/de\/wp-json\/wp\/v2\/pages\/3753"}],"wp:attachment":[{"href":"https:\/\/www.anecom.de\/de\/wp-json\/wp\/v2\/media?parent=3764"}],"curies":[{"name":"wp","href":"https:\/\/api.w.org\/{rel}","templated":true}]}}