{"id":3744,"date":"2025-01-08T12:16:32","date_gmt":"2025-01-08T11:16:32","guid":{"rendered":"https:\/\/www.anecom.de\/about-us\/"},"modified":"2025-05-20T12:41:38","modified_gmt":"2025-05-20T10:41:38","slug":"ueber-uns","status":"publish","type":"page","link":"https:\/\/www.anecom.de\/de\/ueber-uns\/","title":{"rendered":"\u00dcber uns"},"content":{"rendered":"\t\t<div data-elementor-type=\"wp-page\" data-elementor-id=\"3744\" class=\"elementor elementor-3744 elementor-36\" data-elementor-post-type=\"page\">\n\t\t\t\t<div class=\"elementor-element elementor-element-5a5ec7a9 hero-header e-flex e-con-boxed e-con e-parent\" data-id=\"5a5ec7a9\" data-element_type=\"container\" data-e-type=\"container\" data-settings=\"{&quot;background_background&quot;:&quot;classic&quot;}\">\n\t\t\t\t\t<div class=\"e-con-inner\">\n\t\t\t\t\t<\/div>\n\t\t\t\t<\/div>\n\t\t<div class=\"elementor-element elementor-element-55d8a323 e-flex e-con-boxed e-con e-parent\" data-id=\"55d8a323\" data-element_type=\"container\" data-e-type=\"container\">\n\t\t\t\t\t<div class=\"e-con-inner\">\n\t\t<div class=\"elementor-element elementor-element-272b6224 e-con-full e-flex e-con e-child\" data-id=\"272b6224\" data-element_type=\"container\" data-e-type=\"container\" data-settings=\"{&quot;background_background&quot;:&quot;classic&quot;}\">\n\t\t\t\t<div class=\"elementor-element elementor-element-1cf5d3f5 elementor-align-left elementor-widget elementor-widget-breadcrumbs\" data-id=\"1cf5d3f5\" data-element_type=\"widget\" data-e-type=\"widget\" data-widget_type=\"breadcrumbs.default\">\n\t\t\t\t<div class=\"elementor-widget-container\">\n\t\t\t\t\t<p id=\"breadcrumbs\"><span><span><a href=\"https:\/\/www.anecom.de\/de\/\">Home<\/a><\/span><\/span><\/p>\t\t\t\t<\/div>\n\t\t\t\t<\/div>\n\t\t\t\t<div class=\"elementor-element elementor-element-18a09bf5 elementor-widget elementor-widget-heading\" data-id=\"18a09bf5\" data-element_type=\"widget\" data-e-type=\"widget\" data-widget_type=\"heading.default\">\n\t\t\t\t<div class=\"elementor-widget-container\">\n\t\t\t\t\t<h1 class=\"elementor-heading-title elementor-size-default\">\u00dcber uns<\/h1>\t\t\t\t<\/div>\n\t\t\t\t<\/div>\n\t\t\t\t<div class=\"elementor-element elementor-element-20ef051 elementor-widget elementor-widget-text-editor\" data-id=\"20ef051\" data-element_type=\"widget\" data-e-type=\"widget\" data-widget_type=\"text-editor.default\">\n\t\t\t\t<div class=\"elementor-widget-container\">\n\t\t\t\t\t\t\t\t\t<p>AneCom AeroTest wurde 2002 gegr\u00fcndet und hat seinen Sitz im Aerospace Technology Centre in Wildau bei Berlin.<\/p><p>Als f\u00fchrender Entwicklungspartner f\u00fcr die internationale Industrie sind wir auf die Entwicklung und Optimierung komplexer Turbomaschinen spezialisiert. Mit unserer langj\u00e4hrigen Expertise in der Luft- und Raumfahrttechnologie bieten wir ma\u00dfgeschneiderte L\u00f6sungen f\u00fcr eine Vielzahl von Branchen \u2013 von der Luft- und Raumfahrt \u00fcber die Verteidigungsindustrie bis hin zur Energieerzeugung.<\/p><p>Wir unterst\u00fctzen unsere Kunden bei der Realisierung anspruchsvollster Projekte durch fortschrittliche Engineering- Dienstleistungen in den Bereichen Konstruktion, Analyse, Instrumentierung, Montage und Test . Als Experten f\u00fcr komplexe Maschinen entwickeln wir innovative L\u00f6sungen, die hohe Pr\u00e4zision und Effizienz garantieren. Zudem bieten wir umfassende Serviceleistungen, in der Bauteilpr\u00fcfung sowie Unterst\u00fctzung bei der Instandhaltung von komplexern Maschinen und Anlagen an.<\/p>\t\t\t\t\t\t\t\t<\/div>\n\t\t\t\t<\/div>\n\t\t\t\t<\/div>\n\t\t\t\t\t<\/div>\n\t\t\t\t<\/div>\n\t\t<div class=\"elementor-element elementor-element-5dcc0f40 e-con-full bg-img-gradient text-white e-flex e-con e-parent\" data-id=\"5dcc0f40\" data-element_type=\"container\" data-e-type=\"container\" data-settings=\"{&quot;background_background&quot;:&quot;classic&quot;}\">\n\t\t<div class=\"elementor-element elementor-element-55855779 e-con-full e-flex e-con e-child\" data-id=\"55855779\" data-element_type=\"container\" data-e-type=\"container\" data-settings=\"{&quot;background_background&quot;:&quot;gradient&quot;}\">\n\t\t<div class=\"elementor-element elementor-element-68e3249e e-flex e-con-boxed e-con e-child\" data-id=\"68e3249e\" data-element_type=\"container\" data-e-type=\"container\">\n\t\t\t\t\t<div class=\"e-con-inner\">\n\t\t\t\t<div class=\"elementor-element elementor-element-22321f0d big-headline elementor-widget elementor-widget-heading\" data-id=\"22321f0d\" data-element_type=\"widget\" data-e-type=\"widget\" data-widget_type=\"heading.default\">\n\t\t\t\t<div class=\"elementor-widget-container\">\n\t\t\t\t\t<h2 class=\"elementor-heading-title elementor-size-default\">Unser Ansatz<\/h2>\t\t\t\t<\/div>\n\t\t\t\t<\/div>\n\t\t\t\t<div class=\"elementor-element elementor-element-6ca6bfd elementor-widget elementor-widget-text-editor\" data-id=\"6ca6bfd\" data-element_type=\"widget\" data-e-type=\"widget\" data-widget_type=\"text-editor.default\">\n\t\t\t\t<div class=\"elementor-widget-container\">\n\t\t\t\t\t\t\t\t\t<p>Mit einem breiten Serviceangebot und innovativen L\u00f6sungen setzen wir alles daran, die Erwartungen unserer Kunden durch Flexibilit\u00e4t, Expertise und Qualit\u00e4t zu erf\u00fcllen und bieten als\u00a0 <strong>\u201eHome of Rotating Machinery of Component Validation and Testing\u201c<\/strong> eine Vielzahl von Dienstleistungen, die auf die unterschiedlichen Bed\u00fcrfnisse unserer Kunden abgestimmt sind. Mit jahrelanger Erfahrung und einem klaren Bekenntnis zu Exzellenz streben wir danach, die Erwartungen zu erf\u00fcllen, indem wir ma\u00dfgeschneiderte L\u00f6sungen liefern, die pr\u00e4zise, zuverl\u00e4ssig und effizient sind.<\/p><p><strong>Wir unterst\u00fctzen Sie bei der Entwicklung Ihrer Innovationen und treiben gemeinsam die Zukunft rotierender Maschinen voran.<\/strong><\/p>\t\t\t\t\t\t\t\t<\/div>\n\t\t\t\t<\/div>\n\t\t<div class=\"elementor-element elementor-element-173509fc e-grid e-con-full e-con e-child\" data-id=\"173509fc\" data-element_type=\"container\" data-e-type=\"container\">\n\t\t\t\t<div class=\"elementor-element elementor-element-699f29c7 elementor-view-default elementor-position-block-start elementor-mobile-position-block-start elementor-widget elementor-widget-icon-box\" data-id=\"699f29c7\" data-element_type=\"widget\" data-e-type=\"widget\" data-widget_type=\"icon-box.default\">\n\t\t\t\t<div class=\"elementor-widget-container\">\n\t\t\t\t\t\t\t<div class=\"elementor-icon-box-wrapper\">\n\n\t\t\t\t\t\t<div class=\"elementor-icon-box-icon\">\n\t\t\t\t<span  class=\"elementor-icon\">\n\t\t\t\t<i aria-hidden=\"true\" class=\"icon icon-Leading-Expert\"><\/i>\t\t\t\t<\/span>\n\t\t\t<\/div>\n\t\t\t\n\t\t\t\t\t\t<div class=\"elementor-icon-box-content\">\n\n\t\t\t\t\t\t\t\t\t<p class=\"elementor-icon-box-title\">\n\t\t\t\t\t\t<span  >\n\t\t\t\t\t\t\tExperten aus der Industrie\t\t\t\t\t\t<\/span>\n\t\t\t\t\t<\/p>\n\t\t\t\t\n\t\t\t\t\n\t\t\t<\/div>\n\t\t\t\n\t\t<\/div>\n\t\t\t\t\t\t<\/div>\n\t\t\t\t<\/div>\n\t\t\t\t<div class=\"elementor-element elementor-element-113cd5dc elementor-view-default elementor-position-block-start elementor-mobile-position-block-start elementor-widget elementor-widget-icon-box\" data-id=\"113cd5dc\" data-element_type=\"widget\" data-e-type=\"widget\" data-widget_type=\"icon-box.default\">\n\t\t\t\t<div class=\"elementor-widget-container\">\n\t\t\t\t\t\t\t<div class=\"elementor-icon-box-wrapper\">\n\n\t\t\t\t\t\t<div class=\"elementor-icon-box-icon\">\n\t\t\t\t<span  class=\"elementor-icon\">\n\t\t\t\t<i aria-hidden=\"true\" class=\"icon icon-Worldwide\"><\/i>\t\t\t\t<\/span>\n\t\t\t<\/div>\n\t\t\t\n\t\t\t\t\t\t<div class=\"elementor-icon-box-content\">\n\n\t\t\t\t\t\t\t\t\t<p class=\"elementor-icon-box-title\">\n\t\t\t\t\t\t<span  >\n\t\t\t\t\t\t\tInternational \t\t\t\t\t\t<\/span>\n\t\t\t\t\t<\/p>\n\t\t\t\t\n\t\t\t\t\n\t\t\t<\/div>\n\t\t\t\n\t\t<\/div>\n\t\t\t\t\t\t<\/div>\n\t\t\t\t<\/div>\n\t\t\t\t<div class=\"elementor-element elementor-element-40fd365 elementor-view-default elementor-position-block-start elementor-mobile-position-block-start elementor-widget elementor-widget-icon-box\" data-id=\"40fd365\" data-element_type=\"widget\" data-e-type=\"widget\" data-widget_type=\"icon-box.default\">\n\t\t\t\t<div class=\"elementor-widget-container\">\n\t\t\t\t\t\t\t<div class=\"elementor-icon-box-wrapper\">\n\n\t\t\t\t\t\t<div class=\"elementor-icon-box-icon\">\n\t\t\t\t<span  class=\"elementor-icon\">\n\t\t\t\t<i aria-hidden=\"true\" class=\"icon icon-Experience\"><\/i>\t\t\t\t<\/span>\n\t\t\t<\/div>\n\t\t\t\n\t\t\t\t\t\t<div class=\"elementor-icon-box-content\">\n\n\t\t\t\t\t\t\t\t\t<p class=\"elementor-icon-box-title\">\n\t\t\t\t\t\t<span  >\n\t\t\t\t\t\t\tErfahrung\t\t\t\t\t\t<\/span>\n\t\t\t\t\t<\/p>\n\t\t\t\t\n\t\t\t\t\n\t\t\t<\/div>\n\t\t\t\n\t\t<\/div>\n\t\t\t\t\t\t<\/div>\n\t\t\t\t<\/div>\n\t\t\t\t<div class=\"elementor-element elementor-element-b3bf730 elementor-view-default elementor-position-block-start elementor-mobile-position-block-start elementor-widget elementor-widget-icon-box\" data-id=\"b3bf730\" data-element_type=\"widget\" data-e-type=\"widget\" data-widget_type=\"icon-box.default\">\n\t\t\t\t<div class=\"elementor-widget-container\">\n\t\t\t\t\t\t\t<div class=\"elementor-icon-box-wrapper\">\n\n\t\t\t\t\t\t<div class=\"elementor-icon-box-icon\">\n\t\t\t\t<span  class=\"elementor-icon\">\n\t\t\t\t<i aria-hidden=\"true\" class=\"icon icon-project-team\"><\/i>\t\t\t\t<\/span>\n\t\t\t<\/div>\n\t\t\t\n\t\t\t\t\t\t<div class=\"elementor-icon-box-content\">\n\n\t\t\t\t\t\t\t\t\t<p class=\"elementor-icon-box-title\">\n\t\t\t\t\t\t<span  >\n\t\t\t\t\t\t\tVielseitiges Serviceportfolio\t\t\t\t\t\t<\/span>\n\t\t\t\t\t<\/p>\n\t\t\t\t\n\t\t\t\t\n\t\t\t<\/div>\n\t\t\t\n\t\t<\/div>\n\t\t\t\t\t\t<\/div>\n\t\t\t\t<\/div>\n\t\t\t\t<div class=\"elementor-element elementor-element-b9ae441 elementor-view-default elementor-position-block-start elementor-mobile-position-block-start elementor-widget elementor-widget-icon-box\" data-id=\"b9ae441\" data-element_type=\"widget\" data-e-type=\"widget\" data-widget_type=\"icon-box.default\">\n\t\t\t\t<div class=\"elementor-widget-container\">\n\t\t\t\t\t\t\t<div class=\"elementor-icon-box-wrapper\">\n\n\t\t\t\t\t\t<div class=\"elementor-icon-box-icon\">\n\t\t\t\t<span  class=\"elementor-icon\">\n\t\t\t\t<i aria-hidden=\"true\" class=\"icon icon-Quality-Com\"><\/i>\t\t\t\t<\/span>\n\t\t\t<\/div>\n\t\t\t\n\t\t\t\t\t\t<div class=\"elementor-icon-box-content\">\n\n\t\t\t\t\t\t\t\t\t<p class=\"elementor-icon-box-title\">\n\t\t\t\t\t\t<span  >\n\t\t\t\t\t\t\tQualit\u00e4tsversprechen\t\t\t\t\t\t<\/span>\n\t\t\t\t\t<\/p>\n\t\t\t\t\n\t\t\t\t\n\t\t\t<\/div>\n\t\t\t\n\t\t<\/div>\n\t\t\t\t\t\t<\/div>\n\t\t\t\t<\/div>\n\t\t\t\t<div class=\"elementor-element elementor-element-80a4581 elementor-view-default elementor-position-block-start elementor-mobile-position-block-start elementor-widget elementor-widget-icon-box\" data-id=\"80a4581\" data-element_type=\"widget\" data-e-type=\"widget\" data-widget_type=\"icon-box.default\">\n\t\t\t\t<div class=\"elementor-widget-container\">\n\t\t\t\t\t\t\t<div class=\"elementor-icon-box-wrapper\">\n\n\t\t\t\t\t\t<div class=\"elementor-icon-box-icon\">\n\t\t\t\t<span  class=\"elementor-icon\">\n\t\t\t\t<i aria-hidden=\"true\" class=\"icon icon-Tailor-made\"><\/i>\t\t\t\t<\/span>\n\t\t\t<\/div>\n\t\t\t\n\t\t\t\t\t\t<div class=\"elementor-icon-box-content\">\n\n\t\t\t\t\t\t\t\t\t<p class=\"elementor-icon-box-title\">\n\t\t\t\t\t\t<span  >\n\t\t\t\t\t\t\tMa\u00dfgeschneiderte L\u00f6sungen\t\t\t\t\t\t<\/span>\n\t\t\t\t\t<\/p>\n\t\t\t\t\n\t\t\t\t\n\t\t\t<\/div>\n\t\t\t\n\t\t<\/div>\n\t\t\t\t\t\t<\/div>\n\t\t\t\t<\/div>\n\t\t\t\t<\/div>\n\t\t\t\t\t<\/div>\n\t\t\t\t<\/div>\n\t\t\t\t<\/div>\n\t\t\t\t<\/div>\n\t\t<div class=\"elementor-element elementor-element-5c361d7b e-flex e-con-boxed e-con e-parent\" data-id=\"5c361d7b\" data-element_type=\"container\" data-e-type=\"container\">\n\t\t\t\t\t<div class=\"e-con-inner\">\n\t\t\t\t<div class=\"elementor-element elementor-element-1dcd4dab elementor-widget elementor-widget-heading\" data-id=\"1dcd4dab\" data-element_type=\"widget\" data-e-type=\"widget\" data-widget_type=\"heading.default\">\n\t\t\t\t<div class=\"elementor-widget-container\">\n\t\t\t\t\t<h2 class=\"elementor-heading-title elementor-size-default\">Unser Qualit\u00e4tsversprechen<\/h2>\t\t\t\t<\/div>\n\t\t\t\t<\/div>\n\t\t\t\t<div class=\"elementor-element elementor-element-b03d24a elementor-widget elementor-widget-text-editor\" data-id=\"b03d24a\" data-element_type=\"widget\" data-e-type=\"widget\" data-widget_type=\"text-editor.default\">\n\t\t\t\t<div class=\"elementor-widget-container\">\n\t\t\t\t\t\t\t\t\t<p>Bei AneCom AeroTest bieten wir Produkte und Dienstleistungen, die nicht nur internationalen Standards entsprechen, sondern auch die Erwartungen unserer Kunden erf\u00fcllen.<\/p><p>Durch unser zertifiziertes Qualit\u00e4tsmanagementsystem streben wir kontinuierliche Verbesserungen an \u2013 durch Innovation, enge Zusammenarbeit und die stetige Weiterentwicklung unserer Mitarbeiter. Wir \u00fcberpr\u00fcfen regelm\u00e4\u00dfig alle Bereiche unserer Arbeit, um sicherzustellen, dass wir sowohl die Bed\u00fcrfnisse unserer Kunden erf\u00fcllen als auch die hohen Standards einhalten, die wir uns selbst setzen.<\/p>\t\t\t\t\t\t\t\t<\/div>\n\t\t\t\t<\/div>\n\t\t\t\t<div class=\"elementor-element elementor-element-42f25bc elementor-widget elementor-widget-image\" data-id=\"42f25bc\" data-element_type=\"widget\" data-e-type=\"widget\" data-widget_type=\"image.default\">\n\t\t\t\t<div class=\"elementor-widget-container\">\n\t\t\t\t\t\t\t\t\t\t\t\t\t\t\t\t<a href=\"https:\/\/www.anecom.de\/wp-content\/uploads\/2025\/01\/DIN-EN-9100_de_n.pdf\">\n\t\t\t\t\t\t\t<img decoding=\"async\" src=\"https:\/\/www.anecom.de\/wp-content\/uploads\/elementor\/thumbs\/DIN-EN-9100_de-r3pty20kix2jjuzwdddl3m4ufzh4irmr5pbm3s6y3g.webp\" title=\"DIN-EN-9100_de\" alt=\"DIN-EN-9100_de\" loading=\"lazy\" \/>\t\t\t\t\t\t\t\t<\/a>\n\t\t\t\t\t\t\t\t\t\t\t\t\t\t\t<\/div>\n\t\t\t\t<\/div>\n\t\t\t\t\t<\/div>\n\t\t\t\t<\/div>\n\t\t\t\t<\/div>\n\t\t","protected":false},"excerpt":{"rendered":"<p>\u00dcber uns AneCom AeroTest wurde 2002 gegr\u00fcndet und hat seinen Sitz im Aerospace Technology Centre in Wildau bei Berlin. Als f\u00fchrender Entwicklungspartner f\u00fcr die internationale Industrie sind wir auf die Entwicklung und Optimierung komplexer Turbomaschinen spezialisiert. Mit unserer langj\u00e4hrigen Expertise in der Luft- und Raumfahrttechnologie bieten wir ma\u00dfgeschneiderte L\u00f6sungen f\u00fcr eine Vielzahl von Branchen \u2013 [&hellip;]<\/p>\n","protected":false},"author":1,"featured_media":0,"parent":0,"menu_order":0,"comment_status":"closed","ping_status":"closed","template":"","meta":{"_acf_changed":false,"footnotes":""},"class_list":["post-3744","page","type-page","status-publish","hentry"],"acf":[],"yoast_head":"<!-- This site is optimized with the Yoast SEO plugin v27.3 - https:\/\/yoast.com\/product\/yoast-seo-wordpress\/ -->\n<title>AneCom: Entwicklung u. Optimierung komplexer Turbomaschinen<\/title>\n<meta name=\"description\" content=\"Langj\u00e4hrige Expertise in der Luft- und Raumfahrttechnologie, ma\u00dfgeschneiderte L\u00f6sungen: Konstruktion, Analyse, Instrumentierung, Montage, Test\" \/>\n<meta name=\"robots\" content=\"index, follow, max-snippet:-1, max-image-preview:large, max-video-preview:-1\" \/>\n<link rel=\"canonical\" href=\"https:\/\/www.anecom.de\/de\/ueber-uns\/\" \/>\n<meta property=\"og:locale\" content=\"de_DE\" \/>\n<meta property=\"og:type\" content=\"article\" \/>\n<meta property=\"og:title\" content=\"AneCom: Entwicklung u. Optimierung komplexer Turbomaschinen\" \/>\n<meta property=\"og:description\" content=\"Langj\u00e4hrige Expertise in der Luft- und Raumfahrttechnologie, ma\u00dfgeschneiderte L\u00f6sungen: Konstruktion, Analyse, Instrumentierung, Montage, Test\" \/>\n<meta property=\"og:url\" content=\"https:\/\/www.anecom.de\/de\/ueber-uns\/\" \/>\n<meta property=\"og:site_name\" content=\"AneCom\" \/>\n<meta property=\"article:modified_time\" content=\"2025-05-20T10:41:38+00:00\" \/>\n<meta property=\"og:image\" content=\"https:\/\/www.anecom.de\/wp-content\/uploads\/elementor\/thumbs\/DIN-EN-9100_de-r2ufhgrbcki86b2cvjo7sr9zahsfz7zlka60infllo.webp\" \/>\n<meta name=\"twitter:card\" content=\"summary_large_image\" \/>\n<meta name=\"twitter:label1\" content=\"Gesch\u00e4tzte Lesezeit\" \/>\n\t<meta name=\"twitter:data1\" content=\"2\u00a0Minuten\" \/>\n<script type=\"application\/ld+json\" class=\"yoast-schema-graph\">{\"@context\":\"https:\\\/\\\/schema.org\",\"@graph\":[{\"@type\":\"WebPage\",\"@id\":\"https:\\\/\\\/www.anecom.de\\\/de\\\/ueber-uns\\\/\",\"url\":\"https:\\\/\\\/www.anecom.de\\\/de\\\/ueber-uns\\\/\",\"name\":\"AneCom: Entwicklung u. Optimierung komplexer Turbomaschinen\",\"isPartOf\":{\"@id\":\"https:\\\/\\\/www.anecom.de\\\/de\\\/#website\"},\"primaryImageOfPage\":{\"@id\":\"https:\\\/\\\/www.anecom.de\\\/de\\\/ueber-uns\\\/#primaryimage\"},\"image\":{\"@id\":\"https:\\\/\\\/www.anecom.de\\\/de\\\/ueber-uns\\\/#primaryimage\"},\"thumbnailUrl\":\"https:\\\/\\\/www.anecom.de\\\/wp-content\\\/uploads\\\/elementor\\\/thumbs\\\/DIN-EN-9100_de-r2ufhgrbcki86b2cvjo7sr9zahsfz7zlka60infllo.webp\",\"datePublished\":\"2025-01-08T11:16:32+00:00\",\"dateModified\":\"2025-05-20T10:41:38+00:00\",\"description\":\"Langj\u00e4hrige Expertise in der Luft- und Raumfahrttechnologie, ma\u00dfgeschneiderte L\u00f6sungen: Konstruktion, Analyse, Instrumentierung, Montage, Test\",\"breadcrumb\":{\"@id\":\"https:\\\/\\\/www.anecom.de\\\/de\\\/ueber-uns\\\/#breadcrumb\"},\"inLanguage\":\"de\",\"potentialAction\":[{\"@type\":\"ReadAction\",\"target\":[\"https:\\\/\\\/www.anecom.de\\\/de\\\/ueber-uns\\\/\"]}]},{\"@type\":\"ImageObject\",\"inLanguage\":\"de\",\"@id\":\"https:\\\/\\\/www.anecom.de\\\/de\\\/ueber-uns\\\/#primaryimage\",\"url\":\"https:\\\/\\\/www.anecom.de\\\/wp-content\\\/uploads\\\/elementor\\\/thumbs\\\/DIN-EN-9100_de-r2ufhgrbcki86b2cvjo7sr9zahsfz7zlka60infllo.webp\",\"contentUrl\":\"https:\\\/\\\/www.anecom.de\\\/wp-content\\\/uploads\\\/elementor\\\/thumbs\\\/DIN-EN-9100_de-r2ufhgrbcki86b2cvjo7sr9zahsfz7zlka60infllo.webp\"},{\"@type\":\"BreadcrumbList\",\"@id\":\"https:\\\/\\\/www.anecom.de\\\/de\\\/ueber-uns\\\/#breadcrumb\",\"itemListElement\":[{\"@type\":\"ListItem\",\"position\":1,\"name\":\"Home\",\"item\":\"https:\\\/\\\/www.anecom.de\\\/de\\\/\"},{\"@type\":\"ListItem\",\"position\":2,\"name\":\"\u00dcber uns\"}]},{\"@type\":\"WebSite\",\"@id\":\"https:\\\/\\\/www.anecom.de\\\/de\\\/#website\",\"url\":\"https:\\\/\\\/www.anecom.de\\\/de\\\/\",\"name\":\"AneCom\",\"description\":\"\",\"publisher\":{\"@id\":\"https:\\\/\\\/www.anecom.de\\\/de\\\/#organization\"},\"potentialAction\":[{\"@type\":\"SearchAction\",\"target\":{\"@type\":\"EntryPoint\",\"urlTemplate\":\"https:\\\/\\\/www.anecom.de\\\/de\\\/?s={search_term_string}\"},\"query-input\":{\"@type\":\"PropertyValueSpecification\",\"valueRequired\":true,\"valueName\":\"search_term_string\"}}],\"inLanguage\":\"de\"},{\"@type\":\"Organization\",\"@id\":\"https:\\\/\\\/www.anecom.de\\\/de\\\/#organization\",\"name\":\"AneCom\",\"url\":\"https:\\\/\\\/www.anecom.de\\\/de\\\/\",\"logo\":{\"@type\":\"ImageObject\",\"inLanguage\":\"de\",\"@id\":\"https:\\\/\\\/www.anecom.de\\\/de\\\/#\\\/schema\\\/logo\\\/image\\\/\",\"url\":\"https:\\\/\\\/www.anecom.de\\\/wp-content\\\/uploads\\\/2025\\\/01\\\/AneCom-Logo.svg\",\"contentUrl\":\"https:\\\/\\\/www.anecom.de\\\/wp-content\\\/uploads\\\/2025\\\/01\\\/AneCom-Logo.svg\",\"width\":297,\"height\":55,\"caption\":\"AneCom\"},\"image\":{\"@id\":\"https:\\\/\\\/www.anecom.de\\\/de\\\/#\\\/schema\\\/logo\\\/image\\\/\"}}]}<\/script>\n<!-- \/ Yoast SEO plugin. -->","yoast_head_json":{"title":"AneCom: Entwicklung u. Optimierung komplexer Turbomaschinen","description":"Langj\u00e4hrige Expertise in der Luft- und Raumfahrttechnologie, ma\u00dfgeschneiderte L\u00f6sungen: Konstruktion, Analyse, Instrumentierung, Montage, Test","robots":{"index":"index","follow":"follow","max-snippet":"max-snippet:-1","max-image-preview":"max-image-preview:large","max-video-preview":"max-video-preview:-1"},"canonical":"https:\/\/www.anecom.de\/de\/ueber-uns\/","og_locale":"de_DE","og_type":"article","og_title":"AneCom: Entwicklung u. Optimierung komplexer Turbomaschinen","og_description":"Langj\u00e4hrige Expertise in der Luft- und Raumfahrttechnologie, ma\u00dfgeschneiderte L\u00f6sungen: Konstruktion, Analyse, Instrumentierung, Montage, Test","og_url":"https:\/\/www.anecom.de\/de\/ueber-uns\/","og_site_name":"AneCom","article_modified_time":"2025-05-20T10:41:38+00:00","og_image":[{"url":"https:\/\/www.anecom.de\/wp-content\/uploads\/elementor\/thumbs\/DIN-EN-9100_de-r2ufhgrbcki86b2cvjo7sr9zahsfz7zlka60infllo.webp","type":"","width":"","height":""}],"twitter_card":"summary_large_image","twitter_misc":{"Gesch\u00e4tzte Lesezeit":"2\u00a0Minuten"},"schema":{"@context":"https:\/\/schema.org","@graph":[{"@type":"WebPage","@id":"https:\/\/www.anecom.de\/de\/ueber-uns\/","url":"https:\/\/www.anecom.de\/de\/ueber-uns\/","name":"AneCom: Entwicklung u. Optimierung komplexer Turbomaschinen","isPartOf":{"@id":"https:\/\/www.anecom.de\/de\/#website"},"primaryImageOfPage":{"@id":"https:\/\/www.anecom.de\/de\/ueber-uns\/#primaryimage"},"image":{"@id":"https:\/\/www.anecom.de\/de\/ueber-uns\/#primaryimage"},"thumbnailUrl":"https:\/\/www.anecom.de\/wp-content\/uploads\/elementor\/thumbs\/DIN-EN-9100_de-r2ufhgrbcki86b2cvjo7sr9zahsfz7zlka60infllo.webp","datePublished":"2025-01-08T11:16:32+00:00","dateModified":"2025-05-20T10:41:38+00:00","description":"Langj\u00e4hrige Expertise in der Luft- und Raumfahrttechnologie, ma\u00dfgeschneiderte L\u00f6sungen: Konstruktion, Analyse, Instrumentierung, Montage, Test","breadcrumb":{"@id":"https:\/\/www.anecom.de\/de\/ueber-uns\/#breadcrumb"},"inLanguage":"de","potentialAction":[{"@type":"ReadAction","target":["https:\/\/www.anecom.de\/de\/ueber-uns\/"]}]},{"@type":"ImageObject","inLanguage":"de","@id":"https:\/\/www.anecom.de\/de\/ueber-uns\/#primaryimage","url":"https:\/\/www.anecom.de\/wp-content\/uploads\/elementor\/thumbs\/DIN-EN-9100_de-r2ufhgrbcki86b2cvjo7sr9zahsfz7zlka60infllo.webp","contentUrl":"https:\/\/www.anecom.de\/wp-content\/uploads\/elementor\/thumbs\/DIN-EN-9100_de-r2ufhgrbcki86b2cvjo7sr9zahsfz7zlka60infllo.webp"},{"@type":"BreadcrumbList","@id":"https:\/\/www.anecom.de\/de\/ueber-uns\/#breadcrumb","itemListElement":[{"@type":"ListItem","position":1,"name":"Home","item":"https:\/\/www.anecom.de\/de\/"},{"@type":"ListItem","position":2,"name":"\u00dcber uns"}]},{"@type":"WebSite","@id":"https:\/\/www.anecom.de\/de\/#website","url":"https:\/\/www.anecom.de\/de\/","name":"AneCom","description":"","publisher":{"@id":"https:\/\/www.anecom.de\/de\/#organization"},"potentialAction":[{"@type":"SearchAction","target":{"@type":"EntryPoint","urlTemplate":"https:\/\/www.anecom.de\/de\/?s={search_term_string}"},"query-input":{"@type":"PropertyValueSpecification","valueRequired":true,"valueName":"search_term_string"}}],"inLanguage":"de"},{"@type":"Organization","@id":"https:\/\/www.anecom.de\/de\/#organization","name":"AneCom","url":"https:\/\/www.anecom.de\/de\/","logo":{"@type":"ImageObject","inLanguage":"de","@id":"https:\/\/www.anecom.de\/de\/#\/schema\/logo\/image\/","url":"https:\/\/www.anecom.de\/wp-content\/uploads\/2025\/01\/AneCom-Logo.svg","contentUrl":"https:\/\/www.anecom.de\/wp-content\/uploads\/2025\/01\/AneCom-Logo.svg","width":297,"height":55,"caption":"AneCom"},"image":{"@id":"https:\/\/www.anecom.de\/de\/#\/schema\/logo\/image\/"}}]}},"_links":{"self":[{"href":"https:\/\/www.anecom.de\/de\/wp-json\/wp\/v2\/pages\/3744","targetHints":{"allow":["GET"]}}],"collection":[{"href":"https:\/\/www.anecom.de\/de\/wp-json\/wp\/v2\/pages"}],"about":[{"href":"https:\/\/www.anecom.de\/de\/wp-json\/wp\/v2\/types\/page"}],"author":[{"embeddable":true,"href":"https:\/\/www.anecom.de\/de\/wp-json\/wp\/v2\/users\/1"}],"replies":[{"embeddable":true,"href":"https:\/\/www.anecom.de\/de\/wp-json\/wp\/v2\/comments?post=3744"}],"version-history":[{"count":14,"href":"https:\/\/www.anecom.de\/de\/wp-json\/wp\/v2\/pages\/3744\/revisions"}],"predecessor-version":[{"id":4848,"href":"https:\/\/www.anecom.de\/de\/wp-json\/wp\/v2\/pages\/3744\/revisions\/4848"}],"wp:attachment":[{"href":"https:\/\/www.anecom.de\/de\/wp-json\/wp\/v2\/media?parent=3744"}],"curies":[{"name":"wp","href":"https:\/\/api.w.org\/{rel}","templated":true}]}}