{"id":1732,"date":"2025-01-15T13:03:15","date_gmt":"2025-01-15T12:03:15","guid":{"rendered":"https:\/\/www.anecom.de\/data-processing-applicants\/"},"modified":"2025-04-01T13:27:57","modified_gmt":"2025-04-01T11:27:57","slug":"datenverarbeitung-bewerbungsverfahren","status":"publish","type":"page","link":"https:\/\/www.anecom.de\/de\/datenverarbeitung-bewerbungsverfahren\/","title":{"rendered":"Datenverarbeitung Bewerbungsverfahren"},"content":{"rendered":"\t\t<div data-elementor-type=\"wp-page\" data-elementor-id=\"1732\" class=\"elementor elementor-1732 elementor-200\" data-elementor-post-type=\"page\">\n\t\t\t\t<div class=\"elementor-element elementor-element-76655445 e-flex e-con-boxed e-con e-parent\" data-id=\"76655445\" data-element_type=\"container\" data-e-type=\"container\">\n\t\t\t\t\t<div class=\"e-con-inner\">\n\t\t<div class=\"elementor-element elementor-element-32005c0 e-con-full e-flex e-con e-child\" data-id=\"32005c0\" data-element_type=\"container\" data-e-type=\"container\">\n\t\t\t\t<div class=\"elementor-element elementor-element-c5db496 elementor-align-left elementor-widget elementor-widget-breadcrumbs\" data-id=\"c5db496\" data-element_type=\"widget\" data-e-type=\"widget\" data-widget_type=\"breadcrumbs.default\">\n\t\t\t\t<div class=\"elementor-widget-container\">\n\t\t\t\t\t<p id=\"breadcrumbs\"><span><span><a href=\"https:\/\/www.anecom.de\/de\/\">Home<\/a><\/span><\/span><\/p>\t\t\t\t<\/div>\n\t\t\t\t<\/div>\n\t\t\t\t<div class=\"elementor-element elementor-element-dd23208 elementor-widget elementor-widget-heading\" data-id=\"dd23208\" data-element_type=\"widget\" data-e-type=\"widget\" data-widget_type=\"heading.default\">\n\t\t\t\t<div class=\"elementor-widget-container\">\n\t\t\t\t\t<h1 class=\"elementor-heading-title elementor-size-default\">Datenverarbeitung Bewerbungsverfahren<\/h1>\t\t\t\t<\/div>\n\t\t\t\t<\/div>\n\t\t\t\t<\/div>\n\t\t<div class=\"elementor-element elementor-element-e912edb e-con-full e-flex e-con e-child\" data-id=\"e912edb\" data-element_type=\"container\" data-e-type=\"container\">\n\t\t\t\t<div class=\"elementor-element elementor-element-de06a37 elementor-widget elementor-widget-text-editor\" data-id=\"de06a37\" data-element_type=\"widget\" data-e-type=\"widget\" data-widget_type=\"text-editor.default\">\n\t\t\t\t<div class=\"elementor-widget-container\">\n\t\t\t\t\t\t\t\t\t<p>Wir m\u00f6chten Sie hiermit dar\u00fcber informieren, wie wir Ihre Daten verarbeiten.<\/p>\t\t\t\t\t\t\t\t<\/div>\n\t\t\t\t<\/div>\n\t\t\t\t<div class=\"elementor-element elementor-element-39d85856 elementor-widget elementor-widget-text-editor\" data-id=\"39d85856\" data-element_type=\"widget\" data-e-type=\"widget\" data-widget_type=\"text-editor.default\">\n\t\t\t\t<div class=\"elementor-widget-container\">\n\t\t\t\t\t\t\t\t\t<div class=\"col-md-8 \"><h2>Name und Kontaktdaten verantwortliche Stelle<\/h2><div id=\"c298\" class=\"frame frame-default frame-type-text frame-layout-108 frame-space-before-none frame-space-after-none\"><p><strong>AneCom AeroTest GmbH<\/strong><br \/>Freiheitstrasse 122<br \/>15745 Wildau<br \/>Deutschland<\/p><p>Tel.: +49 3375 9226 &#8211; 10<br \/>Fax: +49 3375 9226 &#8211; 66<br \/>www.anecom.de<\/p><\/div><\/div>\t\t\t\t\t\t\t\t<\/div>\n\t\t\t\t<\/div>\n\t\t\t\t<\/div>\n\t\t<div class=\"elementor-element elementor-element-de1a68a e-con-full e-flex e-con e-child\" data-id=\"de1a68a\" data-element_type=\"container\" data-e-type=\"container\">\n\t\t\t\t<div class=\"elementor-element elementor-element-471c9f2 elementor-widget elementor-widget-heading\" data-id=\"471c9f2\" data-element_type=\"widget\" data-e-type=\"widget\" data-widget_type=\"heading.default\">\n\t\t\t\t<div class=\"elementor-widget-container\">\n\t\t\t\t\t<h2 class=\"elementor-heading-title elementor-size-default\">Welche Ihrer Daten nutzen wir und woher stammen Ihre Daten?<\/h2>\t\t\t\t<\/div>\n\t\t\t\t<\/div>\n\t\t\t\t<div class=\"elementor-element elementor-element-ccabd2d elementor-widget elementor-widget-text-editor\" data-id=\"ccabd2d\" data-element_type=\"widget\" data-e-type=\"widget\" data-widget_type=\"text-editor.default\">\n\t\t\t\t<div class=\"elementor-widget-container\">\n\t\t\t\t\t\t\t\t\t<p>Wir verarbeiten die Daten, die wir im Rahmen des Bewerbungsverfahrens von Ihnen erhalten.<\/p><p>Dies sind insbesondere Ihre Personalien (z. B. Name, Adresse, Kontaktdaten, Geburtstag und -ort, Staatsangeh\u00f6rigkeit), Legitimationsdaten (z. B. Ausweisdaten), Gesundheitsdaten (z. B. Schwerbesch\u00e4digung), Qualifikationspapiere (z. B. Zeugnisse, Bewertungen, Ausbildungsnachweise) sowie ggf. weitere Daten im Zusammenhang mit der Bewerbung (z. B. Lebenslauf).<\/p><p>Sie sind gesetzlich nicht verpflichtet, uns Ihre personenbezogenen Daten bereitzustellen. Eine Nichtbereitstellung kann sich nachteilig auf die Entscheidung auswirken, ob wir ein Besch\u00e4ftigungsverh\u00e4ltnis mit Ihnen begr\u00fcnden.<\/p><p><strong>Zu welchen Zwecken und auf welcher Rechtgrundlage verarbeiten wir Ihre Daten?<br \/><\/strong>Wir verarbeiten Ihre personenbezogenen Daten entsprechend der datenschutzrechtlichen Re-gelungen der DSGVO, dem BDSG oder spezialgesetzlicher Regelungen zur Entscheidungsfindung dar\u00fcber, ob wir ein Besch\u00e4ftigungsverh\u00e4ltnis mit Ihnen begr\u00fcnden.<\/p><p>Der Zweck der Verarbeitung richtet sich nach den Anforderungen der Durchf\u00fchrung des Bewerbungsverfahrens (z. B. Einladung zu Bewerbungsgespr\u00e4chen, Durchf\u00fchrung von Assessments, Bewertung Ihrer Leistungen).<\/p><p>Rechtsgrundlage f\u00fcr die Datenverarbeitung ist Art.88 DSGVO i.V.m. \u00a7 26 Abs.1 S.1 BDSG (neu) oder im Falle der Erteilung einer Einwilligung Art.6 Abs.1 lit a) DSGVO.<\/p><p><strong>Wie lange werden Ihre Daten gespeichert?<br \/><\/strong>Wir verarbeiten und speichern Ihre Daten f\u00fcr die Dauer des Bewerbungsverfahrens zzgl. weiterer 3 Monate. Anschlie\u00dfend werden Ihre Daten unverz\u00fcglich gel\u00f6scht.<\/p><p>Soweit wir aufgrund Ihres Bewerbungsprofils an einer hier\u00fcber hinaus dauernden Speicherung Ihrer Bewerbungsdaten interessiert sind, werden wir Sie hier\u00fcber informieren und Ihre Einwilligung einholen.<\/p>\t\t\t\t\t\t\t\t<\/div>\n\t\t\t\t<\/div>\n\t\t\t\t<\/div>\n\t\t<div class=\"elementor-element elementor-element-999d609 e-con-full e-flex e-con e-child\" data-id=\"999d609\" data-element_type=\"container\" data-e-type=\"container\">\n\t\t\t\t<div class=\"elementor-element elementor-element-c3fd26e elementor-widget elementor-widget-heading\" data-id=\"c3fd26e\" data-element_type=\"widget\" data-e-type=\"widget\" data-widget_type=\"heading.default\">\n\t\t\t\t<div class=\"elementor-widget-container\">\n\t\t\t\t\t<h2 class=\"elementor-heading-title elementor-size-default\">Weitergabe Ihrer Daten<\/h2>\t\t\t\t<\/div>\n\t\t\t\t<\/div>\n\t\t\t\t<div class=\"elementor-element elementor-element-cd3a738 elementor-widget elementor-widget-text-editor\" data-id=\"cd3a738\" data-element_type=\"widget\" data-e-type=\"widget\" data-widget_type=\"text-editor.default\">\n\t\t\t\t<div class=\"elementor-widget-container\">\n\t\t\t\t\t\t\t\t\t<p><strong>Wer bekommt Ihre personenbezogenen Daten?<\/strong><br \/>nnerhalb des Unternehmens erhalten nur diejenigen Stellen Ihre Daten, die diese zur Durchf\u00fchrung des Bewerbungsverfahrens und aufgrund gesetzlicher Pflichten brauchen.<\/p><p>Informationen geben wir nur weiter, wenn gesetzliche Bestimmungen dies erfordern, Sie eingewilligt haben oder wir zur Erteilung einer Auskunft befugt sind.<\/p><p>Unter diesen Voraussetzungen k\u00f6nnen Empf\u00e4nger personenbezogener Daten z.B. \u00f6ffentliche Stellen und Institutionen (z. B. \u00c4mter, Finanzbeh\u00f6rden) bei Vorliegen einer gesetzlichen oder beh\u00f6rdlichen Verpflichtung sein. Weitere Datenempf\u00e4nger k\u00f6nnen diejenigen<\/p><p><strong>Werden Ihre Daten in ein Drittland oder an eine internationale Organisation \u00fcbermittelt?<\/strong><br \/>Eine Daten\u00fcbermittlung in Staaten au\u00dferhalb des Europ\u00e4ischen Wirtschaftsraums (Drittstaaten) findet nicht statt.<\/p>\t\t\t\t\t\t\t\t<\/div>\n\t\t\t\t<\/div>\n\t\t\t\t<\/div>\n\t\t<div class=\"elementor-element elementor-element-e272cde e-con-full e-flex e-con e-child\" data-id=\"e272cde\" data-element_type=\"container\" data-e-type=\"container\">\n\t\t\t\t<div class=\"elementor-element elementor-element-672ca2d elementor-widget elementor-widget-heading\" data-id=\"672ca2d\" data-element_type=\"widget\" data-e-type=\"widget\" data-widget_type=\"heading.default\">\n\t\t\t\t<div class=\"elementor-widget-container\">\n\t\t\t\t\t<h2 class=\"elementor-heading-title elementor-size-default\">Ihre Rechte<\/h2>\t\t\t\t<\/div>\n\t\t\t\t<\/div>\n\t\t\t\t<div class=\"elementor-element elementor-element-730ff1b elementor-widget elementor-widget-text-editor\" data-id=\"730ff1b\" data-element_type=\"widget\" data-e-type=\"widget\" data-widget_type=\"text-editor.default\">\n\t\t\t\t<div class=\"elementor-widget-container\">\n\t\t\t\t\t\t\t\t\t<div class=\"col-md-12 \"><div id=\"c3083\" class=\"frame frame-default frame-type-text frame-layout-0 frame-space-before-none frame-space-after-none\"><p>Sie haben ein Recht auf Auskunft (Art.15 DSGVO), Berichtigung (Art.16 DSGVO), L\u00f6schung (Art.17 DSGVO), Einschr\u00e4nkung der Verarbeitung (Art.18 DSGVO), Daten\u00fcbertragbarkeit (Art.20 DSGVO) sowie Widerspruch gegen die Verarbeitung (Art.21 DSGVO). Bitte kontaktieren Sie uns, wenn Sie diese Rechte aus\u00fcben m\u00f6chten.<\/p><p>Sie k\u00f6nnen Ihre Einwilligung im Sinne von Art.88 DSGVO i.V.m. \u00a7 26 Abs.2 S.1 BDSG jederzeit mit Wirkung f\u00fcr die Zukunft widerrufen. Hiervon wird die Rechtm\u00e4\u00dfigkeit der bis zu Ihrem Widerruf erfolgten Datenverarbeitung nicht ber\u00fchrt.<\/p><p>Wenn Sie der Ansicht sind, dass die Verarbeitung Ihrer personenbezogenen Daten gegen bestehende datenschutzrechtliche Vorschriften verst\u00f6\u00dft, k\u00f6nnen Sie sich unbeschadet anderweitiger Rechtsbehelfe bei einer Aufsichtsbeh\u00f6rde beschweren. Die Beschwerde k\u00f6nnen Sie insbesondere an eine Aufsichtsbeh\u00f6rde in dem Mitgliedstaat ihres Aufenthaltes, ihres Arbeitsplatzes oder dem Ort des mutma\u00dflichen Versto\u00dfes richten.<\/p><p>Wildau, den 24.07.2023<br \/>Human Resources (HR)<\/p><\/div><\/div>\t\t\t\t\t\t\t\t<\/div>\n\t\t\t\t<\/div>\n\t\t\t\t<\/div>\n\t\t\t\t\t<\/div>\n\t\t\t\t<\/div>\n\t\t\t\t<\/div>\n\t\t","protected":false},"excerpt":{"rendered":"<p>Datenverarbeitung Bewerbungsverfahren Wir m\u00f6chten Sie hiermit dar\u00fcber informieren, wie wir Ihre Daten verarbeiten. Name und Kontaktdaten verantwortliche Stelle AneCom AeroTest GmbHFreiheitstrasse 12215745 WildauDeutschland Tel.: +49 3375 9226 &#8211; 10Fax: +49 3375 9226 &#8211; 66www.anecom.de Welche Ihrer Daten nutzen wir und woher stammen Ihre Daten? Wir verarbeiten die Daten, die wir im Rahmen des Bewerbungsverfahrens von [&hellip;]<\/p>\n","protected":false},"author":1,"featured_media":0,"parent":0,"menu_order":0,"comment_status":"closed","ping_status":"closed","template":"","meta":{"_acf_changed":false,"footnotes":""},"class_list":["post-1732","page","type-page","status-publish","hentry"],"acf":[],"yoast_head":"<!-- This site is optimized with the Yoast SEO plugin v27.3 - https:\/\/yoast.com\/product\/yoast-seo-wordpress\/ -->\n<title>Datenverarbeitung Bewerbungsverfahren - AneCom<\/title>\n<meta name=\"robots\" content=\"index, follow, max-snippet:-1, max-image-preview:large, max-video-preview:-1\" \/>\n<link rel=\"canonical\" href=\"https:\/\/www.anecom.de\/de\/datenverarbeitung-bewerbungsverfahren\/\" \/>\n<meta property=\"og:locale\" content=\"de_DE\" \/>\n<meta property=\"og:type\" content=\"article\" \/>\n<meta property=\"og:title\" content=\"Datenverarbeitung Bewerbungsverfahren - AneCom\" \/>\n<meta property=\"og:description\" content=\"Datenverarbeitung Bewerbungsverfahren Wir m\u00f6chten Sie hiermit dar\u00fcber informieren, wie wir Ihre Daten verarbeiten. Name und Kontaktdaten verantwortliche Stelle AneCom AeroTest GmbHFreiheitstrasse 12215745 WildauDeutschland Tel.: +49 3375 9226 &#8211; 10Fax: +49 3375 9226 &#8211; 66www.anecom.de Welche Ihrer Daten nutzen wir und woher stammen Ihre Daten? Wir verarbeiten die Daten, die wir im Rahmen des Bewerbungsverfahrens von [&hellip;]\" \/>\n<meta property=\"og:url\" content=\"https:\/\/www.anecom.de\/de\/datenverarbeitung-bewerbungsverfahren\/\" \/>\n<meta property=\"og:site_name\" content=\"AneCom\" \/>\n<meta property=\"article:modified_time\" content=\"2025-04-01T11:27:57+00:00\" \/>\n<meta name=\"twitter:card\" content=\"summary_large_image\" \/>\n<meta name=\"twitter:label1\" content=\"Gesch\u00e4tzte Lesezeit\" \/>\n\t<meta name=\"twitter:data1\" content=\"3\u00a0Minuten\" \/>\n<script type=\"application\/ld+json\" class=\"yoast-schema-graph\">{\"@context\":\"https:\\\/\\\/schema.org\",\"@graph\":[{\"@type\":\"WebPage\",\"@id\":\"https:\\\/\\\/www.anecom.de\\\/de\\\/datenverarbeitung-bewerbungsverfahren\\\/\",\"url\":\"https:\\\/\\\/www.anecom.de\\\/de\\\/datenverarbeitung-bewerbungsverfahren\\\/\",\"name\":\"Datenverarbeitung Bewerbungsverfahren - AneCom\",\"isPartOf\":{\"@id\":\"https:\\\/\\\/www.anecom.de\\\/de\\\/#website\"},\"datePublished\":\"2025-01-15T12:03:15+00:00\",\"dateModified\":\"2025-04-01T11:27:57+00:00\",\"breadcrumb\":{\"@id\":\"https:\\\/\\\/www.anecom.de\\\/de\\\/datenverarbeitung-bewerbungsverfahren\\\/#breadcrumb\"},\"inLanguage\":\"de\",\"potentialAction\":[{\"@type\":\"ReadAction\",\"target\":[\"https:\\\/\\\/www.anecom.de\\\/de\\\/datenverarbeitung-bewerbungsverfahren\\\/\"]}]},{\"@type\":\"BreadcrumbList\",\"@id\":\"https:\\\/\\\/www.anecom.de\\\/de\\\/datenverarbeitung-bewerbungsverfahren\\\/#breadcrumb\",\"itemListElement\":[{\"@type\":\"ListItem\",\"position\":1,\"name\":\"Home\",\"item\":\"https:\\\/\\\/www.anecom.de\\\/de\\\/\"},{\"@type\":\"ListItem\",\"position\":2,\"name\":\"Datenverarbeitung Bewerbungsverfahren\"}]},{\"@type\":\"WebSite\",\"@id\":\"https:\\\/\\\/www.anecom.de\\\/de\\\/#website\",\"url\":\"https:\\\/\\\/www.anecom.de\\\/de\\\/\",\"name\":\"AneCom\",\"description\":\"\",\"publisher\":{\"@id\":\"https:\\\/\\\/www.anecom.de\\\/de\\\/#organization\"},\"potentialAction\":[{\"@type\":\"SearchAction\",\"target\":{\"@type\":\"EntryPoint\",\"urlTemplate\":\"https:\\\/\\\/www.anecom.de\\\/de\\\/?s={search_term_string}\"},\"query-input\":{\"@type\":\"PropertyValueSpecification\",\"valueRequired\":true,\"valueName\":\"search_term_string\"}}],\"inLanguage\":\"de\"},{\"@type\":\"Organization\",\"@id\":\"https:\\\/\\\/www.anecom.de\\\/de\\\/#organization\",\"name\":\"AneCom\",\"url\":\"https:\\\/\\\/www.anecom.de\\\/de\\\/\",\"logo\":{\"@type\":\"ImageObject\",\"inLanguage\":\"de\",\"@id\":\"https:\\\/\\\/www.anecom.de\\\/de\\\/#\\\/schema\\\/logo\\\/image\\\/\",\"url\":\"https:\\\/\\\/www.anecom.de\\\/wp-content\\\/uploads\\\/2025\\\/01\\\/AneCom-Logo.svg\",\"contentUrl\":\"https:\\\/\\\/www.anecom.de\\\/wp-content\\\/uploads\\\/2025\\\/01\\\/AneCom-Logo.svg\",\"width\":297,\"height\":55,\"caption\":\"AneCom\"},\"image\":{\"@id\":\"https:\\\/\\\/www.anecom.de\\\/de\\\/#\\\/schema\\\/logo\\\/image\\\/\"}}]}<\/script>\n<!-- \/ Yoast SEO plugin. -->","yoast_head_json":{"title":"Datenverarbeitung Bewerbungsverfahren - AneCom","robots":{"index":"index","follow":"follow","max-snippet":"max-snippet:-1","max-image-preview":"max-image-preview:large","max-video-preview":"max-video-preview:-1"},"canonical":"https:\/\/www.anecom.de\/de\/datenverarbeitung-bewerbungsverfahren\/","og_locale":"de_DE","og_type":"article","og_title":"Datenverarbeitung Bewerbungsverfahren - AneCom","og_description":"Datenverarbeitung Bewerbungsverfahren Wir m\u00f6chten Sie hiermit dar\u00fcber informieren, wie wir Ihre Daten verarbeiten. Name und Kontaktdaten verantwortliche Stelle AneCom AeroTest GmbHFreiheitstrasse 12215745 WildauDeutschland Tel.: +49 3375 9226 &#8211; 10Fax: +49 3375 9226 &#8211; 66www.anecom.de Welche Ihrer Daten nutzen wir und woher stammen Ihre Daten? Wir verarbeiten die Daten, die wir im Rahmen des Bewerbungsverfahrens von [&hellip;]","og_url":"https:\/\/www.anecom.de\/de\/datenverarbeitung-bewerbungsverfahren\/","og_site_name":"AneCom","article_modified_time":"2025-04-01T11:27:57+00:00","twitter_card":"summary_large_image","twitter_misc":{"Gesch\u00e4tzte Lesezeit":"3\u00a0Minuten"},"schema":{"@context":"https:\/\/schema.org","@graph":[{"@type":"WebPage","@id":"https:\/\/www.anecom.de\/de\/datenverarbeitung-bewerbungsverfahren\/","url":"https:\/\/www.anecom.de\/de\/datenverarbeitung-bewerbungsverfahren\/","name":"Datenverarbeitung Bewerbungsverfahren - AneCom","isPartOf":{"@id":"https:\/\/www.anecom.de\/de\/#website"},"datePublished":"2025-01-15T12:03:15+00:00","dateModified":"2025-04-01T11:27:57+00:00","breadcrumb":{"@id":"https:\/\/www.anecom.de\/de\/datenverarbeitung-bewerbungsverfahren\/#breadcrumb"},"inLanguage":"de","potentialAction":[{"@type":"ReadAction","target":["https:\/\/www.anecom.de\/de\/datenverarbeitung-bewerbungsverfahren\/"]}]},{"@type":"BreadcrumbList","@id":"https:\/\/www.anecom.de\/de\/datenverarbeitung-bewerbungsverfahren\/#breadcrumb","itemListElement":[{"@type":"ListItem","position":1,"name":"Home","item":"https:\/\/www.anecom.de\/de\/"},{"@type":"ListItem","position":2,"name":"Datenverarbeitung Bewerbungsverfahren"}]},{"@type":"WebSite","@id":"https:\/\/www.anecom.de\/de\/#website","url":"https:\/\/www.anecom.de\/de\/","name":"AneCom","description":"","publisher":{"@id":"https:\/\/www.anecom.de\/de\/#organization"},"potentialAction":[{"@type":"SearchAction","target":{"@type":"EntryPoint","urlTemplate":"https:\/\/www.anecom.de\/de\/?s={search_term_string}"},"query-input":{"@type":"PropertyValueSpecification","valueRequired":true,"valueName":"search_term_string"}}],"inLanguage":"de"},{"@type":"Organization","@id":"https:\/\/www.anecom.de\/de\/#organization","name":"AneCom","url":"https:\/\/www.anecom.de\/de\/","logo":{"@type":"ImageObject","inLanguage":"de","@id":"https:\/\/www.anecom.de\/de\/#\/schema\/logo\/image\/","url":"https:\/\/www.anecom.de\/wp-content\/uploads\/2025\/01\/AneCom-Logo.svg","contentUrl":"https:\/\/www.anecom.de\/wp-content\/uploads\/2025\/01\/AneCom-Logo.svg","width":297,"height":55,"caption":"AneCom"},"image":{"@id":"https:\/\/www.anecom.de\/de\/#\/schema\/logo\/image\/"}}]}},"_links":{"self":[{"href":"https:\/\/www.anecom.de\/de\/wp-json\/wp\/v2\/pages\/1732","targetHints":{"allow":["GET"]}}],"collection":[{"href":"https:\/\/www.anecom.de\/de\/wp-json\/wp\/v2\/pages"}],"about":[{"href":"https:\/\/www.anecom.de\/de\/wp-json\/wp\/v2\/types\/page"}],"author":[{"embeddable":true,"href":"https:\/\/www.anecom.de\/de\/wp-json\/wp\/v2\/users\/1"}],"replies":[{"embeddable":true,"href":"https:\/\/www.anecom.de\/de\/wp-json\/wp\/v2\/comments?post=1732"}],"version-history":[{"count":25,"href":"https:\/\/www.anecom.de\/de\/wp-json\/wp\/v2\/pages\/1732\/revisions"}],"predecessor-version":[{"id":4309,"href":"https:\/\/www.anecom.de\/de\/wp-json\/wp\/v2\/pages\/1732\/revisions\/4309"}],"wp:attachment":[{"href":"https:\/\/www.anecom.de\/de\/wp-json\/wp\/v2\/media?parent=1732"}],"curies":[{"name":"wp","href":"https:\/\/api.w.org\/{rel}","templated":true}]}}